{"id":9978,"date":"2026-01-12T19:47:06","date_gmt":"2026-01-12T18:47:06","guid":{"rendered":"https:\/\/familycancat.com\/?post_type=product&#038;p=9978"},"modified":"2026-04-14T17:12:20","modified_gmt":"2026-04-14T16:12:20","slug":"farmina-nd-cat-prime-pollo-y-granada-70-gr","status":"publish","type":"product","link":"https:\/\/familycancat.com\/en\/product\/farmina-nd-cat-prime-pollo-y-granada-70-gr\/","title":{"rendered":"Farmina ND Cat Prime Pollo y Granada 70 Gr"},"content":{"rendered":"<p><strong>Alimento h\u00famedo completo formulado especialmente para gatos adultos. Elaborado a base de pollo\u00a0y granada\u00a0cumpliendo los niveles nutricionales establecidos.<\/strong><\/p>\n<p><strong>Farmina\u00a0<\/strong>ha desarrollado una innovadora l\u00ednea para gatos:\u00a0<strong>Natural &amp; Delicious Prime Formula.\u00a0<\/strong>Se trata de una gama de alimentos libre de cereales, con un alto porcentaje de carne.<\/p>\n<p><strong>Composici\u00f3n:\u00a0<\/strong>Chicken, herring, eggs, sweet potatoes, herring oil, pomegranate, fructooligosaccharide, calcium carbonate, potassium chloride, vitamin A supplement, vitamin D3 supplement, vitamin E supplement, choline chloride, zinc methionine hydroxy analogue chelate, manganese methionine hydroxy analogue chelate, ferrous glycine complex, copper methionine hydroxy analogue chelate, DL-methionine, taurine, L-Carnitine.<\/p>\n<p><strong>Aditivos nutricionales:<\/strong>\u00a0Vitamina A 4000IU; Vitamina D3 400 UI; Vitamina E 130 mg; an\u00e1logo hidroxilado de metionina 200 mg de zinc quelado; metionina hidroxi an\u00e1logo manganeso quelado 40 mg; metionina hidroxi an\u00e1logo hierro quelado 70 mg; metionina an\u00e1logo hidroxi cobre quelado 16 mg; levadura selenizada inactivada 1,10 mg; DL-metionina 1000 mg; taurina 500 mg; L-Carnitina 50mg.<\/p>\n<p><strong>Componentes anal\u00edticos:<\/strong><\/p>\n<p>Prote\u00edna bruta (min) 11.00%; grasa cruda (min) 6,50%; fibra cruda (max) 0,70%; humedad (max) 78.00%; ceniza (max) 2.90%. ME calculada: 1182kcal \/ kg &#8211; 94.56kcal \/ can<\/p>\n<p>&nbsp;<\/p>","protected":false},"excerpt":{"rendered":"<p><strong>Alimento h\u00famedo completo formulado especialmente para gatos adultos. Elaborado a base de pollo\u00a0y granada\u00a0cumpliendo los niveles nutricionales establecidos.<\/strong><\/p>\n<p>&nbsp;<\/p>","protected":false},"featured_media":9979,"template":"","meta":[],"etheme_brands":[{"term_id":99,"name":"FARMINA","slug":"farmina","term_group":0,"term_taxonomy_id":99,"taxonomy":"brand","description":"","parent":0,"count":127,"filter":"raw"}],"product_cat":[96,25,83],"product_tag":[],"class_list":{"0":"post-9978","1":"product","2":"type-product","3":"status-publish","4":"has-post-thumbnail","6":"brand-farmina","7":"product_cat-todos-los-productos","8":"product_cat-gatos","9":"product_cat-comida-humeda-para-gatos","11":"first","12":"instock","13":"taxable","14":"shipping-taxable","15":"purchasable","16":"product-type-simple"},"jetpack_sharing_enabled":true,"_links":{"self":[{"href":"https:\/\/familycancat.com\/en\/wp-json\/wp\/v2\/product\/9978","targetHints":{"allow":["GET"]}}],"collection":[{"href":"https:\/\/familycancat.com\/en\/wp-json\/wp\/v2\/product"}],"about":[{"href":"https:\/\/familycancat.com\/en\/wp-json\/wp\/v2\/types\/product"}],"version-history":[{"count":1,"href":"https:\/\/familycancat.com\/en\/wp-json\/wp\/v2\/product\/9978\/revisions"}],"predecessor-version":[{"id":9980,"href":"https:\/\/familycancat.com\/en\/wp-json\/wp\/v2\/product\/9978\/revisions\/9980"}],"wp:featuredmedia":[{"embeddable":true,"href":"https:\/\/familycancat.com\/en\/wp-json\/wp\/v2\/media\/9979"}],"wp:attachment":[{"href":"https:\/\/familycancat.com\/en\/wp-json\/wp\/v2\/media?parent=9978"}],"wp:term":[{"taxonomy":"brand","embeddable":true,"href":"https:\/\/familycancat.com\/en\/wp-json\/wp\/v2\/etheme_brands?post=9978"},{"taxonomy":"product_cat","embeddable":true,"href":"https:\/\/familycancat.com\/en\/wp-json\/wp\/v2\/product_cat?post=9978"},{"taxonomy":"product_tag","embeddable":true,"href":"https:\/\/familycancat.com\/en\/wp-json\/wp\/v2\/product_tag?post=9978"}],"curies":[{"name":"wp","href":"https:\/\/api.w.org\/{rel}","templated":true}]}}