{"id":9528,"date":"2025-12-23T18:32:22","date_gmt":"2025-12-23T17:32:22","guid":{"rendered":"https:\/\/familycancat.com\/?post_type=product&#038;p=9528"},"modified":"2026-04-08T10:01:50","modified_gmt":"2026-04-08T09:01:50","slug":"woolf-chunkies-pato-100gr","status":"publish","type":"product","link":"https:\/\/familycancat.com\/en\/product\/woolf-chunkies-pato-100gr\/","title":{"rendered":"Woolf Chunkies Pato 100gr"},"content":{"rendered":"<div class=\"product-page-details__content is-short\">\n<div class=\"product-page-details__content is-short\">Woolf Bocaditos de Pato. Woolf Snacks Dados De Pato, sabroso snack para perros de tama\u00f1o peque\u00f1o y mediano elaborado con un 93% de pato, una carne con prote\u00ednas de calidad que aporta m\u00faltiples beneficios a tu mascota.<\/div>\n<div class=\"product-page-details__content is-long\">\n<ul>\n<li>Pato (93%), glicerina (0,5%), sorbitol (0,5%)Woolf Snacks Dados De Pato, sabroso snack para perros de tama\u00f1o peque\u00f1o y mediano elaborado con un 93% de pato, una carne con prote\u00ednas de calidad que aporta m\u00faltiples beneficios a tu mascota.<\/li>\n<li>Un snack sano y natural libre de conservantes, colorantes y aditivos qu\u00edmicos para garantizar la naturalidad del producto. Alimento complementario de gran valor nutricional, contiene hierro de f\u00e1cil absorci\u00f3n, zinc y f\u00f3sforo.<\/li>\n<li>Adem\u00e1s de m\u00faltiples vitaminas del grupo B como la tiamina, niacina, riboflavina y la vitamina B12.<br \/>\nUna carne magra rica en nutrientes que fortalecen el sistema inmunitario de tu mascota aumentando las defensas y reparando las c\u00e9lulas. Es perfecto para utilizar durante el adiestramiento.<\/li>\n<li>Woolf envasa sus snacks justo despu\u00e9s de su cocci\u00f3n junto con absorbente de ox\u00edgeno. As\u00ed garantiza que se conserven sus propiedades y frescura hasta ser consumido por el perro.<\/li>\n<li>Sus pr\u00e1cticos envases con zip permiten cerrar la bolsa herm\u00e9ticamente una vez abierta.<\/li>\n<li>Una vez abierto se debe guardar en el frigor\u00edfico un m\u00e1ximo de 7 d\u00edas.<\/li>\n<\/ul>\n<\/div>\n<\/div>","protected":false},"excerpt":{"rendered":"<p><strong>Snack natural Woolf dados de pato <\/strong><strong>para perros de cualquier edad o tama\u00f1o.<\/strong><\/p>","protected":false},"featured_media":9529,"template":"","meta":[],"etheme_brands":[{"term_id":109,"name":"WOOLF","slug":"woolf","term_group":0,"term_taxonomy_id":109,"taxonomy":"brand","description":"","parent":0,"count":26,"filter":"raw"}],"product_cat":[96,20,90],"product_tag":[],"class_list":{"0":"post-9528","1":"product","2":"type-product","3":"status-publish","4":"has-post-thumbnail","6":"brand-woolf","7":"product_cat-todos-los-productos","8":"product_cat-perros","9":"product_cat-snacks","11":"first","12":"outofstock","13":"taxable","14":"shipping-taxable","15":"purchasable","16":"product-type-simple"},"jetpack_sharing_enabled":true,"_links":{"self":[{"href":"https:\/\/familycancat.com\/en\/wp-json\/wp\/v2\/product\/9528","targetHints":{"allow":["GET"]}}],"collection":[{"href":"https:\/\/familycancat.com\/en\/wp-json\/wp\/v2\/product"}],"about":[{"href":"https:\/\/familycancat.com\/en\/wp-json\/wp\/v2\/types\/product"}],"version-history":[{"count":1,"href":"https:\/\/familycancat.com\/en\/wp-json\/wp\/v2\/product\/9528\/revisions"}],"predecessor-version":[{"id":9530,"href":"https:\/\/familycancat.com\/en\/wp-json\/wp\/v2\/product\/9528\/revisions\/9530"}],"wp:featuredmedia":[{"embeddable":true,"href":"https:\/\/familycancat.com\/en\/wp-json\/wp\/v2\/media\/9529"}],"wp:attachment":[{"href":"https:\/\/familycancat.com\/en\/wp-json\/wp\/v2\/media?parent=9528"}],"wp:term":[{"taxonomy":"brand","embeddable":true,"href":"https:\/\/familycancat.com\/en\/wp-json\/wp\/v2\/etheme_brands?post=9528"},{"taxonomy":"product_cat","embeddable":true,"href":"https:\/\/familycancat.com\/en\/wp-json\/wp\/v2\/product_cat?post=9528"},{"taxonomy":"product_tag","embeddable":true,"href":"https:\/\/familycancat.com\/en\/wp-json\/wp\/v2\/product_tag?post=9528"}],"curies":[{"name":"wp","href":"https:\/\/api.w.org\/{rel}","templated":true}]}}