{"id":9509,"date":"2025-12-05T19:06:17","date_gmt":"2025-12-05T18:06:17","guid":{"rendered":"https:\/\/familycancat.com\/?post_type=product&#038;p=9509"},"modified":"2026-03-24T11:15:59","modified_gmt":"2026-03-24T10:15:59","slug":"dogs-love-lata-bio-de-pollo-para-perros-800gr","status":"publish","type":"product","link":"https:\/\/familycancat.com\/en\/product\/dogs-love-lata-bio-de-pollo-para-perros-800gr\/","title":{"rendered":"Dog&#8217;s Love Lata Bio De Pollo para Perros 800GR"},"content":{"rendered":"<p>COMPOSICI\u00d3N: carne de pollo b\u00edo 61 %, zanahorias b\u00edo 10 %, apio b\u00edo 10 %, br\u00f3coli b\u00edo 8 %, semillas de trigo sarraceno b\u00edo 4 %, minerales, algas marinas, albahaca b\u00edo 0,3 %, aceite de girasol b\u00edo. | ADITIVOS\/KG: aditivos nutricionales: vit. A 2.025 UI, vit. D3 136 UI, cinc (como sulfato de cinc, monohidrato) 20 mg. | Men\u00fa natural de alimento completo de calidad alimentaria ecol\u00f3gica al 100 % de todas las materias primas |61 % de carne de pollo bio | Para perros adultos de todas las razas | Prote\u00edna bruta: Tambi\u00e9n apto para perros delicados con necesidades nutricionales especiales | El mejor sabor, controles m\u00e1s estrictos y ganader\u00eda biol\u00f3gica | Materias primas exentas de ingenier\u00eda gen\u00e9tica, prescindimos de pesticidas qu\u00edmicos sint\u00e9ticos | Fabricado en Austria con materias primas preferentemente regionales | Contiene vitaminas, minerales y oligoelementos | SIN: Gluten, cereales, az\u00facares a\u00f1adidos, soja, harina de huesos, despojos, colorantes ni conservantes. | Elaborado sin experimentaci\u00f3n animal ni manipulaci\u00f3n gen\u00e9tica.<\/p>","protected":false},"excerpt":{"rendered":"<p>Con esta comida h\u00fameda, solo se introducen en el cuenco ingredientes frescos procedentes de cultivos ecol\u00f3gicos controlados y de carne de ganader\u00eda biol\u00f3gica. Prote\u00ednas de alta calidad procedentes del pollo combinadas con muchas verduras y trigo sarraceno sin gluten para facilitar la digesti\u00f3n. El pienso completo se adapta perfectamente a las necesidades nutricionales de su perro.<\/p>","protected":false},"featured_media":9510,"template":"","meta":[],"etheme_brands":[{"term_id":136,"name":"DOG LOVE","slug":"dog-love","term_group":0,"term_taxonomy_id":136,"taxonomy":"brand","description":"","parent":0,"count":29,"filter":"raw"}],"product_cat":[96,20,89],"product_tag":[],"class_list":{"0":"post-9509","1":"product","2":"type-product","3":"status-publish","4":"has-post-thumbnail","6":"brand-dog-love","7":"product_cat-todos-los-productos","8":"product_cat-perros","9":"product_cat-comida-humeda-para-perros","11":"first","12":"instock","13":"taxable","14":"shipping-taxable","15":"purchasable","16":"product-type-simple"},"jetpack_sharing_enabled":true,"_links":{"self":[{"href":"https:\/\/familycancat.com\/en\/wp-json\/wp\/v2\/product\/9509","targetHints":{"allow":["GET"]}}],"collection":[{"href":"https:\/\/familycancat.com\/en\/wp-json\/wp\/v2\/product"}],"about":[{"href":"https:\/\/familycancat.com\/en\/wp-json\/wp\/v2\/types\/product"}],"version-history":[{"count":1,"href":"https:\/\/familycancat.com\/en\/wp-json\/wp\/v2\/product\/9509\/revisions"}],"predecessor-version":[{"id":9511,"href":"https:\/\/familycancat.com\/en\/wp-json\/wp\/v2\/product\/9509\/revisions\/9511"}],"wp:featuredmedia":[{"embeddable":true,"href":"https:\/\/familycancat.com\/en\/wp-json\/wp\/v2\/media\/9510"}],"wp:attachment":[{"href":"https:\/\/familycancat.com\/en\/wp-json\/wp\/v2\/media?parent=9509"}],"wp:term":[{"taxonomy":"brand","embeddable":true,"href":"https:\/\/familycancat.com\/en\/wp-json\/wp\/v2\/etheme_brands?post=9509"},{"taxonomy":"product_cat","embeddable":true,"href":"https:\/\/familycancat.com\/en\/wp-json\/wp\/v2\/product_cat?post=9509"},{"taxonomy":"product_tag","embeddable":true,"href":"https:\/\/familycancat.com\/en\/wp-json\/wp\/v2\/product_tag?post=9509"}],"curies":[{"name":"wp","href":"https:\/\/api.w.org\/{rel}","templated":true}]}}