{"id":9506,"date":"2025-12-05T18:55:33","date_gmt":"2025-12-05T17:55:33","guid":{"rendered":"https:\/\/familycancat.com\/?post_type=product&#038;p=9506"},"modified":"2026-03-27T20:38:16","modified_gmt":"2026-03-27T19:38:16","slug":"farmina-nd-cat-quinoa-skin-coat-pato-80-gr","status":"publish","type":"product","link":"https:\/\/familycancat.com\/en\/product\/farmina-nd-cat-quinoa-skin-coat-pato-80-gr\/","title":{"rendered":"Farmina ND Cat Quinoa Skin &#038; Coat Pato 80 Gr"},"content":{"rendered":"<p>Farmina ha desarrollado una innovadora l\u00ednea para gatos:\u00a0<strong>Natural &amp; Delicious Quinoa Formula<\/strong>. Se trata de una gama de alimentos libre de cereales, con un alto porcentaje de ingredientes de origen animal (hasta un 96%) y quinoa procedente de granjas ecol\u00f3gicas de Italia.<\/p>\n<p>La quinoa es una fuente de energ\u00eda que permite mantener un bajo \u00edndice gluc\u00e9mico, favorece una digesti\u00f3n \u00f3ptima y saludable al ser fuente de fibra y aporta antioxidantes naturales. N&amp;D Quinoa est\u00e1 disponible en diversas f\u00f3rmulas y todas ellas garantizan un aporte natural de frutas y vegetales con alto valor nutricional. La quinoa se considera un alimento con gran n\u00famero de propiedades beneficiosas que contribuyen al bienestar de la mascota. En determinadas situaciones, tanto fisiol\u00f3gicas como patol\u00f3gicas, este tipo de soporte nutricional puede ser necesario y \u00fatil:<\/p>\n<p>&nbsp;<\/p>\n<p><strong>Composici\u00f3n:<\/strong>\u00a0Pato,\u00a0quinoa, aceite de arenque, coco, fructooligosac\u00e1rido, carbonato de calcio, cloruro de potasio, suplemento de vitamina A, suplemento de vitamina D3, suplemento de vitamina E, cloruro de colina, cinc metionina hidroxi quelato an\u00e1logo, manganeso metionina hidroxi an\u00e1logo quelato, ferroso glicina complejo, cobre metionina hidroxi an\u00e1logo de quelato, DL-metionina, taurina, L-carnitina.<\/p>\n<p><strong>Aditivos nutricionales:<\/strong>\u00a0Vitamina A 4800IU; Vitamina D3 320IU; Vitamina E 160 mg; an\u00e1logo hidroxilado de metionina 200 mg de zinc quelado; metionina hidroxi an\u00e1logo manganeso quelado 40 mg; metionina hidroxi an\u00e1logo hierro quelado 70 mg; metionina an\u00e1logo hidroxi cobre quelado 16 mg; DL-metionina 2300 mg; taurina 800mg; L-Carnitina 150 mg. Aditivos organol\u00e9pticos: extracto de t\u00e9 verde 50mg.<\/p>\n<p>Componentes anal\u00edticos:<br \/>\nProte\u00edna bruta (min) 10,50%; grasa cruda (min) 3,80%; fibra cruda (max) 0,80%; humedad (max) 78.00%; ceniza (max) 3.30%.<\/p>\n<p>&nbsp;<\/p>\n<p><strong>Presentaci\u00f3n: 80gr.<\/strong><\/p>","protected":false},"excerpt":{"rendered":"<p>Alimento h\u00famedo completo formulado especialmente para gatos indicada para sensibilidad alimentaria y para mejorar y prevenir la salud de piel y pelo.\u00a0Elaborado a base de codorniz\u00a0y quinoa cumpliendo los niveles nutricionales establecidos.<\/p>","protected":false},"featured_media":9507,"template":"","meta":[],"etheme_brands":[{"term_id":99,"name":"FARMINA","slug":"farmina","term_group":0,"term_taxonomy_id":99,"taxonomy":"brand","description":"","parent":0,"count":127,"filter":"raw"}],"product_cat":[96,25,83],"product_tag":[],"class_list":{"0":"post-9506","1":"product","2":"type-product","3":"status-publish","4":"has-post-thumbnail","6":"brand-farmina","7":"product_cat-todos-los-productos","8":"product_cat-gatos","9":"product_cat-comida-humeda-para-gatos","11":"first","12":"instock","13":"taxable","14":"shipping-taxable","15":"purchasable","16":"product-type-simple"},"jetpack_sharing_enabled":true,"_links":{"self":[{"href":"https:\/\/familycancat.com\/en\/wp-json\/wp\/v2\/product\/9506","targetHints":{"allow":["GET"]}}],"collection":[{"href":"https:\/\/familycancat.com\/en\/wp-json\/wp\/v2\/product"}],"about":[{"href":"https:\/\/familycancat.com\/en\/wp-json\/wp\/v2\/types\/product"}],"version-history":[{"count":1,"href":"https:\/\/familycancat.com\/en\/wp-json\/wp\/v2\/product\/9506\/revisions"}],"predecessor-version":[{"id":9508,"href":"https:\/\/familycancat.com\/en\/wp-json\/wp\/v2\/product\/9506\/revisions\/9508"}],"wp:featuredmedia":[{"embeddable":true,"href":"https:\/\/familycancat.com\/en\/wp-json\/wp\/v2\/media\/9507"}],"wp:attachment":[{"href":"https:\/\/familycancat.com\/en\/wp-json\/wp\/v2\/media?parent=9506"}],"wp:term":[{"taxonomy":"brand","embeddable":true,"href":"https:\/\/familycancat.com\/en\/wp-json\/wp\/v2\/etheme_brands?post=9506"},{"taxonomy":"product_cat","embeddable":true,"href":"https:\/\/familycancat.com\/en\/wp-json\/wp\/v2\/product_cat?post=9506"},{"taxonomy":"product_tag","embeddable":true,"href":"https:\/\/familycancat.com\/en\/wp-json\/wp\/v2\/product_tag?post=9506"}],"curies":[{"name":"wp","href":"https:\/\/api.w.org\/{rel}","templated":true}]}}