{"id":9500,"date":"2025-12-05T13:09:03","date_gmt":"2025-12-05T12:09:03","guid":{"rendered":"https:\/\/familycancat.com\/?post_type=product&#038;p=9500"},"modified":"2026-03-24T18:19:40","modified_gmt":"2026-03-24T17:19:40","slug":"dibaq-sense-pescado-blanco-y-atun-lata-humedo-380-gr","status":"publish","type":"product","link":"https:\/\/familycancat.com\/en\/product\/dibaq-sense-pescado-blanco-y-atun-lata-humedo-380-gr\/","title":{"rendered":"Dibaq Sense Pescado blanco y At\u00fan Lata H\u00famedo 380 Gr"},"content":{"rendered":"<p>Dibaq Sense Adulto Pescado Blanco y At\u00fan es un alimento h\u00famedo completo, natural e hipoalerg\u00e9nico, especialmente formulado para perros adultos de todas las razas con sensibilidad digestiva. Elaborado sin cereales, sin carne y solo con pescado fresco como fuente principal de prote\u00edna animal, es ideal para dietas de exclusi\u00f3n, perros con intolerancias o alergias alimentarias. Su receta incluye 80% de pescado fresco (40% pescado blanco + 40% at\u00fan), acompa\u00f1ado de vegetales, frutas y plantas funcionales de origen 100% natural.<\/p>\n<p>&nbsp;<\/p>\n<p>Adem\u00e1s, esta f\u00f3rmula incorpora aceite de salm\u00f3n rico en Omega 3 y 6, un pack protector articular con condroitina, glucosamina y MSM, y una selecci\u00f3n de plantas arom\u00e1ticas con propiedades antioxidantes como el romero, el or\u00e9gano y el tomillo. Enriquecido con vitaminas y minerales esenciales, su textura h\u00fameda y sabrosa ayuda a mantener una hidrataci\u00f3n \u00f3ptima, facilita la digesti\u00f3n y mejora la palatabilidad. Todo ello, con ingredientes aptos para el consumo humano, sin colorantes ni conservantes artificiales. Perfecto para quienes buscan una nutrici\u00f3n hol\u00edstica, limpia y funcional para su perro.<\/p>\n<p>&nbsp;<\/p>\n<p>Composici\u00f3n<\/p>\n<p>Pescados frescos 80% (40% pescado blanco y 40% at\u00fan) Patata yVerduras y frutas frescas 3% (champi\u00f1\u00f3n*, papaya* y manzana*).Aceite de salm\u00f3n 1% (fuente de \u00e1cidos grasos omega 3 y 6)Pack protector articular 0,5% (condroitina sulfato, glucosamina clorhidrato y MSM).Sustancias minerales. Plantas arom\u00e1ticas con propiedades antioxidantes naturales 0,02% (romero*, tomillo* y or\u00e9gano*)<\/p>\n<p>Componentes anal\u00edticos<\/p>\n<p>Prote\u00edna bruta: 12,3%,Grasa bruta: 3,8%,Fibra bruta: 0,6%,Materia inorg\u00e1nica: 1,8%,Humedad: 78%,Energ\u00eda metabolizable: 876 kcal\/kg<\/p>\n<p>Aditivos<\/p>\n<p>Vitaminas: Vitamina A: 3.000 UI Vitamina D3: 300 UI Vitamina E (acetato de todo-rac-\u03b1-tocoferilo): 16 mg Oligoelementos: Hierro: 1,4 mg (como carbonato de hierro (II)) Yodo: 0,3 mg (como yodato de calcio anhidro) Cobre: 1,3 mg (como sulfato de cobre (II) pentahidratado) Manganeso: 5 mg (como \u00f3xido de manganeso (II)) Zinc: 20 mg (como \u00f3xido de zinc) Selenio: 0,02 mg (como selenito s\u00f3dico) Aditivos tecnol\u00f3gicos: Gelificantes<\/p>\n<p>Modo de empleo<\/p>\n<p>El perro deber\u00e1 contar siempre con agua abundante a libre disposici\u00f3n. Mantener el envase en un lugar fresco y seco. Una vez abierto conservar en el frigor\u00edfico y consumir en 48 horas.<\/p>","protected":false},"excerpt":{"rendered":"<div id=\"product-description-short-5796\" class=\"product-description\">\n<div class=\"lead\">\n<p>Alimento completo hipoalerg\u00e9nico elaborado sin cereales y sin carnes, s\u00f3lo con pescado, para perros adultos de todas las razas con digestiones sensibles. Elaborado con ingredientes en su origen de consumo humano.<\/p>\n<\/div>\n<\/div>","protected":false},"featured_media":9501,"template":"","meta":[],"etheme_brands":[{"term_id":127,"name":"SENSE","slug":"sense","term_group":0,"term_taxonomy_id":127,"taxonomy":"brand","description":"","parent":0,"count":20,"filter":"raw"}],"product_cat":[96,20,89],"product_tag":[],"class_list":{"0":"post-9500","1":"product","2":"type-product","3":"status-publish","4":"has-post-thumbnail","6":"brand-sense","7":"product_cat-todos-los-productos","8":"product_cat-perros","9":"product_cat-comida-humeda-para-perros","11":"first","12":"instock","13":"taxable","14":"shipping-taxable","15":"purchasable","16":"product-type-simple"},"jetpack_sharing_enabled":true,"_links":{"self":[{"href":"https:\/\/familycancat.com\/en\/wp-json\/wp\/v2\/product\/9500","targetHints":{"allow":["GET"]}}],"collection":[{"href":"https:\/\/familycancat.com\/en\/wp-json\/wp\/v2\/product"}],"about":[{"href":"https:\/\/familycancat.com\/en\/wp-json\/wp\/v2\/types\/product"}],"version-history":[{"count":1,"href":"https:\/\/familycancat.com\/en\/wp-json\/wp\/v2\/product\/9500\/revisions"}],"predecessor-version":[{"id":9502,"href":"https:\/\/familycancat.com\/en\/wp-json\/wp\/v2\/product\/9500\/revisions\/9502"}],"wp:featuredmedia":[{"embeddable":true,"href":"https:\/\/familycancat.com\/en\/wp-json\/wp\/v2\/media\/9501"}],"wp:attachment":[{"href":"https:\/\/familycancat.com\/en\/wp-json\/wp\/v2\/media?parent=9500"}],"wp:term":[{"taxonomy":"brand","embeddable":true,"href":"https:\/\/familycancat.com\/en\/wp-json\/wp\/v2\/etheme_brands?post=9500"},{"taxonomy":"product_cat","embeddable":true,"href":"https:\/\/familycancat.com\/en\/wp-json\/wp\/v2\/product_cat?post=9500"},{"taxonomy":"product_tag","embeddable":true,"href":"https:\/\/familycancat.com\/en\/wp-json\/wp\/v2\/product_tag?post=9500"}],"curies":[{"name":"wp","href":"https:\/\/api.w.org\/{rel}","templated":true}]}}