{"id":9483,"date":"2025-11-25T10:40:34","date_gmt":"2025-11-25T09:40:34","guid":{"rendered":"https:\/\/familycancat.com\/?post_type=product&#038;p=9483"},"modified":"2026-01-04T20:20:24","modified_gmt":"2026-01-04T19:20:24","slug":"amanova-gf-adult-exigent-iberian-pork-2-kg","status":"publish","type":"product","link":"https:\/\/familycancat.com\/en\/product\/amanova-gf-adult-exigent-iberian-pork-2-kg\/","title":{"rendered":"Amanova GF Adult Exigent Iberian pork 2 kg"},"content":{"rendered":"<p class=\"paragraph-hightlighted\">Amanova Adult Exigent es un\u00a0<strong>pienso sin cereales<\/strong>\u00a0para perros adultos de cualquier raza, especialmente para aquellos que tienen apetitos dif\u00edciles. Preparado con carne fresca de cerdo ib\u00e9rico como \u00fanica fuente animal, es ideal para evitar alergias e intolerancias alimentarias. Su delicioso aroma y exquisito sabor, deleitar\u00e1n a los perros m\u00e1s sibaritas.<\/p>\n<p>La f\u00f3rmula especial de \u00e9sta deliciosa\u00a0<strong>comida para perros<\/strong>\u00a0tiene una gran aceptaci\u00f3n, incluye nutrientes especiales como calabaza, naranja y jengibre que potenciar\u00e1n su sistema inmunitario y favorecer\u00e1n la digesti\u00f3n, los \u00e1cidos grasos favorecer\u00e1n la salud de su piel, pelo y mucosas.<\/p>\n<p>Amanova Adult Exigent Pork es una receta exclusiva que no contiene harinas de carne ni carnes deshidratadas, es la elecci\u00f3n m\u00e1s fresca y saludable para conquistar el paladar de tu mejor amigo.<\/p>\n<p><strong>COMPOSICI\u00d3N:<\/strong>\u00a0Cerdo ib\u00e9rico fresco 52%, patata, guisantes, manzana, aceite de pollo, calabaza, hidrolizado de h\u00edgado de cerdo, levaduras, prote\u00edna de patata, chiriv\u00eda 1%, sustancias minerales, naranja 0,30%, aceite de pescado, jengibre 0,10%, glucosamina, inulina (FOS) 0,10%, manano-oligosac\u00e1ridos (MOS) 0,10%, Yucca schidigera, sulfato de condroitina.<\/p>\n<p><strong>COMPONENTES ANAL\u00cdTICOS:\u00a0<\/strong>Prote\u00edna bruta 26%, Grasa bruta 16%, \u00c1cidos grasos omega-3 0,3%, \u00c1cidos grasos omega-6 2,7%, Fibras brutas 4%, Ceniza bruta 8%, Calcio 1,4%, F\u00f3sforo 1%, Energ\u00eda metabolizable 3850 kcal\/kg<\/p>\n<p><strong>ADITIVOS NUTRICIONALES:<\/strong>\u00a0Vitamina A 18500 UI\/kg, vitamina D3 1700 UI\/kg, vitamina E 400 mg\/kg, vitamina C 100 mg\/kg, hierro (quelato de hierro (II) de amino\u00e1cidos, hidratado) 63 mg\/kg, cobre (quelato de cobre (II) de amino\u00e1cidos, hidratado) 5 mg\/kg, manganeso (quelato de manganeso de amino\u00e1cidos, hidratado) 24 mg\/kg, zinc (quelato de zinc de amino\u00e1cidos, hidratado) 85 mg\/kg, selenio (L-seleniometionina) 0,20 mg\/kg, taurina 300 mg\/kg, L-carnitina 50 mg\/kg.<\/p>\n<p><strong>ADITIVOS TECNOL\u00d3GICOS:<\/strong>\u00a0Antioxidantes: extractos de tocoferol de aceites vegetales.<\/p>","protected":false},"excerpt":{"rendered":"<p>Solo disponible en tienda<\/p>","protected":false},"featured_media":9485,"template":"","meta":[],"etheme_brands":[{"term_id":147,"name":"AMANOVA","slug":"amanova","term_group":0,"term_taxonomy_id":147,"taxonomy":"brand","description":"","parent":0,"count":6,"filter":"raw"}],"product_cat":[96,20,88,132],"product_tag":[],"class_list":{"0":"post-9483","1":"product","2":"type-product","3":"status-publish","4":"has-post-thumbnail","6":"brand-amanova","7":"product_cat-todos-los-productos","8":"product_cat-perros","9":"product_cat-pienso-para-perros","10":"product_cat-pienso-perro-adulto-raza-mediana-grande","12":"first","13":"onbackorder","14":"taxable","15":"shipping-taxable","16":"purchasable","17":"product-type-simple"},"jetpack_sharing_enabled":true,"_links":{"self":[{"href":"https:\/\/familycancat.com\/en\/wp-json\/wp\/v2\/product\/9483","targetHints":{"allow":["GET"]}}],"collection":[{"href":"https:\/\/familycancat.com\/en\/wp-json\/wp\/v2\/product"}],"about":[{"href":"https:\/\/familycancat.com\/en\/wp-json\/wp\/v2\/types\/product"}],"version-history":[{"count":3,"href":"https:\/\/familycancat.com\/en\/wp-json\/wp\/v2\/product\/9483\/revisions"}],"predecessor-version":[{"id":9572,"href":"https:\/\/familycancat.com\/en\/wp-json\/wp\/v2\/product\/9483\/revisions\/9572"}],"wp:featuredmedia":[{"embeddable":true,"href":"https:\/\/familycancat.com\/en\/wp-json\/wp\/v2\/media\/9485"}],"wp:attachment":[{"href":"https:\/\/familycancat.com\/en\/wp-json\/wp\/v2\/media?parent=9483"}],"wp:term":[{"taxonomy":"brand","embeddable":true,"href":"https:\/\/familycancat.com\/en\/wp-json\/wp\/v2\/etheme_brands?post=9483"},{"taxonomy":"product_cat","embeddable":true,"href":"https:\/\/familycancat.com\/en\/wp-json\/wp\/v2\/product_cat?post=9483"},{"taxonomy":"product_tag","embeddable":true,"href":"https:\/\/familycancat.com\/en\/wp-json\/wp\/v2\/product_tag?post=9483"}],"curies":[{"name":"wp","href":"https:\/\/api.w.org\/{rel}","templated":true}]}}