{"id":9464,"date":"2025-11-17T12:44:09","date_gmt":"2025-11-17T11:44:09","guid":{"rendered":"https:\/\/familycancat.com\/?post_type=product&#038;p=9464"},"modified":"2025-11-17T12:49:01","modified_gmt":"2025-11-17T11:49:01","slug":"bubimex-snack-para-gatos-de-salmon-y-atun","status":"publish","type":"product","link":"https:\/\/familycancat.com\/en\/product\/bubimex-snack-para-gatos-de-salmon-y-atun\/","title":{"rendered":"Bubimex Snack para Gatos de Salm\u00f3n y At\u00fan"},"content":{"rendered":"<p>BUBIMEX CREAMY PAVO KRILL es un alimento complementario para gatos. Perfectos para recompensar a su gato, los snacks cremosos Bubimex son ligeros e hidratantes, gracias a su textura cremosa, pueden lamerse f\u00e1cilmente directamente del envase. Adem\u00e1s, la ra\u00edz de achicoria, gracias a su efecto prebi\u00f3tico, contribuye a una mejor salud intestinal y una digesti\u00f3n m\u00e1s eficiente.<\/p>\n<p>Recomendaci\u00f3n de alimentaci\u00f3n: Una vez abiertos, los Creamy Snacks deben guardarse en el frigor\u00edfico. Aseg\u00farese de que su gato no mastica ni se traga el material del envase.<\/p>\n<p>Composici\u00f3n: Pavo 50 %, aceite de girasol 8 %, krill 5 %, almid\u00f3n de tapioca 2 %<\/p>","protected":false},"excerpt":{"rendered":"<p>BUBIMEX CREAMY PAVO KRILL es un alimento complementario para gatos. Perfectos para recompensar a su gato, los snacks cremosos Bubimex son ligeros e hidratantes, gracias&#8230;<\/p>","protected":false},"featured_media":9465,"template":"","meta":[],"etheme_brands":[{"term_id":105,"name":"BUBIMEX","slug":"bubimex","term_group":0,"term_taxonomy_id":105,"taxonomy":"brand","description":"","parent":0,"count":52,"filter":"raw"}],"product_cat":[96,25,83],"product_tag":[],"class_list":{"0":"post-9464","1":"product","2":"type-product","3":"status-publish","4":"has-post-thumbnail","6":"brand-bubimex","7":"product_cat-todos-los-productos","8":"product_cat-gatos","9":"product_cat-comida-humeda-para-gatos","11":"first","12":"instock","13":"taxable","14":"shipping-taxable","15":"purchasable","16":"product-type-simple"},"jetpack_sharing_enabled":true,"_links":{"self":[{"href":"https:\/\/familycancat.com\/en\/wp-json\/wp\/v2\/product\/9464","targetHints":{"allow":["GET"]}}],"collection":[{"href":"https:\/\/familycancat.com\/en\/wp-json\/wp\/v2\/product"}],"about":[{"href":"https:\/\/familycancat.com\/en\/wp-json\/wp\/v2\/types\/product"}],"version-history":[{"count":1,"href":"https:\/\/familycancat.com\/en\/wp-json\/wp\/v2\/product\/9464\/revisions"}],"predecessor-version":[{"id":9466,"href":"https:\/\/familycancat.com\/en\/wp-json\/wp\/v2\/product\/9464\/revisions\/9466"}],"wp:featuredmedia":[{"embeddable":true,"href":"https:\/\/familycancat.com\/en\/wp-json\/wp\/v2\/media\/9465"}],"wp:attachment":[{"href":"https:\/\/familycancat.com\/en\/wp-json\/wp\/v2\/media?parent=9464"}],"wp:term":[{"taxonomy":"brand","embeddable":true,"href":"https:\/\/familycancat.com\/en\/wp-json\/wp\/v2\/etheme_brands?post=9464"},{"taxonomy":"product_cat","embeddable":true,"href":"https:\/\/familycancat.com\/en\/wp-json\/wp\/v2\/product_cat?post=9464"},{"taxonomy":"product_tag","embeddable":true,"href":"https:\/\/familycancat.com\/en\/wp-json\/wp\/v2\/product_tag?post=9464"}],"curies":[{"name":"wp","href":"https:\/\/api.w.org\/{rel}","templated":true}]}}