{"id":9458,"date":"2025-11-17T12:25:51","date_gmt":"2025-11-17T11:25:51","guid":{"rendered":"https:\/\/familycancat.com\/?post_type=product&#038;p=9458"},"modified":"2026-03-11T19:21:20","modified_gmt":"2026-03-11T18:21:20","slug":"bubimex-snack-para-gatos-inmunidad-de-salmon-y-calostro-bovino","status":"publish","type":"product","link":"https:\/\/familycancat.com\/en\/product\/bubimex-snack-para-gatos-inmunidad-de-salmon-y-calostro-bovino\/","title":{"rendered":"Bubimex Snack para Gatos Inmunidad de Salm\u00f3n y Calostro Bovino"},"content":{"rendered":"<p>BUBIMEX CREAMY SALM\u00d3N Y CALOSTRO DE BUEY es un alimento complementario para gatos. Perfectos para recompensar a su gato, los snacks cremosos Bubimex son ligeros e hidratantes, gracias a su textura cremosa, pueden lamerse f\u00e1cilmente directamente del envase. Adem\u00e1s, la ra\u00edz de achicoria, gracias a su efecto prebi\u00f3tico, contribuye a una mejor salud intestinal y una digesti\u00f3n m\u00e1s eficiente.<\/p>\n<p>Recomendaci\u00f3n de alimentaci\u00f3n: Una vez abiertos, los Creamy Snacks deben guardarse en el frigor\u00edfico. Aseg\u00farese de que su gato no mastica ni se traga el material del envase.<\/p>\n<p>Composici\u00f3n: Salm\u00f3n 40 %, calostro bovino en polvo 1 %, almid\u00f3n de tapioca 2 %, aceite de pescado 2 %, extracto de t\u00e9 verde 0,1 %<\/p>","protected":false},"excerpt":{"rendered":"<p>BUBIMEX CREAMY SALM\u00d3N Y CALOSTRO DE BUEY es un alimento complementario para gatos. Perfectos para recompensar a su gato, los snacks cremosos Bubimex son ligeros&#8230;<\/p>","protected":false},"featured_media":9459,"template":"","meta":[],"etheme_brands":[{"term_id":105,"name":"BUBIMEX","slug":"bubimex","term_group":0,"term_taxonomy_id":105,"taxonomy":"brand","description":"","parent":0,"count":52,"filter":"raw"}],"product_cat":[96,25,83],"product_tag":[],"class_list":{"0":"post-9458","1":"product","2":"type-product","3":"status-publish","4":"has-post-thumbnail","6":"brand-bubimex","7":"product_cat-todos-los-productos","8":"product_cat-gatos","9":"product_cat-comida-humeda-para-gatos","11":"first","12":"instock","13":"taxable","14":"shipping-taxable","15":"purchasable","16":"product-type-simple"},"jetpack_sharing_enabled":true,"_links":{"self":[{"href":"https:\/\/familycancat.com\/en\/wp-json\/wp\/v2\/product\/9458","targetHints":{"allow":["GET"]}}],"collection":[{"href":"https:\/\/familycancat.com\/en\/wp-json\/wp\/v2\/product"}],"about":[{"href":"https:\/\/familycancat.com\/en\/wp-json\/wp\/v2\/types\/product"}],"version-history":[{"count":1,"href":"https:\/\/familycancat.com\/en\/wp-json\/wp\/v2\/product\/9458\/revisions"}],"predecessor-version":[{"id":9460,"href":"https:\/\/familycancat.com\/en\/wp-json\/wp\/v2\/product\/9458\/revisions\/9460"}],"wp:featuredmedia":[{"embeddable":true,"href":"https:\/\/familycancat.com\/en\/wp-json\/wp\/v2\/media\/9459"}],"wp:attachment":[{"href":"https:\/\/familycancat.com\/en\/wp-json\/wp\/v2\/media?parent=9458"}],"wp:term":[{"taxonomy":"brand","embeddable":true,"href":"https:\/\/familycancat.com\/en\/wp-json\/wp\/v2\/etheme_brands?post=9458"},{"taxonomy":"product_cat","embeddable":true,"href":"https:\/\/familycancat.com\/en\/wp-json\/wp\/v2\/product_cat?post=9458"},{"taxonomy":"product_tag","embeddable":true,"href":"https:\/\/familycancat.com\/en\/wp-json\/wp\/v2\/product_tag?post=9458"}],"curies":[{"name":"wp","href":"https:\/\/api.w.org\/{rel}","templated":true}]}}