{"id":9452,"date":"2025-11-17T12:07:05","date_gmt":"2025-11-17T11:07:05","guid":{"rendered":"https:\/\/familycancat.com\/?post_type=product&#038;p=9452"},"modified":"2026-04-15T19:16:44","modified_gmt":"2026-04-15T18:16:44","slug":"bubimex-snack-para-gatos-creamy-skincoat-de-salmon-y-krill","status":"publish","type":"product","link":"https:\/\/familycancat.com\/en\/product\/bubimex-snack-para-gatos-creamy-skincoat-de-salmon-y-krill\/","title":{"rendered":"Bubimex Snack para Gatos Creamy Skin&#038;Coat de Salmon y Krill"},"content":{"rendered":"<p>BUBIMEX CREAMY SALM\u00d3N es un alimento complementario para gatos. Perfectos para recompensar a su gato, los snacks cremosos Bubimex son ligeros e hidratantes, gracias a su textura cremosa, pueden lamerse f\u00e1cilmente directamente del envase. Adem\u00e1s, la ra\u00edz de achicoria, gracias a su efecto prebi\u00f3tico, contribuye a una mejor salud intestinal y una digesti\u00f3n m\u00e1s eficiente.<\/p>\n<p>Recomendaci\u00f3n de alimentaci\u00f3n: Una vez abiertos, los Creamy Snacks deben guardarse en el frigor\u00edfico. Aseg\u00farese de que su gato no mastica ni se traga el material del envase.<\/p>\n<p>Composici\u00f3n: Salm\u00f3n 40 %, Krill 15 %, huevas de pescado 5 %, huevo 2 %, vieira 2 %, almid\u00f3n de tapioca 2 %<\/p>","protected":false},"excerpt":{"rendered":"<p>BUBIMEX CREAMY SALM\u00d3N es un alimento complementario para gatos. Perfectos para recompensar a su gato, los snacks cremosos Bubimex son ligeros e hidratantes, gracias a&#8230;<\/p>","protected":false},"featured_media":9453,"template":"","meta":[],"etheme_brands":[{"term_id":105,"name":"BUBIMEX","slug":"bubimex","term_group":0,"term_taxonomy_id":105,"taxonomy":"brand","description":"","parent":0,"count":52,"filter":"raw"}],"product_cat":[96,25,83],"product_tag":[],"class_list":{"0":"post-9452","1":"product","2":"type-product","3":"status-publish","4":"has-post-thumbnail","6":"brand-bubimex","7":"product_cat-todos-los-productos","8":"product_cat-gatos","9":"product_cat-comida-humeda-para-gatos","11":"first","12":"instock","13":"taxable","14":"shipping-taxable","15":"purchasable","16":"product-type-simple"},"jetpack_sharing_enabled":true,"_links":{"self":[{"href":"https:\/\/familycancat.com\/en\/wp-json\/wp\/v2\/product\/9452","targetHints":{"allow":["GET"]}}],"collection":[{"href":"https:\/\/familycancat.com\/en\/wp-json\/wp\/v2\/product"}],"about":[{"href":"https:\/\/familycancat.com\/en\/wp-json\/wp\/v2\/types\/product"}],"version-history":[{"count":1,"href":"https:\/\/familycancat.com\/en\/wp-json\/wp\/v2\/product\/9452\/revisions"}],"predecessor-version":[{"id":9454,"href":"https:\/\/familycancat.com\/en\/wp-json\/wp\/v2\/product\/9452\/revisions\/9454"}],"wp:featuredmedia":[{"embeddable":true,"href":"https:\/\/familycancat.com\/en\/wp-json\/wp\/v2\/media\/9453"}],"wp:attachment":[{"href":"https:\/\/familycancat.com\/en\/wp-json\/wp\/v2\/media?parent=9452"}],"wp:term":[{"taxonomy":"brand","embeddable":true,"href":"https:\/\/familycancat.com\/en\/wp-json\/wp\/v2\/etheme_brands?post=9452"},{"taxonomy":"product_cat","embeddable":true,"href":"https:\/\/familycancat.com\/en\/wp-json\/wp\/v2\/product_cat?post=9452"},{"taxonomy":"product_tag","embeddable":true,"href":"https:\/\/familycancat.com\/en\/wp-json\/wp\/v2\/product_tag?post=9452"}],"curies":[{"name":"wp","href":"https:\/\/api.w.org\/{rel}","templated":true}]}}