{"id":9442,"date":"2025-11-10T11:48:41","date_gmt":"2025-11-10T10:48:41","guid":{"rendered":"https:\/\/familycancat.com\/?post_type=product&#038;p=9442"},"modified":"2026-03-25T11:38:13","modified_gmt":"2026-03-25T10:38:13","slug":"kit-cat-2nd-chance-arena-de-soja-pea-fiber-guisante-y-yuca-7l","status":"publish","type":"product","link":"https:\/\/familycancat.com\/en\/product\/kit-cat-2nd-chance-arena-de-soja-pea-fiber-guisante-y-yuca-7l\/","title":{"rendered":"Kit Cat  2nd Chance  Arena de Soja Pea Fiber (Guisante y Yuca) 7L"},"content":{"rendered":"<p>La\u00a0<strong>Arena 2nd Chance<\/strong>\u00a0es una opci\u00f3n revolucionaria para el cuidado de tu gato, formulada con ingredientes reciclados y naturales como\u00a0<strong>caf\u00e9, t\u00e9 verde, t\u00e9 negro, c\u00e1scara de guisante, fibra de guisante y perlas de yuca<\/strong>. \ud83c\udf3f Esta arena est\u00e1 dise\u00f1ada para ofrecer un\u00a0<strong>control superior de olores<\/strong>, una\u00a0<strong>aglomeraci\u00f3n excepcional<\/strong>\u00a0y una\u00a0<strong>gran absorci\u00f3n<\/strong>, todo mientras respeta el medio ambiente. \ud83c\udf0d<\/p>\n<p>Hecha con materiales ecol\u00f3gicos y biodegradables,\u00a0<strong>2nd Chance<\/strong>\u00a0es la alternativa ideal para los due\u00f1os que buscan un producto m\u00e1s sostenible sin comprometer el rendimiento.<\/p>\n<p>Adem\u00e1s, en nuestro compromiso con un futuro m\u00e1s ecol\u00f3gico, presentamos con orgullo esta arena hecha a base de plantas y materiales de segunda oportunidad, como los restos de\u00a0<strong>t\u00e9 verde, t\u00e9 negro, caf\u00e9 y fibra de guisante<\/strong>, dando una nueva vida a estos ingredientes de producci\u00f3n post-alimentaria. Nuestras materias primas de grado alimenticio, a base de plantas de alta calidad, muestran la bondad natural de los restos de t\u00e9 extra\u00eddos, sin fragancias ni colorantes artificiales. \ud83c\udf31<\/p>\n<h3>\ud83c\udf31 Guisante<\/h3>\n<ul>\n<li>\ud83c\udf31\u00a0<strong>Super Aglomerante:<\/strong>\u00a0Gracias a la c\u00e1scara de guisante y la yuca, esta arena ofrece una aglomeraci\u00f3n r\u00e1pida y fuerte sin ning\u00fan aroma.<\/li>\n<li>\ud83c\udf31\u00a0<strong>Ideal para hogares sin fragancias:<\/strong>\u00a0Mantiene el control de olores y la alta absorci\u00f3n.<\/li>\n<\/ul>","protected":false},"excerpt":{"rendered":"<h3><\/h3>","protected":false},"featured_media":9443,"template":"","meta":[],"etheme_brands":[{"term_id":106,"name":"KIT CAT","slug":"kit-cat","term_group":0,"term_taxonomy_id":106,"taxonomy":"brand","description":"","parent":0,"count":11,"filter":"raw"}],"product_cat":[96,25,86],"product_tag":[],"class_list":{"0":"post-9442","1":"product","2":"type-product","3":"status-publish","4":"has-post-thumbnail","6":"brand-kit-cat","7":"product_cat-todos-los-productos","8":"product_cat-gatos","9":"product_cat-arena","11":"first","12":"instock","13":"taxable","14":"shipping-taxable","15":"purchasable","16":"product-type-simple"},"jetpack_sharing_enabled":true,"_links":{"self":[{"href":"https:\/\/familycancat.com\/en\/wp-json\/wp\/v2\/product\/9442","targetHints":{"allow":["GET"]}}],"collection":[{"href":"https:\/\/familycancat.com\/en\/wp-json\/wp\/v2\/product"}],"about":[{"href":"https:\/\/familycancat.com\/en\/wp-json\/wp\/v2\/types\/product"}],"version-history":[{"count":1,"href":"https:\/\/familycancat.com\/en\/wp-json\/wp\/v2\/product\/9442\/revisions"}],"predecessor-version":[{"id":9444,"href":"https:\/\/familycancat.com\/en\/wp-json\/wp\/v2\/product\/9442\/revisions\/9444"}],"wp:featuredmedia":[{"embeddable":true,"href":"https:\/\/familycancat.com\/en\/wp-json\/wp\/v2\/media\/9443"}],"wp:attachment":[{"href":"https:\/\/familycancat.com\/en\/wp-json\/wp\/v2\/media?parent=9442"}],"wp:term":[{"taxonomy":"brand","embeddable":true,"href":"https:\/\/familycancat.com\/en\/wp-json\/wp\/v2\/etheme_brands?post=9442"},{"taxonomy":"product_cat","embeddable":true,"href":"https:\/\/familycancat.com\/en\/wp-json\/wp\/v2\/product_cat?post=9442"},{"taxonomy":"product_tag","embeddable":true,"href":"https:\/\/familycancat.com\/en\/wp-json\/wp\/v2\/product_tag?post=9442"}],"curies":[{"name":"wp","href":"https:\/\/api.w.org\/{rel}","templated":true}]}}