{"id":9439,"date":"2025-11-10T11:45:07","date_gmt":"2025-11-10T10:45:07","guid":{"rendered":"https:\/\/familycancat.com\/?post_type=product&#038;p=9439"},"modified":"2026-04-08T12:07:17","modified_gmt":"2026-04-08T11:07:17","slug":"kit-cat-soyaclump-arena-de-soja-kitten-7l","status":"publish","type":"product","link":"https:\/\/familycancat.com\/en\/product\/kit-cat-soyaclump-arena-de-soja-kitten-7l\/","title":{"rendered":"Kit Cat SoyaClump Arena de Soja Kitten 7L"},"content":{"rendered":"<p>Si est\u00e1s buscando una arena para gatos que sea amigable con el medio ambiente, f\u00e1cil de mantener y segura para gatos de todas las edades y razas, entonces deber\u00edas considerar la arena de soja biodegradable. Esta arena tiene una capacidad de absorci\u00f3n de 7L, lo que significa que se aglomera r\u00e1pidamente y evita que la arena se adhiera a la caja. Adem\u00e1s, es 99,9% libre de polvo en suspensi\u00f3n, lo que significa que no tendr\u00e1s que preocuparte por la inhalaci\u00f3n de part\u00edculas de polvo.<\/p>\n<p>La arena de soja biodegradable es suave en las patas de tu gato, lo que la hace perfecta para gatos con patas sensibles. Tambi\u00e9n es 100% segura, sin productos qu\u00edmicos a\u00f1adidos, lo que la hace segura para gatos cachorros, adultos y s\u00e9nior. Adem\u00e1s, esta arena es f\u00e1cil de mantener, ya que puedes retirar f\u00e1cilmente las partes aglomeradas de la arena para mantener limpia la caja.<\/p>\n<p>Otro gran beneficio de la arena de soja biodegradable es que controla eficazmente el olor y lo elimina en solo 5 minutos. Adem\u00e1s, evita que el gato esparza part\u00edculas de arena por toda la casa y es f\u00e1cilmente transportable gracias a su peso liviano de solo 2,5 kg y su envasado al vac\u00edo, lo que hace que ocupe muy poco espacio. En resumen, si buscas una arena para gatos que sea amigable con el medio ambiente, f\u00e1cil de mantener y segura para tu gato, la arena de soja biodegradable es una excelente opci\u00f3n.<\/p>\n<p><strong>Tiene un sutil aroma a polvo de talco.<\/strong><\/p>\n<p><strong>Los pellets de la Baby Powder son m\u00e1s peque\u00f1os, miden 2 mm en vez de 3mm como en el resto de referencias, porque se adaptan mejor al tama\u00f1o de las patitas de tu cachorrito<\/strong>.<\/p>\n<h2><strong>Caracter\u00edsticas\u00a0<\/strong><\/h2>\n<p>*7L de capacidad de absorci\u00f3n: Se aglomera r\u00e1pidamente y permite que la arena no se pegue a la caja.<\/p>\n<p>*Eco Friendly: Arena elaborada con soja biodegradable natural.<\/p>\n<p>*Todas las edades: para gatos cachorros, adultos y s\u00e9nior de todas las razas.<\/p>\n<p>*99,9% libre de polvo en suspensi\u00f3n: Las part\u00edculas se van posando gradualmente en el fondo del arenero y, al no haber polvo en el aire, se puede respirar sin problemas.<\/p>\n<p>*F\u00e1cil de mantener: Es f\u00e1cil ir retirando las partes aglomeradas de la arena para mantener limpia la caja. Suave en las patas: Arena perfecta para gatos con las patas sensibles.<\/p>\n<p>*100% segura: sin productos qu\u00edmicos a\u00f1adidos y seguro para gatos cachorros, adultos y s\u00e9nior.<\/p>\n<p>*Control de olor: Elimina eficazmente el olor en 5 minutos.<\/p>\n<p>*No se pega: Evita que el gato reparta part\u00edculas de arena por toda la casa.<\/p>\n<p>*F\u00e1cilmente transportable: Cada saco solo pesa 2,5kg y, al estar envasada al vac\u00edo, ocupa muy poco.<\/p>","protected":false},"excerpt":{"rendered":"<p>La arena Kit Cat SOYA CLUMP es una arena para gatos 100% biodegradable elaborada a base de soja con un aroma suave. Este producto \u00fanico est\u00e1 hecho de las partes insolubles de la soja que se encuentra en la producci\u00f3n de la leche de soja. Normalmente, esta parte insoluble de la soja se deshecha, pero Kit Cat innova y le da un nuevo prop\u00f3sito para que este material se reutilice para hacer arena para gatos, convirti\u00e9ndonos en una empresa Eco-Friendly.<\/p>","protected":false},"featured_media":9440,"template":"","meta":[],"etheme_brands":[{"term_id":106,"name":"KIT CAT","slug":"kit-cat","term_group":0,"term_taxonomy_id":106,"taxonomy":"brand","description":"","parent":0,"count":11,"filter":"raw"}],"product_cat":[96,25,86],"product_tag":[],"class_list":{"0":"post-9439","1":"product","2":"type-product","3":"status-publish","4":"has-post-thumbnail","6":"brand-kit-cat","7":"product_cat-todos-los-productos","8":"product_cat-gatos","9":"product_cat-arena","11":"first","12":"instock","13":"taxable","14":"shipping-taxable","15":"purchasable","16":"product-type-simple"},"jetpack_sharing_enabled":true,"_links":{"self":[{"href":"https:\/\/familycancat.com\/en\/wp-json\/wp\/v2\/product\/9439","targetHints":{"allow":["GET"]}}],"collection":[{"href":"https:\/\/familycancat.com\/en\/wp-json\/wp\/v2\/product"}],"about":[{"href":"https:\/\/familycancat.com\/en\/wp-json\/wp\/v2\/types\/product"}],"version-history":[{"count":1,"href":"https:\/\/familycancat.com\/en\/wp-json\/wp\/v2\/product\/9439\/revisions"}],"predecessor-version":[{"id":9441,"href":"https:\/\/familycancat.com\/en\/wp-json\/wp\/v2\/product\/9439\/revisions\/9441"}],"wp:featuredmedia":[{"embeddable":true,"href":"https:\/\/familycancat.com\/en\/wp-json\/wp\/v2\/media\/9440"}],"wp:attachment":[{"href":"https:\/\/familycancat.com\/en\/wp-json\/wp\/v2\/media?parent=9439"}],"wp:term":[{"taxonomy":"brand","embeddable":true,"href":"https:\/\/familycancat.com\/en\/wp-json\/wp\/v2\/etheme_brands?post=9439"},{"taxonomy":"product_cat","embeddable":true,"href":"https:\/\/familycancat.com\/en\/wp-json\/wp\/v2\/product_cat?post=9439"},{"taxonomy":"product_tag","embeddable":true,"href":"https:\/\/familycancat.com\/en\/wp-json\/wp\/v2\/product_tag?post=9439"}],"curies":[{"name":"wp","href":"https:\/\/api.w.org\/{rel}","templated":true}]}}