{"id":9421,"date":"2025-10-27T22:17:34","date_gmt":"2025-10-27T21:17:34","guid":{"rendered":"https:\/\/familycancat.com\/?post_type=product&#038;p=9421"},"modified":"2026-01-14T19:29:28","modified_gmt":"2026-01-14T18:29:28","slug":"correa-retractil-flexi-new-neon-con-cinta-verde-talla-m","status":"publish","type":"product","link":"https:\/\/familycancat.com\/en\/product\/correa-retractil-flexi-new-neon-con-cinta-verde-talla-m\/","title":{"rendered":"CORREA RETR\u00c1CTIL FLEXI NEW NEON CON CINTA &#8211; VERDE ( TALLA M )"},"content":{"rendered":"<p>Correa retr\u00e1ctil para perros | Con cinta | C\u00f3modo bot\u00f3n de freno | Mango ergon\u00f3mico | Elementos reflectantes | Gancho cromado | Buena visibilidad en la oscuridad<\/p>","protected":false},"excerpt":{"rendered":"<p>La correa retr\u00e1ctil New Neon con cinta de Flexi es ideal para los paseos nocturnos o lugares con poca luz | Caja y cuerda reflectantes | Sistema de frenado de carrera corta | S: 5m adecuada para perros de hasta 15kg &#8211; M: 5m adecuada para perros de hasta 25kg<\/p>","protected":false},"featured_media":9422,"template":"","meta":[],"etheme_brands":[{"term_id":151,"name":"FLEXI","slug":"flexi","term_group":0,"term_taxonomy_id":151,"taxonomy":"brand","description":"","parent":0,"count":17,"filter":"raw"}],"product_cat":[96,20,92],"product_tag":[],"class_list":{"0":"post-9421","1":"product","2":"type-product","3":"status-publish","4":"has-post-thumbnail","6":"brand-flexi","7":"product_cat-todos-los-productos","8":"product_cat-perros","9":"product_cat-accesorios-de-paseo-coche-y-viajes","11":"first","12":"instock","13":"taxable","14":"shipping-taxable","15":"purchasable","16":"product-type-simple"},"jetpack_sharing_enabled":true,"_links":{"self":[{"href":"https:\/\/familycancat.com\/en\/wp-json\/wp\/v2\/product\/9421","targetHints":{"allow":["GET"]}}],"collection":[{"href":"https:\/\/familycancat.com\/en\/wp-json\/wp\/v2\/product"}],"about":[{"href":"https:\/\/familycancat.com\/en\/wp-json\/wp\/v2\/types\/product"}],"version-history":[{"count":1,"href":"https:\/\/familycancat.com\/en\/wp-json\/wp\/v2\/product\/9421\/revisions"}],"predecessor-version":[{"id":9423,"href":"https:\/\/familycancat.com\/en\/wp-json\/wp\/v2\/product\/9421\/revisions\/9423"}],"wp:featuredmedia":[{"embeddable":true,"href":"https:\/\/familycancat.com\/en\/wp-json\/wp\/v2\/media\/9422"}],"wp:attachment":[{"href":"https:\/\/familycancat.com\/en\/wp-json\/wp\/v2\/media?parent=9421"}],"wp:term":[{"taxonomy":"brand","embeddable":true,"href":"https:\/\/familycancat.com\/en\/wp-json\/wp\/v2\/etheme_brands?post=9421"},{"taxonomy":"product_cat","embeddable":true,"href":"https:\/\/familycancat.com\/en\/wp-json\/wp\/v2\/product_cat?post=9421"},{"taxonomy":"product_tag","embeddable":true,"href":"https:\/\/familycancat.com\/en\/wp-json\/wp\/v2\/product_tag?post=9421"}],"curies":[{"name":"wp","href":"https:\/\/api.w.org\/{rel}","templated":true}]}}