{"id":9409,"date":"2025-10-27T21:56:36","date_gmt":"2025-10-27T20:56:36","guid":{"rendered":"https:\/\/familycancat.com\/?post_type=product&#038;p=9409"},"modified":"2025-11-04T19:49:23","modified_gmt":"2025-11-04T18:49:23","slug":"bbx-kit-dental-3-cepillos-pasta","status":"publish","type":"product","link":"https:\/\/familycancat.com\/en\/product\/bbx-kit-dental-3-cepillos-pasta\/","title":{"rendered":"BBX KIT DENTAL 3 CEPILLOS + PASTA"},"content":{"rendered":"","protected":false},"excerpt":{"rendered":"<p>El cepillado regular de los dientes de tu mascota, as\u00ed como un masaje en las enc\u00edas, ayudar\u00e1n a prevenir problemas dentales, as\u00ed como la formaci\u00f3n de sarro, y refrescar\u00e1n su aliento durante mucho tiempo.<\/p>","protected":false},"featured_media":9410,"template":"","meta":[],"etheme_brands":[{"term_id":105,"name":"BUBIMEX","slug":"bubimex","term_group":0,"term_taxonomy_id":105,"taxonomy":"brand","description":"","parent":0,"count":52,"filter":"raw"}],"product_cat":[96,20,38],"product_tag":[],"class_list":{"0":"post-9409","1":"product","2":"type-product","3":"status-publish","4":"has-post-thumbnail","6":"brand-bubimex","7":"product_cat-todos-los-productos","8":"product_cat-perros","9":"product_cat-higiene-y-salud-perros","11":"first","12":"instock","13":"taxable","14":"shipping-taxable","15":"purchasable","16":"product-type-simple"},"jetpack_sharing_enabled":true,"_links":{"self":[{"href":"https:\/\/familycancat.com\/en\/wp-json\/wp\/v2\/product\/9409","targetHints":{"allow":["GET"]}}],"collection":[{"href":"https:\/\/familycancat.com\/en\/wp-json\/wp\/v2\/product"}],"about":[{"href":"https:\/\/familycancat.com\/en\/wp-json\/wp\/v2\/types\/product"}],"version-history":[{"count":1,"href":"https:\/\/familycancat.com\/en\/wp-json\/wp\/v2\/product\/9409\/revisions"}],"predecessor-version":[{"id":9411,"href":"https:\/\/familycancat.com\/en\/wp-json\/wp\/v2\/product\/9409\/revisions\/9411"}],"wp:featuredmedia":[{"embeddable":true,"href":"https:\/\/familycancat.com\/en\/wp-json\/wp\/v2\/media\/9410"}],"wp:attachment":[{"href":"https:\/\/familycancat.com\/en\/wp-json\/wp\/v2\/media?parent=9409"}],"wp:term":[{"taxonomy":"brand","embeddable":true,"href":"https:\/\/familycancat.com\/en\/wp-json\/wp\/v2\/etheme_brands?post=9409"},{"taxonomy":"product_cat","embeddable":true,"href":"https:\/\/familycancat.com\/en\/wp-json\/wp\/v2\/product_cat?post=9409"},{"taxonomy":"product_tag","embeddable":true,"href":"https:\/\/familycancat.com\/en\/wp-json\/wp\/v2\/product_tag?post=9409"}],"curies":[{"name":"wp","href":"https:\/\/api.w.org\/{rel}","templated":true}]}}