{"id":9394,"date":"2025-10-27T21:22:58","date_gmt":"2025-10-27T20:22:58","guid":{"rendered":"https:\/\/familycancat.com\/?post_type=product&#038;p=9394"},"modified":"2026-03-27T17:26:28","modified_gmt":"2026-03-27T16:26:28","slug":"mfs-champu-cachorros-germen-de-trigo-300-ml","status":"publish","type":"product","link":"https:\/\/familycancat.com\/en\/product\/mfs-champu-cachorros-germen-de-trigo-300-ml\/","title":{"rendered":"MFS CHAMPU CACHORROS GERMEN DE TRIGO 300 ML"},"content":{"rendered":"<p>Champ\u00fa de m\u00e1xima calidad que no irrita los ojos ni las mucosas. El G\u00e9rmen de Trigo incluido en su composici\u00f3n aporta gran cantidad de nutrientes que contribuyen a mantener y recuperar la elasticidad del pelaje. Es rico en vitamina E, B1, B2, B6, prote\u00ednas y acido f\u00f3lico y adem\u00e1s tiene fuertes propiedades antioxidantes que ayudan a estimular el crecimiento del pelaje permitiendo una apariencia suave, hidratando y evitando la resequedad. Recomendado por la suavidad de sus componentes para su uso frecuente en cachorros.<\/p>\n<p><strong>INSTRUCTIONS FOR USE:<\/strong><\/p>\n<p>Wet the coat thoroughly with warm water. Apply the shampoo to the neck, back, paws, and legs. Massage until a rich, creamy lather forms and leave on for a few moments. Rinse and allow the dog to shake. Towel dry and remove any remaining moisture with a hairdryer while brushing the coat. pH balanced.<\/p>","protected":false},"excerpt":{"rendered":"<p>Champ\u00fa de m\u00e1xima calidad que no irrita los ojos ni las mucosas. El G\u00e9rmen de Trigo incluido en su composici\u00f3n aporta gran cantidad de nutrientes que contribuyen a mantener y recuperar la elasticidad del pelaje.<\/p>","protected":false},"featured_media":9396,"template":"","meta":[],"etheme_brands":[{"term_id":143,"name":"MEN FOR SAN","slug":"men-for-san","term_group":0,"term_taxonomy_id":143,"taxonomy":"brand","description":"","parent":0,"count":6,"filter":"raw"}],"product_cat":[20,38],"product_tag":[],"class_list":{"0":"post-9394","1":"product","2":"type-product","3":"status-publish","4":"has-post-thumbnail","6":"brand-men-for-san","7":"product_cat-perros","8":"product_cat-higiene-y-salud-perros","10":"first","11":"instock","12":"taxable","13":"shipping-taxable","14":"purchasable","15":"product-type-simple"},"jetpack_sharing_enabled":true,"_links":{"self":[{"href":"https:\/\/familycancat.com\/en\/wp-json\/wp\/v2\/product\/9394","targetHints":{"allow":["GET"]}}],"collection":[{"href":"https:\/\/familycancat.com\/en\/wp-json\/wp\/v2\/product"}],"about":[{"href":"https:\/\/familycancat.com\/en\/wp-json\/wp\/v2\/types\/product"}],"version-history":[{"count":1,"href":"https:\/\/familycancat.com\/en\/wp-json\/wp\/v2\/product\/9394\/revisions"}],"predecessor-version":[{"id":9397,"href":"https:\/\/familycancat.com\/en\/wp-json\/wp\/v2\/product\/9394\/revisions\/9397"}],"wp:featuredmedia":[{"embeddable":true,"href":"https:\/\/familycancat.com\/en\/wp-json\/wp\/v2\/media\/9396"}],"wp:attachment":[{"href":"https:\/\/familycancat.com\/en\/wp-json\/wp\/v2\/media?parent=9394"}],"wp:term":[{"taxonomy":"brand","embeddable":true,"href":"https:\/\/familycancat.com\/en\/wp-json\/wp\/v2\/etheme_brands?post=9394"},{"taxonomy":"product_cat","embeddable":true,"href":"https:\/\/familycancat.com\/en\/wp-json\/wp\/v2\/product_cat?post=9394"},{"taxonomy":"product_tag","embeddable":true,"href":"https:\/\/familycancat.com\/en\/wp-json\/wp\/v2\/product_tag?post=9394"}],"curies":[{"name":"wp","href":"https:\/\/api.w.org\/{rel}","templated":true}]}}