{"id":9378,"date":"2025-09-30T19:18:29","date_gmt":"2025-09-30T18:18:29","guid":{"rendered":"https:\/\/familycancat.com\/?post_type=product&#038;p=9378"},"modified":"2026-02-04T18:55:26","modified_gmt":"2026-02-04T17:55:26","slug":"ownat-just-grain-free-chicken-14-kg","status":"publish","type":"product","link":"https:\/\/familycancat.com\/en\/product\/ownat-just-grain-free-chicken-14-kg\/","title":{"rendered":"Ownat Just Grain Free Chicken 14 Kg"},"content":{"rendered":"<div class=\"product-page-details__content is-short\">Pienso natural sin cereales para perros adultos de todas las razas.<\/div>\n<div class=\"product-page-details__content is-long\">\n<h2>Ownat Just Grain Free pienso con pollo fresco para perros<\/h2>\n<p>Ownat Just Grain Free es un pienso completo y equilibrado adecuado para perros de todas las razas. La receta utiliza un\u00a0<strong>34% de carne deshidratada y un 20% de pollo fresco<\/strong>, lo que suministra un gran aporte de prote\u00ednas de alta calidad para proporcionar toda la energ\u00eda que necesitan cada d\u00eda. La carne se acompa\u00f1a con<strong>\u00a0frutas y verduras<\/strong>\u00a0como las manzanas y los guisantes, y con plantas como el tomillo, la flor de manzanilla y el hinojo. Toda esta combinaci\u00f3n de<strong>\u00a0ingredientes naturales<\/strong>\u00a0confiere a las croquetas un sabor irresistible.<\/p>\n<p>El pienso Ownat Just Grain Free no s\u00f3lo utiliza ingredientes naturales y un gran porcentaje de carne, tambi\u00e9n incorpora pollo fresco. Una\u00a0<strong>receta muy natural y sana\u00a0<\/strong>que tu perro devorar\u00e1 con m\u00e1s gusto que nunca. Otro componente muy com\u00fan en el pienso es el aceite de pescado, que contribuye a mantener una\u00a0<strong>piel y un pelo sanos<\/strong>\u00a0y a reforzar el sistema inmunitario gracias a los aportes de \u00e1cidos grasos omega 3 y omega 6. Ownat a\u00f1ade a su receta la condroitina y la glucosamina para el mantenimiento de las articulaciones, protegiendolas del desgaste.<\/p>\n<p>Prueba los diferentes piensos de\u00a0<strong>Ownat Grain Free: pollo y pavo, cordero, salm\u00f3n, cerdo<\/strong>\u2026 Toda la gama utiliza ingredientes de la m\u00e1s alta calidad y carne fresca. Adem\u00e1s,\u00a0<strong>excluyen los cereales<\/strong>\u00a0para mejorar la digesti\u00f3n y reducir las intolerancias alimentarias.<\/p>\n<h3>\nVENTAJAS DEL PIENSO OWNAT JUST GRAIN FREE:<\/h3>\n<ul>\n<li>Pienso de pollo para perros.<\/li>\n<li>Sin cereales.<\/li>\n<li>Con un alto porcentaje de carne.<\/li>\n<li>Acompa\u00f1ado de frutas y verduras.<\/li>\n<li>Rico en \u00e1cidos grasos omega 3 y omega 6.<\/li>\n<li>Salud digestiva.<\/li>\n<li>Salud de las articulaciones.<\/li>\n<li>Sin conservantes ni colorantes artificiales.<\/li>\n<\/ul>\n<h3>\nUSO Y ESPECIFICACIONES:<\/h3>\n<ul>\n<li>Pienso completo y equilibrado de alta calidad para la alimentaci\u00f3n de perros adultos de todas las razas.<\/li>\n<\/ul>\n<p><strong>Descripci\u00f3n nutricional:<\/strong><\/p>\n<ul>\n<li>Ingredientes: Carne deshidratada (34%), pollo fresco* (m\u00edn. 20% antes de la extrusi\u00f3n), guisantes enteros*, grasa av\u00edcola (preservada con antioxidantes naturales), ra\u00edces de mandioca*, patata deshidratada*, vaina de algarroba*, prote\u00edna hidrolizada de pollo, pescado deshidratado, levadura de cerveza*, pulpa de remolacha, manzana fresca* (1%), semilla de lino*, algas marinas deshidratadas*, sal gema*, aceite de pescado (preservado con antioxidantes naturales), fructo y manano oligosac\u00e1ridos, alfalfa deshidratada*, glucosamina, condroitina, yucca schidigera, ar\u00e1ndanos*, tomillo*, flor de manzanilla*, hinojo*, equin\u00e1ceas*, t\u00e9 verde*. *Ingredientes naturales.<\/li>\n<li>Constituyentes anal\u00edticos: Prote\u00edna: 40%, contenido en grasa: 20%, fibras brutas: 3%, materia inorg\u00e1nica: 9%, humedad: 8%, Omega 6: 3%, Omega 3: 0,5%, calcio: 1,5%, f\u00f3sforo: 1%.<\/li>\n<li>Aditivos nutricionales: Vitamina A 22.000 UI, Vitamina D3 1.500 UI, Vitamina E 350 UI, Vitamina C 100 mg, Taurina 1.100 mg, L-carnitina 200 mg, Cobre (Sulfato de cobre pentahidratado) 5 mg, Cobre (Quelato de cobre de amino\u00e1cidos hidratado) 5 mg, Manganeso (\u00d3xido manganoso) 50 mg, Zinc (\u00d3xido de zinc) 100 mg, Hierro (Sulfato ferroso, monohidratado) 50 mg, Zinc (Quelato de Zinc de amino\u00e1cidos hidratado) 10 mg, Iodo (Ioduro pot\u00e1sico) 4 mg, Selenio (selenito s\u00f3dico) 0,3 mg. Con antioxidantes naturales.<\/li>\n<\/ul>\n<\/div>","protected":false},"excerpt":{"rendered":"<div id=\"product-description-short-2701\" class=\"product-description\">\n<p>&nbsp;<\/p>\n<\/div>\n<div id=\"product-additional-info\">\n<div class=\"product-additional-info\">\n<div class=\"social-sharing\"><\/div>\n<\/div>\n<\/div>","protected":false},"featured_media":9379,"template":"","meta":[],"etheme_brands":[{"term_id":102,"name":"OWNAT","slug":"ownat","term_group":0,"term_taxonomy_id":102,"taxonomy":"brand","description":"","parent":0,"count":17,"filter":"raw"}],"product_cat":[96,20,88,132],"product_tag":[],"class_list":{"0":"post-9378","1":"product","2":"type-product","3":"status-publish","4":"has-post-thumbnail","6":"brand-ownat","7":"product_cat-todos-los-productos","8":"product_cat-perros","9":"product_cat-pienso-para-perros","10":"product_cat-pienso-perro-adulto-raza-mediana-grande","12":"first","13":"instock","14":"taxable","15":"shipping-taxable","16":"purchasable","17":"product-type-simple"},"jetpack_sharing_enabled":true,"_links":{"self":[{"href":"https:\/\/familycancat.com\/en\/wp-json\/wp\/v2\/product\/9378","targetHints":{"allow":["GET"]}}],"collection":[{"href":"https:\/\/familycancat.com\/en\/wp-json\/wp\/v2\/product"}],"about":[{"href":"https:\/\/familycancat.com\/en\/wp-json\/wp\/v2\/types\/product"}],"version-history":[{"count":1,"href":"https:\/\/familycancat.com\/en\/wp-json\/wp\/v2\/product\/9378\/revisions"}],"predecessor-version":[{"id":9380,"href":"https:\/\/familycancat.com\/en\/wp-json\/wp\/v2\/product\/9378\/revisions\/9380"}],"wp:featuredmedia":[{"embeddable":true,"href":"https:\/\/familycancat.com\/en\/wp-json\/wp\/v2\/media\/9379"}],"wp:attachment":[{"href":"https:\/\/familycancat.com\/en\/wp-json\/wp\/v2\/media?parent=9378"}],"wp:term":[{"taxonomy":"brand","embeddable":true,"href":"https:\/\/familycancat.com\/en\/wp-json\/wp\/v2\/etheme_brands?post=9378"},{"taxonomy":"product_cat","embeddable":true,"href":"https:\/\/familycancat.com\/en\/wp-json\/wp\/v2\/product_cat?post=9378"},{"taxonomy":"product_tag","embeddable":true,"href":"https:\/\/familycancat.com\/en\/wp-json\/wp\/v2\/product_tag?post=9378"}],"curies":[{"name":"wp","href":"https:\/\/api.w.org\/{rel}","templated":true}]}}