{"id":9374,"date":"2025-09-20T12:03:45","date_gmt":"2025-09-20T11:03:45","guid":{"rendered":"https:\/\/familycancat.com\/?post_type=product&#038;p=9374"},"modified":"2025-10-10T11:02:25","modified_gmt":"2025-10-10T10:02:25","slug":"farmina-nd-dog-ocean-puppy-bacalao-medium-maxi-25-kg","status":"publish","type":"product","link":"https:\/\/familycancat.com\/en\/product\/farmina-nd-dog-ocean-puppy-bacalao-medium-maxi-25-kg\/","title":{"rendered":"Farmina ND Dog Ocean Puppy Bacalao Medium Maxi 2,5 kg"},"content":{"rendered":"<p><strong>COMPOSICI\u00d3N<\/strong><\/p>\n<div id=\"tab-content\" class=\"tab-content\">\n<div id=\"description\" class=\"tab-pane fade in active\">\n<div class=\"product-description\">\n<p>Bacalao (28%), prote\u00edna de bacalao deshidratada (27%), boniato, aceite de pescado (de arenque), prote\u00edna de arenque deshidratada, calabaza deshidratada (5%), gamba deshidratada (fuente de glucosamina y condroit\u00edn sulfato), fibra de guisante, zanahoria deshidratada, harina de alfalfa, inulina, fructo-oligosac\u00e1ridos, extracto de levadura (fuente de manano-oligosac\u00e1ridos), mel\u00f3n cantalupo deshidratado (0. 5%), manzana deshidratada, granada deshidratada, espinacas deshidratadas, c\u00e1scaras y semillas de psyllium, ar\u00e1ndanos deshidratados, cloruro de sodio, cloruro de potasio, carbonato de calcio, levadura de cerveza deshidratada, c\u00farcuma (0,2%), extracto de aloe vera.<\/p>\n<p><strong>\u00a0ADITIVOS POR KG<\/strong><\/p>\n<p>Aditivos nutricionales: Vitamina A 16000IU; Vitamina D3 1600IU; Vitamina E 600mg; Vitamina C 160mg; Niacina 40mg; D-pantotenato de calcio 16mg; Vitamina B2 8mg; Vitamina B6 6,4mg; Vitamina B1 4,8mg; Biotina 0,40mg; \u00c1cido f\u00f3lico 0,48mg; Vitamina B12 0,1mg; Cloruro de colina 2800mg; Betacaroteno 1,5mg; Zinc (quelato de zinc del an\u00e1logo hidroxilo de la metionina): 163. 8mg; Manganeso (quelato de manganeso del an\u00e1logo hidroxilado de la metionina): 64,6mg; Hierro [quelato de hierro (II) del hidrato de glicina]: 58,3mg; Cobre (quelato de cobre del an\u00e1logo hidroxilado de la metionina): 15,8mg; Selenio (levadura selenizada inactivada): 0,00088mg; DL-metionina t\u00e9cnicamente pura 6000mg; Taurina 1000mg; L-carnitina 300mg. Aditivos sensoriales: extracto de t\u00e9 verde 100mg; extracto de romero. Antioxidantes: extractos de tocoferol de aceites vegetales.<\/p>\n<p><strong>\u00a0COMPONENTES ANAL\u00cdTICOS<\/strong><\/p>\n<p>Prote\u00edna bruta 35,00%; grasa bruta 20,00%; fibra bruta 1,90%; humedad 9,00%; ceniza bruta 8,50%; calcio 1,10%; f\u00f3sforo 0,91%; Omega-6 1,80%; Omega-3 2,50%; DHA 1,10%; EPA 0,80%; glucosamina 1400mg\/kg; condroit\u00edn sulfato 1100mg\/kg.<\/p>\n<p><strong>\u00a0VALOR ENERG\u00c9TICO<\/strong><\/p>\n<p>EM Kcal\/Kg 4125 &#8211; Mj\/Kg 17,26<\/p>\n<\/div>\n<\/div>\n<\/div>","protected":false},"excerpt":{"rendered":"<p>COMPOSICI\u00d3N Bacalao (28%), prote\u00edna de bacalao deshidratada (27%), boniato, aceite de pescado (de arenque), prote\u00edna de arenque deshidratada, calabaza deshidratada (5%), gamba deshidratada (fuente de&#8230;<\/p>","protected":false},"featured_media":9375,"template":"","meta":[],"etheme_brands":[{"term_id":99,"name":"FARMINA","slug":"farmina","term_group":0,"term_taxonomy_id":99,"taxonomy":"brand","description":"","parent":0,"count":127,"filter":"raw"}],"product_cat":[20,88,130],"product_tag":[],"class_list":{"0":"post-9374","1":"product","2":"type-product","3":"status-publish","4":"has-post-thumbnail","6":"brand-farmina","7":"product_cat-perros","8":"product_cat-pienso-para-perros","9":"product_cat-pienso-cachorros","11":"first","12":"instock","13":"taxable","14":"shipping-taxable","15":"purchasable","16":"product-type-simple"},"jetpack_sharing_enabled":true,"_links":{"self":[{"href":"https:\/\/familycancat.com\/en\/wp-json\/wp\/v2\/product\/9374","targetHints":{"allow":["GET"]}}],"collection":[{"href":"https:\/\/familycancat.com\/en\/wp-json\/wp\/v2\/product"}],"about":[{"href":"https:\/\/familycancat.com\/en\/wp-json\/wp\/v2\/types\/product"}],"version-history":[{"count":1,"href":"https:\/\/familycancat.com\/en\/wp-json\/wp\/v2\/product\/9374\/revisions"}],"predecessor-version":[{"id":9376,"href":"https:\/\/familycancat.com\/en\/wp-json\/wp\/v2\/product\/9374\/revisions\/9376"}],"wp:featuredmedia":[{"embeddable":true,"href":"https:\/\/familycancat.com\/en\/wp-json\/wp\/v2\/media\/9375"}],"wp:attachment":[{"href":"https:\/\/familycancat.com\/en\/wp-json\/wp\/v2\/media?parent=9374"}],"wp:term":[{"taxonomy":"brand","embeddable":true,"href":"https:\/\/familycancat.com\/en\/wp-json\/wp\/v2\/etheme_brands?post=9374"},{"taxonomy":"product_cat","embeddable":true,"href":"https:\/\/familycancat.com\/en\/wp-json\/wp\/v2\/product_cat?post=9374"},{"taxonomy":"product_tag","embeddable":true,"href":"https:\/\/familycancat.com\/en\/wp-json\/wp\/v2\/product_tag?post=9374"}],"curies":[{"name":"wp","href":"https:\/\/api.w.org\/{rel}","templated":true}]}}