{"id":9363,"date":"2025-09-17T17:52:18","date_gmt":"2025-09-17T16:52:18","guid":{"rendered":"https:\/\/familycancat.com\/?post_type=product&#038;p=9363"},"modified":"2026-03-27T19:08:49","modified_gmt":"2026-03-27T18:08:49","slug":"natural-greatness-vet-dog-hepatic-cardiac-6kg","status":"publish","type":"product","link":"https:\/\/familycancat.com\/en\/product\/natural-greatness-vet-dog-hepatic-cardiac-6kg\/","title":{"rendered":"Natural Greatness Vet Dog Hepatic Cardiac 6KG"},"content":{"rendered":"<p>Adem\u00e1s, debido a su bajo contenido en sodio, esta dieta est\u00e1 recomendada para perros con insuficiencia cardiaca cr\u00f3nica, siendo una aliada en el control de la presi\u00f3n arterial y en la reducci\u00f3n de la retenci\u00f3n de l\u00edquidos.<\/p>\n<p><strong>Composici\u00f3n:<\/strong><\/p>\n<p>Carne deshidratada de pavo y pollo (14 %), Carne fresca de pollo (14 %), Patata (14 %), Guisantes (14 %), Tapioca (14 %), Aceite de pollo (10 %), Boniato, Algarroba, Pulpa de manzana, Hidrolizado de h\u00edgado de pavo y pollo (2,5 %), Aceite de salm\u00f3n (1,5 %), Pulpa de remolacha, Levadura de cerveza, Semilla de linaza (0,6 %), Cloruro pot\u00e1sico, Mix de frutas (manzana y ciruela) (0,3 %), Mix de vegetales (tomate, romero, salvia, or\u00e9gano) (0,3 %), Cloruro s\u00f3dico, Calabaza deshidratada (0,1 %), Inulina (fuente de FOS), Pared celular hidrolizada de levaduras (fuente de MOS), Glucosamina 800 mg\/kg, Sulfato de condroitina 500 mg\/kg.<\/p>\n<p>Energ\u00eda metabolizable: 3830 kcal\/kg.<\/p>\n<p><strong>An\u00e1lisis Nutricional:<\/strong><\/p>\n<p>Prote\u00edna bruta (18 %), Aceites y grasas brutas (18 %), Fibra bruta (4 %), Ceniza bruta (7 %), Calcio (0,9 %), F\u00f3sforo (0,55 %), \u00c1cidos grasos omega 3 (0,57 %), \u00c1cidos grasos omega 6 (2,83 %), Sodio (0,2 %), Potasio (0,6 %,) Magnesio (0,08 %), Cobre (total) 5 mg\/ kg.<\/p>\n<p><strong>Aditivos:<\/strong><\/p>\n<p>Aditivos nutricionales: Vitamina A 20 000 UI\/kg, Vitamina D3 1750 UI\/kg, Vitamina E 400 mg\/kg, Vitamina C 100 mg\/kg, Yodo (yoduro pot\u00e1sico) 0,7 mg\/kg, Manganeso (quelato de manganeso de amino\u00e1cidos hidratado) 15 mg\/kg, Zinc (quelato de zinc de amino\u00e1cidos, hidratado) 175 mg\/kg, Selenio (L-selenometionina) 0,20 mg\/kg, L-carnitina 200 mg\/kg, Taurina 1000 mg\/kg, DL-metionina 2350 mg\/kg. Aditivos tecnol\u00f3gicos: Antioxidantes: Extractos de tocoferol de aceites vegetales, Bentonita 10 000 mg\/kg. Aditivos sensoriales: Extracto de boldo y extracto de alcachofa 650 mg\/kg.<\/p>","protected":false},"excerpt":{"rendered":"<div id=\"product-description-short-9397\" class=\"product-description\">\n<p>Natural Greatness Hepatic Cardiac es una receta hipoalerg\u00e9nica, completa y sin cereales destinada a perros adultos de todas las razas con insuficiencia hep\u00e1tica cr\u00f3nica que necesitan una dieta con un contenido limitado de cobre para reducir la carga de trabajo del h\u00edgado. Este alimento se caracteriza por el elevado nivel nutricional de sus carnes de pollo y pavo, que contienen prote\u00ednas de alto valor biol\u00f3gico, muy digestibles, y que garantizan el \u00f3ptimo mantenimiento de la masa muscular en apoyo a la funci\u00f3n hep\u00e1tica.<\/p>\n<\/div>\n<div id=\"product-additional-info\">\n<div class=\"product-additional-info\">\n<div class=\"social-sharing\"><\/div>\n<\/div>\n<\/div>","protected":false},"featured_media":6722,"template":"","meta":[],"etheme_brands":[{"term_id":101,"name":"NATURAL GREATNESS","slug":"natural-greatness","term_group":0,"term_taxonomy_id":101,"taxonomy":"brand","description":"","parent":0,"count":73,"filter":"raw"}],"product_cat":[96,20,88,134],"product_tag":[],"class_list":{"0":"post-9363","1":"product","2":"type-product","3":"status-publish","4":"has-post-thumbnail","6":"brand-natural-greatness","7":"product_cat-todos-los-productos","8":"product_cat-perros","9":"product_cat-pienso-para-perros","10":"product_cat-dietas-veterinarias","12":"first","13":"instock","14":"taxable","15":"shipping-taxable","16":"purchasable","17":"product-type-simple"},"jetpack_sharing_enabled":true,"_links":{"self":[{"href":"https:\/\/familycancat.com\/en\/wp-json\/wp\/v2\/product\/9363","targetHints":{"allow":["GET"]}}],"collection":[{"href":"https:\/\/familycancat.com\/en\/wp-json\/wp\/v2\/product"}],"about":[{"href":"https:\/\/familycancat.com\/en\/wp-json\/wp\/v2\/types\/product"}],"version-history":[{"count":1,"href":"https:\/\/familycancat.com\/en\/wp-json\/wp\/v2\/product\/9363\/revisions"}],"predecessor-version":[{"id":9364,"href":"https:\/\/familycancat.com\/en\/wp-json\/wp\/v2\/product\/9363\/revisions\/9364"}],"wp:featuredmedia":[{"embeddable":true,"href":"https:\/\/familycancat.com\/en\/wp-json\/wp\/v2\/media\/6722"}],"wp:attachment":[{"href":"https:\/\/familycancat.com\/en\/wp-json\/wp\/v2\/media?parent=9363"}],"wp:term":[{"taxonomy":"brand","embeddable":true,"href":"https:\/\/familycancat.com\/en\/wp-json\/wp\/v2\/etheme_brands?post=9363"},{"taxonomy":"product_cat","embeddable":true,"href":"https:\/\/familycancat.com\/en\/wp-json\/wp\/v2\/product_cat?post=9363"},{"taxonomy":"product_tag","embeddable":true,"href":"https:\/\/familycancat.com\/en\/wp-json\/wp\/v2\/product_tag?post=9363"}],"curies":[{"name":"wp","href":"https:\/\/api.w.org\/{rel}","templated":true}]}}