{"id":9320,"date":"2025-08-21T13:34:49","date_gmt":"2025-08-21T12:34:49","guid":{"rendered":"https:\/\/familycancat.com\/?post_type=product&#038;p=9320"},"modified":"2026-03-30T09:44:10","modified_gmt":"2026-03-30T08:44:10","slug":"higados-de-ternera-deshidratados-makota","status":"publish","type":"product","link":"https:\/\/familycancat.com\/en\/product\/higados-de-ternera-deshidratados-makota\/","title":{"rendered":"Higados de Ternera Deshidratados (Makota)"},"content":{"rendered":"<ul>\n<li><span class=\"ILfuVd\" lang=\"es\" xml:lang=\"es\">El h\u00edgado de ternera deshidratado destaca sobre todo por su contenido en prote\u00ednas de alto valor biol\u00f3gico y en minerales:\u00a0<b>hierro (tipo hemo de alta biodisponibilidad), zinc, cobre, potasio, f\u00f3sforo y selenio.<\/b><\/span><\/li>\n<li><span class=\"ILfuVd\" lang=\"es\" xml:lang=\"es\">Contiene vitaminas como son: Riboflavina, tiamina , niacina, vitamina B12 entre otras .<\/span><\/li>\n<li>Perfecto para perros y gatos.<\/li>\n<li>Deshidratado de manera natural para mantener todos los nutrientes.<\/li>\n<li>Perfecto para compartir\u00a0entre horas.<\/li>\n<li>100% naturales sin conservantes ni colorantes.<\/li>\n<li>El tama\u00f1o puede estar\u00a0sujeto a variaciones.<\/li>\n<li>Recomendamos entregar\u00a0los snacks bajo supervisi\u00f3n.<\/li>\n<\/ul>\n<p>Prote\u00edna bruta 69,30%, grasa bruta 12,10%, fibra bruta 1%, humedad 10,80%, ceniza bruta 6,3%, valor energ\u00e9tico (kj) 1634.<\/p>","protected":false},"excerpt":{"rendered":"<p>&nbsp;<\/p>\n<p>El h\u00edgado de ternera deshidratado es un snack f\u00e1cil de masticar, perfecto para todo tipo de perros y gatos, ya que se puede cortar en trozos peque\u00f1os. Es una fuente natural de nutrientes por su alto contenido en prote\u00ednas tiene \u00e1cidos grasos omega-3 y omega-6, vitamina A y B, cobre, hierro, zinc y f\u00f3sforo.<\/p>","protected":false},"featured_media":9322,"template":"","meta":[],"etheme_brands":[{"term_id":146,"name":"MAKOTA","slug":"makota","term_group":0,"term_taxonomy_id":146,"taxonomy":"brand","description":"","parent":0,"count":18,"filter":"raw"}],"product_cat":[145,20,90,25,34],"product_tag":[],"class_list":{"0":"post-9320","1":"product","2":"type-product","3":"status-publish","4":"has-post-thumbnail","6":"brand-makota","7":"product_cat-snack-natural","8":"product_cat-perros","9":"product_cat-snacks","10":"product_cat-gatos","11":"product_cat-snacks-gatos","13":"first","14":"instock","15":"taxable","16":"shipping-taxable","17":"purchasable","18":"product-type-simple"},"jetpack_sharing_enabled":true,"_links":{"self":[{"href":"https:\/\/familycancat.com\/en\/wp-json\/wp\/v2\/product\/9320","targetHints":{"allow":["GET"]}}],"collection":[{"href":"https:\/\/familycancat.com\/en\/wp-json\/wp\/v2\/product"}],"about":[{"href":"https:\/\/familycancat.com\/en\/wp-json\/wp\/v2\/types\/product"}],"version-history":[{"count":1,"href":"https:\/\/familycancat.com\/en\/wp-json\/wp\/v2\/product\/9320\/revisions"}],"predecessor-version":[{"id":9323,"href":"https:\/\/familycancat.com\/en\/wp-json\/wp\/v2\/product\/9320\/revisions\/9323"}],"wp:featuredmedia":[{"embeddable":true,"href":"https:\/\/familycancat.com\/en\/wp-json\/wp\/v2\/media\/9322"}],"wp:attachment":[{"href":"https:\/\/familycancat.com\/en\/wp-json\/wp\/v2\/media?parent=9320"}],"wp:term":[{"taxonomy":"brand","embeddable":true,"href":"https:\/\/familycancat.com\/en\/wp-json\/wp\/v2\/etheme_brands?post=9320"},{"taxonomy":"product_cat","embeddable":true,"href":"https:\/\/familycancat.com\/en\/wp-json\/wp\/v2\/product_cat?post=9320"},{"taxonomy":"product_tag","embeddable":true,"href":"https:\/\/familycancat.com\/en\/wp-json\/wp\/v2\/product_tag?post=9320"}],"curies":[{"name":"wp","href":"https:\/\/api.w.org\/{rel}","templated":true}]}}