{"id":9307,"date":"2025-08-17T14:37:11","date_gmt":"2025-08-17T13:37:11","guid":{"rendered":"https:\/\/familycancat.com\/?post_type=product&#038;p=9307"},"modified":"2026-03-30T09:44:10","modified_gmt":"2026-03-30T08:44:10","slug":"pechuga-de-pollo-deshidratada-makota","status":"publish","type":"product","link":"https:\/\/familycancat.com\/en\/product\/pechuga-de-pollo-deshidratada-makota\/","title":{"rendered":"Pechuga de Pollo Deshidratada (Makota)"},"content":{"rendered":"<ul>\n<li>Con esta pechuga de pollo deshidratada 100% natural, podr\u00e1 disfrutar de un snack saludable y delicioso para su perro.<\/li>\n<li>Deshidratados de forma natural, nuestros snacks\u00a0son ricos en todos los nutrientes esenciales que tu can necesita para mantenerse sano.<\/li>\n<li>F\u00e1ciles de digerir para que tu perro pueda mantener una higiene bucal \u00f3ptima mientras mastica su snack con sus saludables mand\u00edbulas.<\/li>\n<li>Este producto es ideal para premiar el buen comportamiento o para mimar a su mascota.<\/li>\n<\/ul>\n<ul>\n<li>El\u00a0tama\u00f1o puede estar sujeto a variaciones.<\/li>\n<li>Recomendamos entregar\u00a0los snacks bajo supervisi\u00f3n.<\/li>\n<\/ul>\n<p>Prote\u00edna bruta 85.9%, grasa bruta 3.4%, fibra bruta 0.25%, humedad 8.4%, ceniza bruta 2.1% valor energ\u00e9tico (kj) 1588.<\/p>","protected":false},"excerpt":{"rendered":"<p>Snack de pechuga de pollo\u00a0deshidratada en tiras 60g aprox, para perros y gatos<\/p>","protected":false},"featured_media":9308,"template":"","meta":[],"etheme_brands":[{"term_id":146,"name":"MAKOTA","slug":"makota","term_group":0,"term_taxonomy_id":146,"taxonomy":"brand","description":"","parent":0,"count":18,"filter":"raw"}],"product_cat":[145,20,90,25,34],"product_tag":[],"class_list":{"0":"post-9307","1":"product","2":"type-product","3":"status-publish","4":"has-post-thumbnail","6":"brand-makota","7":"product_cat-snack-natural","8":"product_cat-perros","9":"product_cat-snacks","10":"product_cat-gatos","11":"product_cat-snacks-gatos","13":"first","14":"instock","15":"taxable","16":"shipping-taxable","17":"purchasable","18":"product-type-simple"},"jetpack_sharing_enabled":true,"_links":{"self":[{"href":"https:\/\/familycancat.com\/en\/wp-json\/wp\/v2\/product\/9307","targetHints":{"allow":["GET"]}}],"collection":[{"href":"https:\/\/familycancat.com\/en\/wp-json\/wp\/v2\/product"}],"about":[{"href":"https:\/\/familycancat.com\/en\/wp-json\/wp\/v2\/types\/product"}],"version-history":[{"count":2,"href":"https:\/\/familycancat.com\/en\/wp-json\/wp\/v2\/product\/9307\/revisions"}],"predecessor-version":[{"id":9311,"href":"https:\/\/familycancat.com\/en\/wp-json\/wp\/v2\/product\/9307\/revisions\/9311"}],"wp:featuredmedia":[{"embeddable":true,"href":"https:\/\/familycancat.com\/en\/wp-json\/wp\/v2\/media\/9308"}],"wp:attachment":[{"href":"https:\/\/familycancat.com\/en\/wp-json\/wp\/v2\/media?parent=9307"}],"wp:term":[{"taxonomy":"brand","embeddable":true,"href":"https:\/\/familycancat.com\/en\/wp-json\/wp\/v2\/etheme_brands?post=9307"},{"taxonomy":"product_cat","embeddable":true,"href":"https:\/\/familycancat.com\/en\/wp-json\/wp\/v2\/product_cat?post=9307"},{"taxonomy":"product_tag","embeddable":true,"href":"https:\/\/familycancat.com\/en\/wp-json\/wp\/v2\/product_tag?post=9307"}],"curies":[{"name":"wp","href":"https:\/\/api.w.org\/{rel}","templated":true}]}}