{"id":9293,"date":"2025-08-17T14:00:10","date_gmt":"2025-08-17T13:00:10","guid":{"rendered":"https:\/\/familycancat.com\/?post_type=product&#038;p=9293"},"modified":"2026-04-09T18:34:55","modified_gmt":"2026-04-09T17:34:55","slug":"nervio-de-cerdo-deshidratado-makita","status":"publish","type":"product","link":"https:\/\/familycancat.com\/en\/product\/nervio-de-cerdo-deshidratado-makita\/","title":{"rendered":"Nervio de Cerdo Deshidratado (Makota)"},"content":{"rendered":"<ul>\n<li>El nervio de cerdo deshidratado es un gran snack para que lo disfruten todo tipo de perros.<\/li>\n<li>Est\u00e1n elaborados con ingredientes de alta calidad y est\u00e1n deshidratados de forma natural para mantener todos los nutrientes.<\/li>\n<li>Roer nuestros\u00a0snacks ayuda a mantener unos dientes sanos y una higiene bucal \u00f3ptima.<\/li>\n<li>Nuestros snacks mantendr\u00e1n a su perro ocupado, ayud\u00e1ndole a combatir el estr\u00e9s y el cansancio a la vez que le dan un momento de recompensa en su d\u00eda a d\u00eda , es un alimento hipoalerg\u00e9nico.<\/li>\n<li>Los snacks est\u00e1n elaborados con ingredientes completamente naturales y no contienen conservantes ni colorantes.<\/li>\n<li>El tama\u00f1o puede estar sujeto a variaciones.<\/li>\n<li>Recomendamos entregar los snacks bajo supervisi\u00f3n.<\/li>\n<\/ul>","protected":false},"excerpt":{"rendered":"<p>El nervio de cerdo deshidratado es un gran snack para que lo disfruten todo tipo de perros. Est\u00e1n elaborados con ingredientes de alta calidad y&#8230;<\/p>","protected":false},"featured_media":9294,"template":"","meta":[],"etheme_brands":[{"term_id":146,"name":"MAKOTA","slug":"makota","term_group":0,"term_taxonomy_id":146,"taxonomy":"brand","description":"","parent":0,"count":18,"filter":"raw"}],"product_cat":[145,20,90,25,34],"product_tag":[],"class_list":{"0":"post-9293","1":"product","2":"type-product","3":"status-publish","4":"has-post-thumbnail","6":"brand-makota","7":"product_cat-snack-natural","8":"product_cat-perros","9":"product_cat-snacks","10":"product_cat-gatos","11":"product_cat-snacks-gatos","13":"first","14":"instock","15":"taxable","16":"shipping-taxable","17":"purchasable","18":"product-type-simple"},"jetpack_sharing_enabled":true,"_links":{"self":[{"href":"https:\/\/familycancat.com\/en\/wp-json\/wp\/v2\/product\/9293","targetHints":{"allow":["GET"]}}],"collection":[{"href":"https:\/\/familycancat.com\/en\/wp-json\/wp\/v2\/product"}],"about":[{"href":"https:\/\/familycancat.com\/en\/wp-json\/wp\/v2\/types\/product"}],"version-history":[{"count":3,"href":"https:\/\/familycancat.com\/en\/wp-json\/wp\/v2\/product\/9293\/revisions"}],"predecessor-version":[{"id":9298,"href":"https:\/\/familycancat.com\/en\/wp-json\/wp\/v2\/product\/9293\/revisions\/9298"}],"wp:featuredmedia":[{"embeddable":true,"href":"https:\/\/familycancat.com\/en\/wp-json\/wp\/v2\/media\/9294"}],"wp:attachment":[{"href":"https:\/\/familycancat.com\/en\/wp-json\/wp\/v2\/media?parent=9293"}],"wp:term":[{"taxonomy":"brand","embeddable":true,"href":"https:\/\/familycancat.com\/en\/wp-json\/wp\/v2\/etheme_brands?post=9293"},{"taxonomy":"product_cat","embeddable":true,"href":"https:\/\/familycancat.com\/en\/wp-json\/wp\/v2\/product_cat?post=9293"},{"taxonomy":"product_tag","embeddable":true,"href":"https:\/\/familycancat.com\/en\/wp-json\/wp\/v2\/product_tag?post=9293"}],"curies":[{"name":"wp","href":"https:\/\/api.w.org\/{rel}","templated":true}]}}