{"id":9285,"date":"2025-08-17T13:40:24","date_gmt":"2025-08-17T12:40:24","guid":{"rendered":"https:\/\/familycancat.com\/?post_type=product&#038;p=9285"},"modified":"2026-02-18T17:36:56","modified_gmt":"2026-02-18T16:36:56","slug":"traquea-de-ternera-deshidratada-2-unidades-makota","status":"publish","type":"product","link":"https:\/\/familycancat.com\/en\/product\/traquea-de-ternera-deshidratada-2-unidades-makota\/","title":{"rendered":"Tr\u00e1quea de Ternera Deshidratada 2 unidades (Makota)"},"content":{"rendered":"<ul>\n<li><span class=\"ILfuVd\" lang=\"es\" xml:lang=\"es\">La tr\u00e1quea de ternera\u00a0<b>es rica en f\u00f3sforo y calcio y es una fuente natural de glucosamina y col\u00e1geno, perfecta para mantener fuerte las articulaciones<\/b>. Y su masticaci\u00f3n mantendr\u00e1 la dentadura de nuestro perro sana, fuerte y limpia. Puedes convertir las tr\u00e1queas de ternera en un snack muy divertido.<\/span><\/li>\n<li>El tama\u00f1o puede estar sujeto a variaciones.<\/li>\n<li>Recomendamos entregar los snacks bajo supervisi\u00f3n.<\/li>\n<li>Tama\u00f1o de cada traquea: 12 cms aprox<\/li>\n<\/ul>","protected":false},"excerpt":{"rendered":"<p>La tr\u00e1quea de ternera\u00a0es rica en f\u00f3sforo y calcio y es una fuente natural de glucosamina y col\u00e1geno, perfecta para mantener fuerte las articulaciones. Y&#8230;<\/p>","protected":false},"featured_media":9286,"template":"","meta":[],"etheme_brands":[{"term_id":146,"name":"MAKOTA","slug":"makota","term_group":0,"term_taxonomy_id":146,"taxonomy":"brand","description":"","parent":0,"count":18,"filter":"raw"}],"product_cat":[145,20,90],"product_tag":[],"class_list":{"0":"post-9285","1":"product","2":"type-product","3":"status-publish","4":"has-post-thumbnail","6":"brand-makota","7":"product_cat-snack-natural","8":"product_cat-perros","9":"product_cat-snacks","11":"first","12":"instock","13":"taxable","14":"shipping-taxable","15":"purchasable","16":"product-type-simple"},"jetpack_sharing_enabled":true,"_links":{"self":[{"href":"https:\/\/familycancat.com\/en\/wp-json\/wp\/v2\/product\/9285","targetHints":{"allow":["GET"]}}],"collection":[{"href":"https:\/\/familycancat.com\/en\/wp-json\/wp\/v2\/product"}],"about":[{"href":"https:\/\/familycancat.com\/en\/wp-json\/wp\/v2\/types\/product"}],"version-history":[{"count":1,"href":"https:\/\/familycancat.com\/en\/wp-json\/wp\/v2\/product\/9285\/revisions"}],"predecessor-version":[{"id":9288,"href":"https:\/\/familycancat.com\/en\/wp-json\/wp\/v2\/product\/9285\/revisions\/9288"}],"wp:featuredmedia":[{"embeddable":true,"href":"https:\/\/familycancat.com\/en\/wp-json\/wp\/v2\/media\/9286"}],"wp:attachment":[{"href":"https:\/\/familycancat.com\/en\/wp-json\/wp\/v2\/media?parent=9285"}],"wp:term":[{"taxonomy":"brand","embeddable":true,"href":"https:\/\/familycancat.com\/en\/wp-json\/wp\/v2\/etheme_brands?post=9285"},{"taxonomy":"product_cat","embeddable":true,"href":"https:\/\/familycancat.com\/en\/wp-json\/wp\/v2\/product_cat?post=9285"},{"taxonomy":"product_tag","embeddable":true,"href":"https:\/\/familycancat.com\/en\/wp-json\/wp\/v2\/product_tag?post=9285"}],"curies":[{"name":"wp","href":"https:\/\/api.w.org\/{rel}","templated":true}]}}