{"id":9279,"date":"2025-08-17T13:25:33","date_gmt":"2025-08-17T12:25:33","guid":{"rendered":"https:\/\/familycancat.com\/?post_type=product&#038;p=9279"},"modified":"2026-04-16T10:27:00","modified_gmt":"2026-04-16T09:27:00","slug":"sardinas-del-sur-deshidratadas","status":"publish","type":"product","link":"https:\/\/familycancat.com\/en\/product\/sardinas-del-sur-deshidratadas\/","title":{"rendered":"Sardinas del Sur Deshidratadas (Makota)"},"content":{"rendered":"<ul>\n<li>Si buscas un snack natural y saludable para tu mascota, nuestras sardinas deshidratadas son la opci\u00f3n perfecta. Con todos los nutrientes que necesita. Un solo bocado de \u00e9stas deliciosa golosinas para perros har\u00e1 feliz a cualquier amigo peludo y le ayudar\u00e1 a mantener su higiene bucal.<\/li>\n<li>Nuestras sardinas deshidratadas est\u00e1n hechas con ingredientes 100% naturales y no contienen conservantes ni colorantes. Tambi\u00e9n proporcionan una fuente saludable de omega 3 y omega 6 que ayudan a mantener y lucir una piel sana y lustrosa a tu mascota.<\/li>\n<li>El\u00a0tama\u00f1o puede estar sujeto a variaciones.<\/li>\n<li>Recomendamos entregar\u00a0los snacks bajo supervisi\u00f3n.<\/li>\n<\/ul>","protected":false},"excerpt":{"rendered":"<p>Si buscas un snack natural y saludable para tu mascota, nuestras sardinas deshidratadas son la opci\u00f3n perfecta. Con todos los nutrientes que necesita. Un solo&#8230;<\/p>","protected":false},"featured_media":9280,"template":"","meta":[],"etheme_brands":[{"term_id":146,"name":"MAKOTA","slug":"makota","term_group":0,"term_taxonomy_id":146,"taxonomy":"brand","description":"","parent":0,"count":18,"filter":"raw"}],"product_cat":[145,90,25,34],"product_tag":[],"class_list":{"0":"post-9279","1":"product","2":"type-product","3":"status-publish","4":"has-post-thumbnail","6":"brand-makota","7":"product_cat-snack-natural","8":"product_cat-snacks","9":"product_cat-gatos","10":"product_cat-snacks-gatos","12":"first","13":"instock","14":"taxable","15":"shipping-taxable","16":"purchasable","17":"product-type-simple"},"jetpack_sharing_enabled":true,"_links":{"self":[{"href":"https:\/\/familycancat.com\/en\/wp-json\/wp\/v2\/product\/9279","targetHints":{"allow":["GET"]}}],"collection":[{"href":"https:\/\/familycancat.com\/en\/wp-json\/wp\/v2\/product"}],"about":[{"href":"https:\/\/familycancat.com\/en\/wp-json\/wp\/v2\/types\/product"}],"version-history":[{"count":2,"href":"https:\/\/familycancat.com\/en\/wp-json\/wp\/v2\/product\/9279\/revisions"}],"predecessor-version":[{"id":9283,"href":"https:\/\/familycancat.com\/en\/wp-json\/wp\/v2\/product\/9279\/revisions\/9283"}],"wp:featuredmedia":[{"embeddable":true,"href":"https:\/\/familycancat.com\/en\/wp-json\/wp\/v2\/media\/9280"}],"wp:attachment":[{"href":"https:\/\/familycancat.com\/en\/wp-json\/wp\/v2\/media?parent=9279"}],"wp:term":[{"taxonomy":"brand","embeddable":true,"href":"https:\/\/familycancat.com\/en\/wp-json\/wp\/v2\/etheme_brands?post=9279"},{"taxonomy":"product_cat","embeddable":true,"href":"https:\/\/familycancat.com\/en\/wp-json\/wp\/v2\/product_cat?post=9279"},{"taxonomy":"product_tag","embeddable":true,"href":"https:\/\/familycancat.com\/en\/wp-json\/wp\/v2\/product_tag?post=9279"}],"curies":[{"name":"wp","href":"https:\/\/api.w.org\/{rel}","templated":true}]}}