{"id":9275,"date":"2025-08-17T13:20:07","date_gmt":"2025-08-17T12:20:07","guid":{"rendered":"https:\/\/familycancat.com\/?post_type=product&#038;p=9275"},"modified":"2026-04-08T12:38:53","modified_gmt":"2026-04-08T11:38:53","slug":"rollitos-de-salmon-ahumados","status":"publish","type":"product","link":"https:\/\/familycancat.com\/en\/product\/rollitos-de-salmon-ahumados\/","title":{"rendered":"Rollitos de Salm\u00f3n Ahumados (Makota)"},"content":{"rendered":"<ul>\n<li>El rollito de salm\u00f3n deshidratado es un snack f\u00e1cil de masticar, con aportes beneficiosos para el desarrollo integral de tu mascota .<\/li>\n<li><span class=\"ILfuVd\" lang=\"es\" xml:lang=\"es\">Snack natural para perros medianos y grandes que amen la masticaci\u00f3n s\u00faper sabrosa. Adem\u00e1s, es tambi\u00e9n una\u00a0<b>fuente natural de\u00a0<\/b><strong>omega 3 y 6 y otros antioxidantes<\/strong>,\u00a0<strong>como la vitamina A y E y el selenio<\/strong>, compuestos que poseen propiedades antiinflamatorias. Es un snack funcional y natural complementario a una alimentaci\u00f3n natural y saludable.<\/span><\/li>\n<li>Est\u00e1n deshidratados a baja temperatura para mantener todos los nutrientes intactos.<\/li>\n<li>Perfecto para premiar o darle un momento de relax a tu peludo.<\/li>\n<li>El tama\u00f1o puede estar sujeto a variaciones.<\/li>\n<li>Recomendamos entregar los snacks bajo supervisi\u00f3n.<\/li>\n<\/ul>","protected":false},"excerpt":{"rendered":"<p>El rollito de salm\u00f3n deshidratado es un snack f\u00e1cil de masticar, con aportes beneficiosos para el desarrollo integral de tu mascota . Snack natural para&#8230;<\/p>","protected":false},"featured_media":9276,"template":"","meta":[],"etheme_brands":[{"term_id":146,"name":"MAKOTA","slug":"makota","term_group":0,"term_taxonomy_id":146,"taxonomy":"brand","description":"","parent":0,"count":18,"filter":"raw"}],"product_cat":[145,20,90,25,34],"product_tag":[],"class_list":{"0":"post-9275","1":"product","2":"type-product","3":"status-publish","4":"has-post-thumbnail","6":"brand-makota","7":"product_cat-snack-natural","8":"product_cat-perros","9":"product_cat-snacks","10":"product_cat-gatos","11":"product_cat-snacks-gatos","13":"first","14":"instock","15":"taxable","16":"shipping-taxable","17":"purchasable","18":"product-type-simple"},"jetpack_sharing_enabled":true,"_links":{"self":[{"href":"https:\/\/familycancat.com\/en\/wp-json\/wp\/v2\/product\/9275","targetHints":{"allow":["GET"]}}],"collection":[{"href":"https:\/\/familycancat.com\/en\/wp-json\/wp\/v2\/product"}],"about":[{"href":"https:\/\/familycancat.com\/en\/wp-json\/wp\/v2\/types\/product"}],"version-history":[{"count":2,"href":"https:\/\/familycancat.com\/en\/wp-json\/wp\/v2\/product\/9275\/revisions"}],"predecessor-version":[{"id":9284,"href":"https:\/\/familycancat.com\/en\/wp-json\/wp\/v2\/product\/9275\/revisions\/9284"}],"wp:featuredmedia":[{"embeddable":true,"href":"https:\/\/familycancat.com\/en\/wp-json\/wp\/v2\/media\/9276"}],"wp:attachment":[{"href":"https:\/\/familycancat.com\/en\/wp-json\/wp\/v2\/media?parent=9275"}],"wp:term":[{"taxonomy":"brand","embeddable":true,"href":"https:\/\/familycancat.com\/en\/wp-json\/wp\/v2\/etheme_brands?post=9275"},{"taxonomy":"product_cat","embeddable":true,"href":"https:\/\/familycancat.com\/en\/wp-json\/wp\/v2\/product_cat?post=9275"},{"taxonomy":"product_tag","embeddable":true,"href":"https:\/\/familycancat.com\/en\/wp-json\/wp\/v2\/product_tag?post=9275"}],"curies":[{"name":"wp","href":"https:\/\/api.w.org\/{rel}","templated":true}]}}