{"id":9260,"date":"2025-08-15T19:53:58","date_gmt":"2025-08-15T18:53:58","guid":{"rendered":"https:\/\/familycancat.com\/?post_type=product&#038;p=9260"},"modified":"2026-03-26T19:43:16","modified_gmt":"2026-03-26T18:43:16","slug":"dogs-love-lata-de-vacuno-puro-barf-para-perros-400-gr","status":"publish","type":"product","link":"https:\/\/familycancat.com\/en\/product\/dogs-love-lata-de-vacuno-puro-barf-para-perros-400-gr\/","title":{"rendered":"Dog&#8217;s Love Lata De Vacuno Puro BARF para Perros 400 Gr"},"content":{"rendered":"<p>Carne pura de vacuno para disfrutar de verdad, un delicioso alimento PURO con la habitual calidad alimentaria al 100 %. Ofr\u00e9cele a tu perro un men\u00fa completo, saludable y sin cereales complement\u00e1ndolo con alguna de nuestras latas de verduras o a\u00f1adiendo t\u00fa las que prefieras.<\/p>\n<ul>\n<li>Calidad alimentaria al 100 %<\/li>\n<li>71 % de carne<\/li>\n<li>Para perros de todas las edades<\/li>\n<li>Fabricado en Austria con materias primas preferentemente regionales<\/li>\n<li>Con vitaminas, minerales y oligoelementos<\/li>\n<\/ul>\n<p>&nbsp;<\/p>\n<h4><strong>Beneficios<\/strong>:<\/h4>\n<ul>\n<li>Dieta BARF: Ideal para perros que siguen una dieta cruda, proporcionando una alternativa pr\u00e1ctica y equilibrada.<\/li>\n<li>Apto para todas las edades: Dise\u00f1ado para satisfacer las necesidades nutricionales de perros de todas las edades.<\/li>\n<li>Fabricaci\u00f3n responsable: Elaborado en Austria con materias primas preferentemente regionales, asegurando calidad y sostenibilidad.<\/li>\n<\/ul>\n<p>&nbsp;<\/p>\n<p>&nbsp;<\/p>\n<h4><strong>Instrucciones de uso<\/strong>:<\/h4>\n<ul>\n<li>Utilizar como complemento o sustituto de la dieta habitual de tu perro, seg\u00fan las recomendaciones de tu veterinario.<\/li>\n<li>Mantener siempre agua limpia y fresca a disposici\u00f3n de tu mascota.<\/li>\n<\/ul>\n<p>&nbsp;<\/p>\n<p>&nbsp;<\/p>\n<h4><strong>Conservaci\u00f3n<\/strong>:<\/h4>\n<ul>\n<li>Conservar en un lugar fresco y seco.<\/li>\n<li>Una vez abierto, refrigerar y consumir en un plazo de 2-3 d\u00edas.<\/li>\n<\/ul>","protected":false},"excerpt":{"rendered":"<p>Alimento h\u00famedo de alta calidad dise\u00f1ado para perros que siguen una dieta BARF (Biologically Appropriate Raw Food). Proporcionando una nutrici\u00f3n completa y equilibrada. Es ideal para perros de todas las edades. Libre de cereales, gluten, az\u00facar a\u00f1adido, conservantes y colorantes artificiales.<\/p>","protected":false},"featured_media":9261,"template":"","meta":[],"etheme_brands":[{"term_id":136,"name":"DOG LOVE","slug":"dog-love","term_group":0,"term_taxonomy_id":136,"taxonomy":"brand","description":"","parent":0,"count":29,"filter":"raw"}],"product_cat":[96,20,89],"product_tag":[],"class_list":{"0":"post-9260","1":"product","2":"type-product","3":"status-publish","4":"has-post-thumbnail","6":"brand-dog-love","7":"product_cat-todos-los-productos","8":"product_cat-perros","9":"product_cat-comida-humeda-para-perros","11":"first","12":"instock","13":"taxable","14":"shipping-taxable","15":"purchasable","16":"product-type-simple"},"jetpack_sharing_enabled":true,"_links":{"self":[{"href":"https:\/\/familycancat.com\/en\/wp-json\/wp\/v2\/product\/9260","targetHints":{"allow":["GET"]}}],"collection":[{"href":"https:\/\/familycancat.com\/en\/wp-json\/wp\/v2\/product"}],"about":[{"href":"https:\/\/familycancat.com\/en\/wp-json\/wp\/v2\/types\/product"}],"version-history":[{"count":1,"href":"https:\/\/familycancat.com\/en\/wp-json\/wp\/v2\/product\/9260\/revisions"}],"predecessor-version":[{"id":9262,"href":"https:\/\/familycancat.com\/en\/wp-json\/wp\/v2\/product\/9260\/revisions\/9262"}],"wp:featuredmedia":[{"embeddable":true,"href":"https:\/\/familycancat.com\/en\/wp-json\/wp\/v2\/media\/9261"}],"wp:attachment":[{"href":"https:\/\/familycancat.com\/en\/wp-json\/wp\/v2\/media?parent=9260"}],"wp:term":[{"taxonomy":"brand","embeddable":true,"href":"https:\/\/familycancat.com\/en\/wp-json\/wp\/v2\/etheme_brands?post=9260"},{"taxonomy":"product_cat","embeddable":true,"href":"https:\/\/familycancat.com\/en\/wp-json\/wp\/v2\/product_cat?post=9260"},{"taxonomy":"product_tag","embeddable":true,"href":"https:\/\/familycancat.com\/en\/wp-json\/wp\/v2\/product_tag?post=9260"}],"curies":[{"name":"wp","href":"https:\/\/api.w.org\/{rel}","templated":true}]}}