{"id":9241,"date":"2025-06-27T19:29:18","date_gmt":"2025-06-27T18:29:18","guid":{"rendered":"https:\/\/familycancat.com\/?post_type=product&#038;p=9241"},"modified":"2026-04-10T12:27:58","modified_gmt":"2026-04-10T11:27:58","slug":"oreja-de-vaca-con-pelo-1-unidad","status":"publish","type":"product","link":"https:\/\/familycancat.com\/en\/product\/oreja-de-vaca-con-pelo-1-unidad\/","title":{"rendered":"Oreja de Vaca con Pelo ( 1 unidad )"},"content":{"rendered":"<p><strong>Snack 100% natural y saludable<\/strong>. Oreja de vacuno deshidratada, nada m\u00e1s.<\/p>\n<p>Tu perro se volver\u00e1 loco cuando huela este snack.<\/p>\n<p>El pelo ayuda a la\u00a0<strong>limpieza del est\u00f3mago, el tracto intestinal y colon.<\/strong>\u00a0Adem\u00e1s aporta\u00a0<strong>fibra natural<\/strong>.<\/p>\n<p><strong>Rico en col\u00e1geno y bajo en grasa<\/strong>.<\/p>\n<p>Ayuda a\u00a0<strong>combatir<\/strong>\u00a0de forma natural el\u00a0<strong>sarro<\/strong>.<\/p>\n<p>15 minutos de masticaci\u00f3n al d\u00eda ayudan a tu perro a combatir momentos de estr\u00e9s o aburrimiento, adem\u00e1s de\u00a0ser\u00a0una de sus necesidades vitales.<\/p>\n<p>Para perros de todas las edades de tama\u00f1o mediano y grande. Tambi\u00e9n para peque\u00f1os perros 4&#215;4.<\/p>\n<p><strong>Sin colorantes ni conservantes a\u00f1adidos.<\/strong><\/p>","protected":false},"excerpt":{"rendered":"<p>Snack 100% natural y saludable. Oreja de vacuno deshidratada, nada m\u00e1s. Tu perro se volver\u00e1 loco cuando huela este snack. El pelo ayuda a la\u00a0limpieza&#8230;<\/p>","protected":false},"featured_media":9257,"template":"","meta":[],"etheme_brands":[{"term_id":144,"name":"SNACK NATURAL","slug":"snack-natural","term_group":0,"term_taxonomy_id":144,"taxonomy":"brand","description":"","parent":0,"count":9,"filter":"raw"}],"product_cat":[145,96,20,90],"product_tag":[],"class_list":{"0":"post-9241","1":"product","2":"type-product","3":"status-publish","4":"has-post-thumbnail","6":"brand-snack-natural","7":"product_cat-snack-natural","8":"product_cat-todos-los-productos","9":"product_cat-perros","10":"product_cat-snacks","12":"first","13":"instock","14":"taxable","15":"shipping-taxable","16":"purchasable","17":"product-type-simple"},"jetpack_sharing_enabled":true,"_links":{"self":[{"href":"https:\/\/familycancat.com\/en\/wp-json\/wp\/v2\/product\/9241","targetHints":{"allow":["GET"]}}],"collection":[{"href":"https:\/\/familycancat.com\/en\/wp-json\/wp\/v2\/product"}],"about":[{"href":"https:\/\/familycancat.com\/en\/wp-json\/wp\/v2\/types\/product"}],"version-history":[{"count":1,"href":"https:\/\/familycancat.com\/en\/wp-json\/wp\/v2\/product\/9241\/revisions"}],"predecessor-version":[{"id":9243,"href":"https:\/\/familycancat.com\/en\/wp-json\/wp\/v2\/product\/9241\/revisions\/9243"}],"wp:featuredmedia":[{"embeddable":true,"href":"https:\/\/familycancat.com\/en\/wp-json\/wp\/v2\/media\/9257"}],"wp:attachment":[{"href":"https:\/\/familycancat.com\/en\/wp-json\/wp\/v2\/media?parent=9241"}],"wp:term":[{"taxonomy":"brand","embeddable":true,"href":"https:\/\/familycancat.com\/en\/wp-json\/wp\/v2\/etheme_brands?post=9241"},{"taxonomy":"product_cat","embeddable":true,"href":"https:\/\/familycancat.com\/en\/wp-json\/wp\/v2\/product_cat?post=9241"},{"taxonomy":"product_tag","embeddable":true,"href":"https:\/\/familycancat.com\/en\/wp-json\/wp\/v2\/product_tag?post=9241"}],"curies":[{"name":"wp","href":"https:\/\/api.w.org\/{rel}","templated":true}]}}