{"id":9235,"date":"2025-06-27T19:16:47","date_gmt":"2025-06-27T18:16:47","guid":{"rendered":"https:\/\/familycancat.com\/?post_type=product&#038;p=9235"},"modified":"2026-03-31T16:10:06","modified_gmt":"2026-03-31T15:10:06","slug":"hueso-de-jamon-1-unidad","status":"publish","type":"product","link":"https:\/\/familycancat.com\/en\/product\/hueso-de-jamon-1-unidad\/","title":{"rendered":"Hueso de Jamon (1 unidad )"},"content":{"rendered":"<p>A los perros les encanta roer y morder. Estos huesos frescos de jam\u00f3n son perfectos para satisfacer la necesidad de mordisquear de los perros; sobre todo, porque el hueso contiene trocitos de carne deliciosa.<\/p>\n<p>Los jugosos trozos de carne son un entretenimiento perfecto para tu mascota y a la vez una recompensa sana y sabrosa.<\/p>\n<p>Adem\u00e1s, el mordisquear el hueso facilita el cuidado de la dentadura del perro<\/p>\n<p><b>Ten en cuenta:<\/b>\u00a0los huesos de jam\u00f3n se deben dar como entretenimiento para masticar o como snack, pero no se debe dejar que el perro los consuma en su totalidad. Los trozos de hueso podr\u00edan atascarse en el est\u00f3mago y producir estre\u00f1imiento severo. Asimismo, las afiladas astillas del hueso pueden da\u00f1ar la pared intestinal. Debido a que son huesos largos, no se puede excluir que se desprenda alguna astilla de los mismos.<\/p>","protected":false},"excerpt":{"rendered":"<p>A los perros les encanta roer y morder. Estos huesos frescos de jam\u00f3n son perfectos para satisfacer la necesidad de mordisquear de los perros; sobre&#8230;<\/p>","protected":false},"featured_media":9236,"template":"","meta":[],"etheme_brands":[{"term_id":144,"name":"SNACK NATURAL","slug":"snack-natural","term_group":0,"term_taxonomy_id":144,"taxonomy":"brand","description":"","parent":0,"count":9,"filter":"raw"}],"product_cat":[145,96,20,128],"product_tag":[],"class_list":{"0":"post-9235","1":"product","2":"type-product","3":"status-publish","4":"has-post-thumbnail","6":"brand-snack-natural","7":"product_cat-snack-natural","8":"product_cat-todos-los-productos","9":"product_cat-perros","10":"product_cat-mordedores","12":"first","13":"instock","14":"taxable","15":"shipping-taxable","16":"purchasable","17":"product-type-simple"},"jetpack_sharing_enabled":true,"_links":{"self":[{"href":"https:\/\/familycancat.com\/en\/wp-json\/wp\/v2\/product\/9235","targetHints":{"allow":["GET"]}}],"collection":[{"href":"https:\/\/familycancat.com\/en\/wp-json\/wp\/v2\/product"}],"about":[{"href":"https:\/\/familycancat.com\/en\/wp-json\/wp\/v2\/types\/product"}],"version-history":[{"count":1,"href":"https:\/\/familycancat.com\/en\/wp-json\/wp\/v2\/product\/9235\/revisions"}],"predecessor-version":[{"id":9237,"href":"https:\/\/familycancat.com\/en\/wp-json\/wp\/v2\/product\/9235\/revisions\/9237"}],"wp:featuredmedia":[{"embeddable":true,"href":"https:\/\/familycancat.com\/en\/wp-json\/wp\/v2\/media\/9236"}],"wp:attachment":[{"href":"https:\/\/familycancat.com\/en\/wp-json\/wp\/v2\/media?parent=9235"}],"wp:term":[{"taxonomy":"brand","embeddable":true,"href":"https:\/\/familycancat.com\/en\/wp-json\/wp\/v2\/etheme_brands?post=9235"},{"taxonomy":"product_cat","embeddable":true,"href":"https:\/\/familycancat.com\/en\/wp-json\/wp\/v2\/product_cat?post=9235"},{"taxonomy":"product_tag","embeddable":true,"href":"https:\/\/familycancat.com\/en\/wp-json\/wp\/v2\/product_tag?post=9235"}],"curies":[{"name":"wp","href":"https:\/\/api.w.org\/{rel}","templated":true}]}}