{"id":9222,"date":"2025-06-27T17:26:06","date_gmt":"2025-06-27T16:26:06","guid":{"rendered":"https:\/\/familycancat.com\/?post_type=product&#038;p=9222"},"modified":"2026-04-08T11:14:21","modified_gmt":"2026-04-08T10:14:21","slug":"caravaca-de-ternera-sin-pelo-15-cm-1-unidad","status":"publish","type":"product","link":"https:\/\/familycancat.com\/en\/product\/caravaca-de-ternera-sin-pelo-15-cm-1-unidad\/","title":{"rendered":"Caravaca de Ternera sin Pelo 15 cm ( 1 unidad )"},"content":{"rendered":"<p>La\u00a0<strong>caravaca de ternera<\/strong> de Familycan contiene altos niveles de prote\u00edna.<\/p>\n<p><strong>Producto 100% natural<\/strong>.<\/p>\n<p>Tu perro se pasar\u00e1 horas mordisqueando este snack natural y le ayudar\u00e1 a\u00a0<strong>mantener una correcta higiene bucal.<\/strong><\/p>","protected":false},"excerpt":{"rendered":"<p>La\u00a0caravaca de ternera de Familycan contiene altos niveles de prote\u00edna. Producto 100% natural. Tu perro se pasar\u00e1 horas mordisqueando este snack natural y le ayudar\u00e1&#8230;<\/p>","protected":false},"featured_media":9223,"template":"","meta":[],"etheme_brands":[{"term_id":144,"name":"SNACK NATURAL","slug":"snack-natural","term_group":0,"term_taxonomy_id":144,"taxonomy":"brand","description":"","parent":0,"count":9,"filter":"raw"}],"product_cat":[145,96,20,90],"product_tag":[],"class_list":{"0":"post-9222","1":"product","2":"type-product","3":"status-publish","4":"has-post-thumbnail","6":"brand-snack-natural","7":"product_cat-snack-natural","8":"product_cat-todos-los-productos","9":"product_cat-perros","10":"product_cat-snacks","12":"first","13":"instock","14":"taxable","15":"shipping-taxable","16":"purchasable","17":"product-type-simple"},"jetpack_sharing_enabled":true,"_links":{"self":[{"href":"https:\/\/familycancat.com\/en\/wp-json\/wp\/v2\/product\/9222","targetHints":{"allow":["GET"]}}],"collection":[{"href":"https:\/\/familycancat.com\/en\/wp-json\/wp\/v2\/product"}],"about":[{"href":"https:\/\/familycancat.com\/en\/wp-json\/wp\/v2\/types\/product"}],"version-history":[{"count":3,"href":"https:\/\/familycancat.com\/en\/wp-json\/wp\/v2\/product\/9222\/revisions"}],"predecessor-version":[{"id":9226,"href":"https:\/\/familycancat.com\/en\/wp-json\/wp\/v2\/product\/9222\/revisions\/9226"}],"wp:featuredmedia":[{"embeddable":true,"href":"https:\/\/familycancat.com\/en\/wp-json\/wp\/v2\/media\/9223"}],"wp:attachment":[{"href":"https:\/\/familycancat.com\/en\/wp-json\/wp\/v2\/media?parent=9222"}],"wp:term":[{"taxonomy":"brand","embeddable":true,"href":"https:\/\/familycancat.com\/en\/wp-json\/wp\/v2\/etheme_brands?post=9222"},{"taxonomy":"product_cat","embeddable":true,"href":"https:\/\/familycancat.com\/en\/wp-json\/wp\/v2\/product_cat?post=9222"},{"taxonomy":"product_tag","embeddable":true,"href":"https:\/\/familycancat.com\/en\/wp-json\/wp\/v2\/product_tag?post=9222"}],"curies":[{"name":"wp","href":"https:\/\/api.w.org\/{rel}","templated":true}]}}