{"id":9218,"date":"2025-06-27T17:18:27","date_gmt":"2025-06-27T16:18:27","guid":{"rendered":"https:\/\/familycancat.com\/?post_type=product&#038;p=9218"},"modified":"2026-02-11T00:43:30","modified_gmt":"2026-02-10T23:43:30","slug":"patas-de-pollo-5-unidad","status":"publish","type":"product","link":"https:\/\/familycancat.com\/en\/product\/patas-de-pollo-5-unidad\/","title":{"rendered":"Patas de Pollo ( 5 Unidades )"},"content":{"rendered":"<p>Deliciosas y crujientes patitas de pollo deshidratadas 100% naturales.<\/p>\n<p>Gran fuente natural de calcio y de glucosamina, vitales para mantener bien sanas las articulaciones.<\/p>\n<p>Al ser crujientes y de una duraci\u00f3n media, servir\u00e1n tambi\u00e9n como un cepillo natural para los dientes de nuestros perros.<\/p>\n<p>Han sido deshidratadas a baja temperatura para as\u00ed preservar todas sus propiedades.<\/p>\n<p>No contiene conservantes, colorantes ni saborizantes artificiales, se trata de un producto 100% natural.<\/p>\n<p>Elaborados con materia primas e ingredientes naturales.<\/p>","protected":false},"excerpt":{"rendered":"<p>Deliciosas y crujientes patitas de pollo deshidratadas 100% naturales. Gran fuente natural de calcio y de glucosamina, vitales para mantener bien sanas las articulaciones. Al&#8230;<\/p>","protected":false},"featured_media":9258,"template":"","meta":[],"etheme_brands":[{"term_id":144,"name":"SNACK NATURAL","slug":"snack-natural","term_group":0,"term_taxonomy_id":144,"taxonomy":"brand","description":"","parent":0,"count":9,"filter":"raw"}],"product_cat":[145,96,20,90,25,34],"product_tag":[],"class_list":{"0":"post-9218","1":"product","2":"type-product","3":"status-publish","4":"has-post-thumbnail","6":"brand-snack-natural","7":"product_cat-snack-natural","8":"product_cat-todos-los-productos","9":"product_cat-perros","10":"product_cat-snacks","11":"product_cat-gatos","12":"product_cat-snacks-gatos","14":"first","15":"instock","16":"taxable","17":"shipping-taxable","18":"purchasable","19":"product-type-simple"},"jetpack_sharing_enabled":true,"_links":{"self":[{"href":"https:\/\/familycancat.com\/en\/wp-json\/wp\/v2\/product\/9218","targetHints":{"allow":["GET"]}}],"collection":[{"href":"https:\/\/familycancat.com\/en\/wp-json\/wp\/v2\/product"}],"about":[{"href":"https:\/\/familycancat.com\/en\/wp-json\/wp\/v2\/types\/product"}],"version-history":[{"count":3,"href":"https:\/\/familycancat.com\/en\/wp-json\/wp\/v2\/product\/9218\/revisions"}],"predecessor-version":[{"id":9227,"href":"https:\/\/familycancat.com\/en\/wp-json\/wp\/v2\/product\/9218\/revisions\/9227"}],"wp:featuredmedia":[{"embeddable":true,"href":"https:\/\/familycancat.com\/en\/wp-json\/wp\/v2\/media\/9258"}],"wp:attachment":[{"href":"https:\/\/familycancat.com\/en\/wp-json\/wp\/v2\/media?parent=9218"}],"wp:term":[{"taxonomy":"brand","embeddable":true,"href":"https:\/\/familycancat.com\/en\/wp-json\/wp\/v2\/etheme_brands?post=9218"},{"taxonomy":"product_cat","embeddable":true,"href":"https:\/\/familycancat.com\/en\/wp-json\/wp\/v2\/product_cat?post=9218"},{"taxonomy":"product_tag","embeddable":true,"href":"https:\/\/familycancat.com\/en\/wp-json\/wp\/v2\/product_tag?post=9218"}],"curies":[{"name":"wp","href":"https:\/\/api.w.org\/{rel}","templated":true}]}}