{"id":9188,"date":"2025-06-27T12:15:25","date_gmt":"2025-06-27T11:15:25","guid":{"rendered":"https:\/\/familycancat.com\/?post_type=product&#038;p=9188"},"modified":"2025-08-28T16:59:33","modified_gmt":"2025-08-28T15:59:33","slug":"farmina-nd-cat-quinoa-urinary-pato-5kg","status":"publish","type":"product","link":"https:\/\/familycancat.com\/en\/product\/farmina-nd-cat-quinoa-urinary-pato-5kg\/","title":{"rendered":"Farmina ND Cat Quinoa Urinary Pato 5KG"},"content":{"rendered":"<p><strong>COMPOSICI\u00d3N<\/strong><\/p>\n<p>Pato deshuesado (20%), prote\u00edna de pato deshidratada (20%), almid\u00f3n de guisante, grasa de pollo, extracto de semillas de quinoa (8%), huevo deshidratado, prote\u00edna de arenque deshidratada, aceite de pescado (de arenque), ar\u00e1ndano deshidratado (2,5%), manzanilla (2,5%), fructooligosac\u00e1ridos, extracto de levadura (fuente de manano-oligosac\u00e1ridos), c\u00e1scaras y semillas de psyllium, carbonato de calcio, cloruro de potasio, levadura de cerveza deshidratada, cloruro de sodio, extracto de aloe vera, glucosamina, condroit\u00edn sulfato.<\/p>\n<p><strong>ADITIVOS POR KG<\/strong><\/p>\n<p>Aditivos nutricionales: Vitamina A 18000UI; Vitamina D3 1200UI; Vitamina E 600mg; Vitamina C 300mg; niacina 150mg; \u00e1cido pantot\u00e9nico 50mg; Vitamina B2 20mg; Vitamina B6 8.1mg; Vitamina B1 10mg; Biotina 1.5mg; \u00e1cido f\u00f3lico 1.5mg; Vitamina B12 0.1mg; cloruro de colina 2500mg; beta-caroteno 1.5mg; Quelato de Zinc de metionina hidroxilada 910mg; Quelato de Manganeso de metionina hidroxilada 380mg; Quelato de Hierro de hidrato de glicina 250mg; Quelato de Cobre de metionina hidroxilada 88mg; DL-metionina 3500mg; taurina 2000mg; L-lisina HCl 1000mg.<\/p>\n<p>Aditivos organol\u00e9pticos: extracto de aloe vera 1000mg; extracto de t\u00e9 verde 100mg; extracto de romero.<\/p>\n<p>Antioxidantes: extracto de origen natural rico en tocoferoles.<\/p>\n<p>Sustancias acidificantes de la orina: cloruro de amonio 3500mg; DL-metionina 3500mg.<\/p>\n<p><strong>COMPONENTES ANAL\u00cdTICOS<\/strong><\/p>\n<p>Prote\u00edna bruta 33,00%; Grasa bruta 16,50%; Fibra bruta 2,10%; Humedad 8,00%; Ceniza bruta 7,90%; Calcio 1,00%; F\u00f3sforo 0,80%; Sodio 0,30%; Potasio 0,70%; Magnesio 0,08%; Cloruros 0,75%; Azufre 0,40%; \u00c1cidos grasos Omega-6 3,20%; \u00c1cidos grasos Omega-3 0,40%; DHA 0,15%; EPA 0,10%; glucosamina 1200mg\/kg, condroit\u00edn sulfato 900 mg\/kg.<\/p>\n<p><strong>VALOR ENERG\u00c9TICO<\/strong><\/p>\n<p>EM Kcal\/Kg 3984 &#8211; Mj\/Kg 16,67<\/p>","protected":false},"excerpt":{"rendered":"<p>Farmina ND CAT Quinoa Urinary Pato es un alimento diet\u00e9tico completo para gatos, indicado para la Reducci\u00f3n de la reaparici\u00f3n de c\u00e1lculos de fosfato inorg\u00e1nico y enfermedad de las v\u00edas urinarias de los felinos.<\/p>","protected":false},"featured_media":7288,"template":"","meta":[],"etheme_brands":[{"term_id":99,"name":"FARMINA","slug":"farmina","term_group":0,"term_taxonomy_id":99,"taxonomy":"brand","description":"","parent":0,"count":127,"filter":"raw"}],"product_cat":[96,25,21],"product_tag":[],"class_list":{"0":"post-9188","1":"product","2":"type-product","3":"status-publish","4":"has-post-thumbnail","6":"brand-farmina","7":"product_cat-todos-los-productos","8":"product_cat-gatos","9":"product_cat-pienso-gatos","11":"first","12":"instock","13":"taxable","14":"shipping-taxable","15":"purchasable","16":"product-type-simple"},"jetpack_sharing_enabled":true,"_links":{"self":[{"href":"https:\/\/familycancat.com\/en\/wp-json\/wp\/v2\/product\/9188","targetHints":{"allow":["GET"]}}],"collection":[{"href":"https:\/\/familycancat.com\/en\/wp-json\/wp\/v2\/product"}],"about":[{"href":"https:\/\/familycancat.com\/en\/wp-json\/wp\/v2\/types\/product"}],"version-history":[{"count":1,"href":"https:\/\/familycancat.com\/en\/wp-json\/wp\/v2\/product\/9188\/revisions"}],"predecessor-version":[{"id":9189,"href":"https:\/\/familycancat.com\/en\/wp-json\/wp\/v2\/product\/9188\/revisions\/9189"}],"wp:featuredmedia":[{"embeddable":true,"href":"https:\/\/familycancat.com\/en\/wp-json\/wp\/v2\/media\/7288"}],"wp:attachment":[{"href":"https:\/\/familycancat.com\/en\/wp-json\/wp\/v2\/media?parent=9188"}],"wp:term":[{"taxonomy":"brand","embeddable":true,"href":"https:\/\/familycancat.com\/en\/wp-json\/wp\/v2\/etheme_brands?post=9188"},{"taxonomy":"product_cat","embeddable":true,"href":"https:\/\/familycancat.com\/en\/wp-json\/wp\/v2\/product_cat?post=9188"},{"taxonomy":"product_tag","embeddable":true,"href":"https:\/\/familycancat.com\/en\/wp-json\/wp\/v2\/product_tag?post=9188"}],"curies":[{"name":"wp","href":"https:\/\/api.w.org\/{rel}","templated":true}]}}