{"id":9187,"date":"2025-06-26T19:48:21","date_gmt":"2025-06-26T18:48:21","guid":{"rendered":"https:\/\/familycancat.com\/?post_type=product&#038;p=9187"},"modified":"2026-04-10T18:07:38","modified_gmt":"2026-04-10T17:07:38","slug":"bravery-cat-sopa-chicken-carrots-40-gr","status":"publish","type":"product","link":"https:\/\/familycancat.com\/en\/product\/bravery-cat-sopa-chicken-carrots-40-gr\/","title":{"rendered":"BRAVERY CAT SOPA CHICKEN &#038; CARROTS 40 GR"},"content":{"rendered":"<p>SOPA POLLO Y ZANAHORIA ALIMENTO COMPLEMENTARIO PARA GATOS<\/p>\n<p>Composici\u00f3n (%): Caldo de pollo, pollo 20; h\u00edgado de pollo 4.6; zanahoria 4.6; almid\u00f3n de tapioca.<\/p>\n<p>Constituyentes anal\u00edticos (%): Prote\u00edna bruta 7, Grasa bruta 0.5, Ceniza bruta 0.1, Fibra bruta 0.1, Humedad 91.<\/p>","protected":false},"excerpt":{"rendered":"<p>SOPA POLLO Y ZANAHORIA ALIMENTO COMPLEMENTARIO PARA GATOS Composici\u00f3n (%): Caldo de pollo, pollo 20; h\u00edgado de pollo 4.6; zanahoria 4.6; almid\u00f3n de tapioca. Constituyentes&#8230;<\/p>","protected":false},"featured_media":9190,"template":"","meta":[],"etheme_brands":[{"term_id":114,"name":"BRAVERY","slug":"bravery","term_group":0,"term_taxonomy_id":114,"taxonomy":"brand","description":"","parent":0,"count":3,"filter":"raw"}],"product_cat":[25,83],"product_tag":[],"class_list":{"0":"post-9187","1":"product","2":"type-product","3":"status-publish","4":"has-post-thumbnail","6":"brand-bravery","7":"product_cat-gatos","8":"product_cat-comida-humeda-para-gatos","10":"first","11":"instock","12":"taxable","13":"shipping-taxable","14":"purchasable","15":"product-type-simple"},"jetpack_sharing_enabled":true,"_links":{"self":[{"href":"https:\/\/familycancat.com\/en\/wp-json\/wp\/v2\/product\/9187","targetHints":{"allow":["GET"]}}],"collection":[{"href":"https:\/\/familycancat.com\/en\/wp-json\/wp\/v2\/product"}],"about":[{"href":"https:\/\/familycancat.com\/en\/wp-json\/wp\/v2\/types\/product"}],"version-history":[{"count":2,"href":"https:\/\/familycancat.com\/en\/wp-json\/wp\/v2\/product\/9187\/revisions"}],"predecessor-version":[{"id":9192,"href":"https:\/\/familycancat.com\/en\/wp-json\/wp\/v2\/product\/9187\/revisions\/9192"}],"wp:featuredmedia":[{"embeddable":true,"href":"https:\/\/familycancat.com\/en\/wp-json\/wp\/v2\/media\/9190"}],"wp:attachment":[{"href":"https:\/\/familycancat.com\/en\/wp-json\/wp\/v2\/media?parent=9187"}],"wp:term":[{"taxonomy":"brand","embeddable":true,"href":"https:\/\/familycancat.com\/en\/wp-json\/wp\/v2\/etheme_brands?post=9187"},{"taxonomy":"product_cat","embeddable":true,"href":"https:\/\/familycancat.com\/en\/wp-json\/wp\/v2\/product_cat?post=9187"},{"taxonomy":"product_tag","embeddable":true,"href":"https:\/\/familycancat.com\/en\/wp-json\/wp\/v2\/product_tag?post=9187"}],"curies":[{"name":"wp","href":"https:\/\/api.w.org\/{rel}","templated":true}]}}