{"id":9183,"date":"2025-06-26T19:44:38","date_gmt":"2025-06-26T18:44:38","guid":{"rendered":"https:\/\/familycancat.com\/?post_type=product&#038;p=9183"},"modified":"2026-01-09T13:22:08","modified_gmt":"2026-01-09T12:22:08","slug":"bravery-cat-sopa-salmon-pumpkin-40-gr","status":"publish","type":"product","link":"https:\/\/familycancat.com\/en\/product\/bravery-cat-sopa-salmon-pumpkin-40-gr\/","title":{"rendered":"BRAVERY CAT SOPA SALMON &#038; PUMPKIN 40 GR"},"content":{"rendered":"<p>Crema elaborada con salm\u00f3n como \u00fanica fuente de prote\u00ednas, ayuda a fortalecer el sistema inmunol\u00f3gico, previene enfermedades cardiovasculares y mejora la salud de la piel y el pelo con sus \u00e1cidos grasos Omega 3 y 6. Tambi\u00e9n incluye calabaza, rica en fibra, que ayuda regular la funci\u00f3n intestinal y refuerza el sistema inmunol\u00f3gico del gato, con vitaminas A y C.<\/p>\n<p>BENEFICIOS: AYUDA A LA HIDRATACI\u00d3N, ALTA PALATABILIDAD, GRAIN FREE, MONOPROTEICO, HIPOALLERG\u00c9NICO, SIN CONSERVANTES NI ADITIVOS.<\/p>\n<p>Composici\u00f3n<br \/>\nCREMA SALMON Y CALABAZA ALIMENTO COMPLEMENTARIO PARA GATOS Composici\u00f3n (%): Agua salm\u00f3n 24, calabaza 4, almid\u00f3n de tapioca, aceite de girasol.<br \/>\nConstituyentes anal\u00edticos (%): Prote\u00edna bruta 5,5; Grasa bruta 2, Ceniza bruta 0,5; Fibra bruta 0,1; Humedad 87.<\/p>\n<p>Modo de empleo<br \/>\nMantener en un lugar fresco y seco. Una vez abierto conservar en el frigor\u00edfico.<br \/>\nConsumir preferentemente antes de: Ver fecha y n\u00ba lote en el envase.<\/p>\n<p>Cantidades recomendadas:<br \/>\nKG &#8230;.. cantidad diaria (bolsa)<br \/>\n1-3 &#8230;. 0,5-1<br \/>\n3-5 &#8230;. 1-2<br \/>\n&gt;5 &#8230;. 2 o m\u00e1s<\/p>","protected":false},"excerpt":{"rendered":"<p>Crema elaborada con salm\u00f3n como \u00fanica fuente de prote\u00ednas, ayuda a fortalecer el sistema inmunol\u00f3gico, previene enfermedades cardiovasculares y mejora la salud de la piel&#8230;<\/p>","protected":false},"featured_media":9184,"template":"","meta":[],"etheme_brands":[{"term_id":114,"name":"BRAVERY","slug":"bravery","term_group":0,"term_taxonomy_id":114,"taxonomy":"brand","description":"","parent":0,"count":3,"filter":"raw"}],"product_cat":[25,83],"product_tag":[],"class_list":{"0":"post-9183","1":"product","2":"type-product","3":"status-publish","4":"has-post-thumbnail","6":"brand-bravery","7":"product_cat-gatos","8":"product_cat-comida-humeda-para-gatos","10":"first","11":"instock","12":"taxable","13":"shipping-taxable","14":"purchasable","15":"product-type-simple"},"jetpack_sharing_enabled":true,"_links":{"self":[{"href":"https:\/\/familycancat.com\/en\/wp-json\/wp\/v2\/product\/9183","targetHints":{"allow":["GET"]}}],"collection":[{"href":"https:\/\/familycancat.com\/en\/wp-json\/wp\/v2\/product"}],"about":[{"href":"https:\/\/familycancat.com\/en\/wp-json\/wp\/v2\/types\/product"}],"version-history":[{"count":1,"href":"https:\/\/familycancat.com\/en\/wp-json\/wp\/v2\/product\/9183\/revisions"}],"predecessor-version":[{"id":9185,"href":"https:\/\/familycancat.com\/en\/wp-json\/wp\/v2\/product\/9183\/revisions\/9185"}],"wp:featuredmedia":[{"embeddable":true,"href":"https:\/\/familycancat.com\/en\/wp-json\/wp\/v2\/media\/9184"}],"wp:attachment":[{"href":"https:\/\/familycancat.com\/en\/wp-json\/wp\/v2\/media?parent=9183"}],"wp:term":[{"taxonomy":"brand","embeddable":true,"href":"https:\/\/familycancat.com\/en\/wp-json\/wp\/v2\/etheme_brands?post=9183"},{"taxonomy":"product_cat","embeddable":true,"href":"https:\/\/familycancat.com\/en\/wp-json\/wp\/v2\/product_cat?post=9183"},{"taxonomy":"product_tag","embeddable":true,"href":"https:\/\/familycancat.com\/en\/wp-json\/wp\/v2\/product_tag?post=9183"}],"curies":[{"name":"wp","href":"https:\/\/api.w.org\/{rel}","templated":true}]}}