{"id":9165,"date":"2025-06-19T19:27:39","date_gmt":"2025-06-19T18:27:39","guid":{"rendered":"https:\/\/familycancat.com\/?post_type=product&#038;p=9165"},"modified":"2026-03-28T11:24:30","modified_gmt":"2026-03-28T10:24:30","slug":"natural-greatness-obesity-control-400-gr","status":"publish","type":"product","link":"https:\/\/familycancat.com\/en\/product\/natural-greatness-obesity-control-400-gr\/","title":{"rendered":"Natural Greatness Obesity Control 400 Gr"},"content":{"rendered":"<h3>Composici\u00f3n:<\/h3>\n<p>Pollo (40 %), Pavo (28 %), Celulosa (3 %), Minerales (1 %), Aceite de salm\u00f3n (0,2 %), Glucosamina (0,09 %), Sulfato de condroitina (0,03 %). Energ\u00eda metabolizable: 71,4 kcal\/100 g.<\/p>\n<h3>Componentes anal\u00edticos:<\/h3>\n<p>Prote\u00edna bruta (11,6 %), Grasas (3,3 %), Ceniza bruta (2,4 %), Fibra bruta (3 %), Humedad (78 %), \u00c1cidos grasos omega 3 (0,1 %), \u00c1cidos grasos omega 6 (0,4 %), EPA (0,01 %), DHA (0,01 %), Almid\u00f3n (0,2 %), Az\u00facares [total] (0,1 %).<\/p>\n<h3>Aditivos nutricionales:<\/h3>\n<p>Vitamina D3: 200 U. I., \u00c1cido f\u00f3lico: 0,35 mg, Biotina: 300 mg, Cloruro de colina: 1200 mg, Zinc (3b605): 25 mg, Manganeso (3b503): 1,4 mg, Yodo (3b202): 0,75 mg, L-Carnitina: 1000 mg, Cobre (3b405): 1 mg.<\/p>","protected":false},"excerpt":{"rendered":"<p>Esta comida h\u00fameda\u00a0<strong>Natural Greatness Obesity Control de Peso<\/strong>\u00a0le encantar\u00e1 a tu perro. Es un alimento h\u00famedo formulado para perros j\u00fanior y adultos de todas las razas con sobrepeso u obesidad, diabetes mellitus, colitis, estre\u00f1imiento o hiperlipidemia asociada al sobrepeso.<\/p>","protected":false},"featured_media":9166,"template":"","meta":[],"etheme_brands":[{"term_id":101,"name":"NATURAL GREATNESS","slug":"natural-greatness","term_group":0,"term_taxonomy_id":101,"taxonomy":"brand","description":"","parent":0,"count":73,"filter":"raw"}],"product_cat":[96,20,89],"product_tag":[],"class_list":{"0":"post-9165","1":"product","2":"type-product","3":"status-publish","4":"has-post-thumbnail","6":"brand-natural-greatness","7":"product_cat-todos-los-productos","8":"product_cat-perros","9":"product_cat-comida-humeda-para-perros","11":"first","12":"instock","13":"taxable","14":"shipping-taxable","15":"purchasable","16":"product-type-simple"},"jetpack_sharing_enabled":true,"_links":{"self":[{"href":"https:\/\/familycancat.com\/en\/wp-json\/wp\/v2\/product\/9165","targetHints":{"allow":["GET"]}}],"collection":[{"href":"https:\/\/familycancat.com\/en\/wp-json\/wp\/v2\/product"}],"about":[{"href":"https:\/\/familycancat.com\/en\/wp-json\/wp\/v2\/types\/product"}],"version-history":[{"count":1,"href":"https:\/\/familycancat.com\/en\/wp-json\/wp\/v2\/product\/9165\/revisions"}],"predecessor-version":[{"id":9167,"href":"https:\/\/familycancat.com\/en\/wp-json\/wp\/v2\/product\/9165\/revisions\/9167"}],"wp:featuredmedia":[{"embeddable":true,"href":"https:\/\/familycancat.com\/en\/wp-json\/wp\/v2\/media\/9166"}],"wp:attachment":[{"href":"https:\/\/familycancat.com\/en\/wp-json\/wp\/v2\/media?parent=9165"}],"wp:term":[{"taxonomy":"brand","embeddable":true,"href":"https:\/\/familycancat.com\/en\/wp-json\/wp\/v2\/etheme_brands?post=9165"},{"taxonomy":"product_cat","embeddable":true,"href":"https:\/\/familycancat.com\/en\/wp-json\/wp\/v2\/product_cat?post=9165"},{"taxonomy":"product_tag","embeddable":true,"href":"https:\/\/familycancat.com\/en\/wp-json\/wp\/v2\/product_tag?post=9165"}],"curies":[{"name":"wp","href":"https:\/\/api.w.org\/{rel}","templated":true}]}}