{"id":9162,"date":"2025-06-19T19:19:44","date_gmt":"2025-06-19T18:19:44","guid":{"rendered":"https:\/\/familycancat.com\/?post_type=product&#038;p=9162"},"modified":"2026-03-26T19:43:18","modified_gmt":"2026-03-26T18:43:18","slug":"dogs-love-lata-de-pavo-puro-barf-para-perros-400-gr","status":"publish","type":"product","link":"https:\/\/familycancat.com\/en\/product\/dogs-love-lata-de-pavo-puro-barf-para-perros-400-gr\/","title":{"rendered":"Dog&#8217;s Love Lata De Pavo Puro BARF para Perros 400 Gr"},"content":{"rendered":"<p><strong>Dog&#8217;s Love Lata para Perros Puro BARF 400 Gr<\/strong>\u00a0es un alimento h\u00famedo de alta calidad, especialmente formulado para perros que siguen una dieta BARF (Biologically Appropriate Raw Food). Este producto proporciona una nutrici\u00f3n completa y equilibrada, adaptada a las necesidades espec\u00edficas de tu mascota.<\/p>\n<p>&nbsp;<\/p>\n<p>&nbsp;<\/p>\n<h4><strong>Caracter\u00edsticas principales<\/strong>:<\/h4>\n<ul>\n<li>Composici\u00f3n: Contiene un 71% de carne fresca de pavo, pollo o ternera asegurando una fuente rica en prote\u00ednas de alta calidad.<\/li>\n<li>Ingredientes adicionales: Incluye minerales, aceite de c\u00e1rtamo, algas, tierra mineral y c\u00e1scara de huevo en polvo, aportando nutrientes esenciales para la salud de tu perro.<\/li>\n<li>Libre de: Cereales, gluten, harina de huesos, colorantes artificiales, aromatizantes, az\u00facares a\u00f1adidos, residuos de mataderos y potenciadores del sabor, garantizando una alimentaci\u00f3n natural y saludable.<\/li>\n<\/ul>\n<p>&nbsp;<\/p>\n<p>&nbsp;<\/p>\n<h4><strong>Beneficios<\/strong>:<\/h4>\n<ul>\n<li>Dieta BARF: Ideal para perros que siguen una dieta cruda, proporcionando una alternativa pr\u00e1ctica y equilibrada.<\/li>\n<li>Apto para todas las edades: Dise\u00f1ado para satisfacer las necesidades nutricionales de perros de todas las edades.<\/li>\n<li>Fabricaci\u00f3n responsable: Elaborado en Austria con materias primas preferentemente regionales, asegurando calidad y sostenibilidad.<\/li>\n<\/ul>\n<p>&nbsp;<\/p>\n<p>&nbsp;<\/p>\n<h4><strong>Instrucciones de uso<\/strong>:<\/h4>\n<ul>\n<li>Utilizar como complemento o sustituto de la dieta habitual de tu perro, seg\u00fan las recomendaciones de tu veterinario.<\/li>\n<li>Mantener siempre agua limpia y fresca a disposici\u00f3n de tu mascota.<\/li>\n<\/ul>\n<p>&nbsp;<\/p>\n<p>&nbsp;<\/p>\n<h4><strong>Conservaci\u00f3n<\/strong>:<\/h4>\n<ul>\n<li>Conservar en un lugar fresco y seco.<\/li>\n<li>Una vez abierto, refrigerar y consumir en un plazo de 2-3 d\u00edas.<\/li>\n<\/ul>","protected":false},"excerpt":{"rendered":"<p>Alimento h\u00famedo de alta calidad dise\u00f1ado para perros que siguen una dieta BARF (Biologically Appropriate Raw Food). Proporcionando una nutrici\u00f3n completa y equilibrada. Es ideal para perros de todas las edades. Libre de cereales, gluten, az\u00facar a\u00f1adido, conservantes y colorantes artificiales.<\/p>","protected":false},"featured_media":9163,"template":"","meta":[],"etheme_brands":[{"term_id":136,"name":"DOG LOVE","slug":"dog-love","term_group":0,"term_taxonomy_id":136,"taxonomy":"brand","description":"","parent":0,"count":29,"filter":"raw"}],"product_cat":[96,20,89],"product_tag":[],"class_list":{"0":"post-9162","1":"product","2":"type-product","3":"status-publish","4":"has-post-thumbnail","6":"brand-dog-love","7":"product_cat-todos-los-productos","8":"product_cat-perros","9":"product_cat-comida-humeda-para-perros","11":"first","12":"instock","13":"taxable","14":"shipping-taxable","15":"purchasable","16":"product-type-simple"},"jetpack_sharing_enabled":true,"_links":{"self":[{"href":"https:\/\/familycancat.com\/en\/wp-json\/wp\/v2\/product\/9162","targetHints":{"allow":["GET"]}}],"collection":[{"href":"https:\/\/familycancat.com\/en\/wp-json\/wp\/v2\/product"}],"about":[{"href":"https:\/\/familycancat.com\/en\/wp-json\/wp\/v2\/types\/product"}],"version-history":[{"count":1,"href":"https:\/\/familycancat.com\/en\/wp-json\/wp\/v2\/product\/9162\/revisions"}],"predecessor-version":[{"id":9164,"href":"https:\/\/familycancat.com\/en\/wp-json\/wp\/v2\/product\/9162\/revisions\/9164"}],"wp:featuredmedia":[{"embeddable":true,"href":"https:\/\/familycancat.com\/en\/wp-json\/wp\/v2\/media\/9163"}],"wp:attachment":[{"href":"https:\/\/familycancat.com\/en\/wp-json\/wp\/v2\/media?parent=9162"}],"wp:term":[{"taxonomy":"brand","embeddable":true,"href":"https:\/\/familycancat.com\/en\/wp-json\/wp\/v2\/etheme_brands?post=9162"},{"taxonomy":"product_cat","embeddable":true,"href":"https:\/\/familycancat.com\/en\/wp-json\/wp\/v2\/product_cat?post=9162"},{"taxonomy":"product_tag","embeddable":true,"href":"https:\/\/familycancat.com\/en\/wp-json\/wp\/v2\/product_tag?post=9162"}],"curies":[{"name":"wp","href":"https:\/\/api.w.org\/{rel}","templated":true}]}}