{"id":9155,"date":"2025-06-19T19:05:11","date_gmt":"2025-06-19T18:05:11","guid":{"rendered":"https:\/\/familycancat.com\/?post_type=product&#038;p=9155"},"modified":"2026-03-24T19:02:00","modified_gmt":"2026-03-24T18:02:00","slug":"farmina-nd-cat-quinoa-skin-coat-arenque-80-gr","status":"publish","type":"product","link":"https:\/\/familycancat.com\/en\/product\/farmina-nd-cat-quinoa-skin-coat-arenque-80-gr\/","title":{"rendered":"Farmina ND Cat Quinoa Skin &#038; Coat Arenque 80 Gr"},"content":{"rendered":"<p>N&amp;D Quinoa: Nutrici\u00f3n a Medida para Necesidades Diet\u00e9ticas Espec\u00edficas<\/p>\n<p>Desbloquea el poder de N&amp;D Quinoa Skin &amp; Coat, la dieta de sensibilidad alimentaria definitiva para cat Cient\u00edficamente formulado para cat que sufren alergias, intolerancias, picores o calenturas, garantizando al mismo tiempo una nutrici\u00f3n y satisfacci\u00f3n \u00f3ptimas.<\/p>\n<p>Beneficios Clave:<br \/>\n&#8211; Dieta de ingredientes limitados -Prote\u00edna \u00fanica y novedosa<br \/>\n&#8211; Alto contenido en Omega-3<br \/>\n&#8211; Bajo \u00edndice gluc\u00e9mico<\/p>\n<p>\u00bfPor qu\u00e9 elegir la quinoa N&amp;D?<br \/>\n&#8211; Calidad de confianza: Los ingredientes de origen regional cumplen las normas m\u00e1s exigentes.<br \/>\n&#8211; Nutrici\u00f3n a medida: Dise\u00f1ado por nutricionistas de animales para las sensibilidades alimentarias.<br \/>\n&#8211; Garant\u00eda de satisfacci\u00f3n del 100%: Experimenta una mayor vitalidad y bienestar.<\/p>\n<p>&nbsp;<\/p>\n<p><span class=\"titoletto\">composici\u00f3n<\/span><\/p>\n<p class=\"comp\">Arenque (65%), prote\u00edna de pescado hidrolizada, extractos de semillas de quinoa (5%), aceite de pescado, coco (4%), fructooligosac\u00e1ridos, condroit\u00edn sulfato, glucosamina, vitaminas, minerales. Fuentes de prote\u00ednas: arenque, prote\u00edna de pescado hidrolizada. Fuentes de hidratos de carbono: extractos de semillas de quinoa.<\/p>","protected":false},"excerpt":{"rendered":"<p>N&amp;D Quinoa Skin &amp; Coat es un alimento h\u00famedo diet\u00e9tico completo para gatos, sugerido para la reducci\u00f3n de intolerancias de ingredientes y nutrientes.<\/p>","protected":false},"featured_media":9156,"template":"","meta":[],"etheme_brands":[{"term_id":99,"name":"FARMINA","slug":"farmina","term_group":0,"term_taxonomy_id":99,"taxonomy":"brand","description":"","parent":0,"count":127,"filter":"raw"}],"product_cat":[96,25,83],"product_tag":[],"class_list":{"0":"post-9155","1":"product","2":"type-product","3":"status-publish","4":"has-post-thumbnail","6":"brand-farmina","7":"product_cat-todos-los-productos","8":"product_cat-gatos","9":"product_cat-comida-humeda-para-gatos","11":"first","12":"instock","13":"taxable","14":"shipping-taxable","15":"purchasable","16":"product-type-simple"},"jetpack_sharing_enabled":true,"_links":{"self":[{"href":"https:\/\/familycancat.com\/en\/wp-json\/wp\/v2\/product\/9155","targetHints":{"allow":["GET"]}}],"collection":[{"href":"https:\/\/familycancat.com\/en\/wp-json\/wp\/v2\/product"}],"about":[{"href":"https:\/\/familycancat.com\/en\/wp-json\/wp\/v2\/types\/product"}],"version-history":[{"count":1,"href":"https:\/\/familycancat.com\/en\/wp-json\/wp\/v2\/product\/9155\/revisions"}],"predecessor-version":[{"id":9158,"href":"https:\/\/familycancat.com\/en\/wp-json\/wp\/v2\/product\/9155\/revisions\/9158"}],"wp:featuredmedia":[{"embeddable":true,"href":"https:\/\/familycancat.com\/en\/wp-json\/wp\/v2\/media\/9156"}],"wp:attachment":[{"href":"https:\/\/familycancat.com\/en\/wp-json\/wp\/v2\/media?parent=9155"}],"wp:term":[{"taxonomy":"brand","embeddable":true,"href":"https:\/\/familycancat.com\/en\/wp-json\/wp\/v2\/etheme_brands?post=9155"},{"taxonomy":"product_cat","embeddable":true,"href":"https:\/\/familycancat.com\/en\/wp-json\/wp\/v2\/product_cat?post=9155"},{"taxonomy":"product_tag","embeddable":true,"href":"https:\/\/familycancat.com\/en\/wp-json\/wp\/v2\/product_tag?post=9155"}],"curies":[{"name":"wp","href":"https:\/\/api.w.org\/{rel}","templated":true}]}}