{"id":9152,"date":"2025-06-18T17:05:08","date_gmt":"2025-06-18T16:05:08","guid":{"rendered":"https:\/\/familycancat.com\/?post_type=product&#038;p=9152"},"modified":"2026-04-04T12:13:15","modified_gmt":"2026-04-04T11:13:15","slug":"woolf-chunkies-cordero-100gr","status":"publish","type":"product","link":"https:\/\/familycancat.com\/en\/product\/woolf-chunkies-cordero-100gr\/","title":{"rendered":"Woolf Chunkies Cordero 100gr"},"content":{"rendered":"<div class=\"product-page-details__content is-short\">Woolf Bocaditos de Cordero. Snack natural Woolf rollitos masticables de pollo, alimento complementario para perros.<\/div>\n<div class=\"product-page-details__content is-long\">\n<ul>\n<li>Pollo (57%), cuero crudo (40%), glicerina (0,5%), sorbitol (0,5%)Snack natural Woolf rollitos masticables de pollo, alimento complementario para perros. Elaborado sin conservantes, colorantes ni aditivos qu\u00edmicos. Una forma sana y natural de premiar al perro despu\u00e9s de un buen comportamiento.<\/li>\n<li>Los rollitos masticables Woolf est\u00e1n elaborados con un alto contenido de pollo. Una carne rica en vitaminas, prote\u00ednas y minerales, libre de grasa y poco cal\u00f3rica. Las vitaminas A y B12 proporcionan elasticidad a la piel de tu mascota, adem\u00e1s de reforzar su sistema inmunol\u00f3gico.<\/li>\n<li>Woolf envasa sus snacks justo despu\u00e9s de ser cocinados para garantizar la frescura de sus productos. La bolsa incluye un zip que te permite volver a cerrarla herm\u00e9ticamente.<\/li>\n<li>Contenido: 100gr<\/li>\n<\/ul>\n<\/div>","protected":false},"excerpt":{"rendered":"<p><strong>Snack natural Woolf dados de cordero <\/strong><strong>para perros de cualquier edad o tama\u00f1o.<\/strong><\/p>","protected":false},"featured_media":9153,"template":"","meta":[],"etheme_brands":[{"term_id":109,"name":"WOOLF","slug":"woolf","term_group":0,"term_taxonomy_id":109,"taxonomy":"brand","description":"","parent":0,"count":26,"filter":"raw"}],"product_cat":[96,20,90],"product_tag":[],"class_list":{"0":"post-9152","1":"product","2":"type-product","3":"status-publish","4":"has-post-thumbnail","6":"brand-woolf","7":"product_cat-todos-los-productos","8":"product_cat-perros","9":"product_cat-snacks","11":"first","12":"instock","13":"taxable","14":"shipping-taxable","15":"purchasable","16":"product-type-simple"},"jetpack_sharing_enabled":true,"_links":{"self":[{"href":"https:\/\/familycancat.com\/en\/wp-json\/wp\/v2\/product\/9152","targetHints":{"allow":["GET"]}}],"collection":[{"href":"https:\/\/familycancat.com\/en\/wp-json\/wp\/v2\/product"}],"about":[{"href":"https:\/\/familycancat.com\/en\/wp-json\/wp\/v2\/types\/product"}],"version-history":[{"count":1,"href":"https:\/\/familycancat.com\/en\/wp-json\/wp\/v2\/product\/9152\/revisions"}],"predecessor-version":[{"id":9154,"href":"https:\/\/familycancat.com\/en\/wp-json\/wp\/v2\/product\/9152\/revisions\/9154"}],"wp:featuredmedia":[{"embeddable":true,"href":"https:\/\/familycancat.com\/en\/wp-json\/wp\/v2\/media\/9153"}],"wp:attachment":[{"href":"https:\/\/familycancat.com\/en\/wp-json\/wp\/v2\/media?parent=9152"}],"wp:term":[{"taxonomy":"brand","embeddable":true,"href":"https:\/\/familycancat.com\/en\/wp-json\/wp\/v2\/etheme_brands?post=9152"},{"taxonomy":"product_cat","embeddable":true,"href":"https:\/\/familycancat.com\/en\/wp-json\/wp\/v2\/product_cat?post=9152"},{"taxonomy":"product_tag","embeddable":true,"href":"https:\/\/familycancat.com\/en\/wp-json\/wp\/v2\/product_tag?post=9152"}],"curies":[{"name":"wp","href":"https:\/\/api.w.org\/{rel}","templated":true}]}}