{"id":9140,"date":"2025-05-21T19:12:45","date_gmt":"2025-05-21T18:12:45","guid":{"rendered":"https:\/\/familycancat.com\/?post_type=product&#038;p=9140"},"modified":"2026-03-27T20:38:08","modified_gmt":"2026-03-27T19:38:08","slug":"bubimex-bubi-nature-sobre-de-sopa-de-salmon-para-gatos-50-gr","status":"publish","type":"product","link":"https:\/\/familycancat.com\/en\/product\/bubimex-bubi-nature-sobre-de-sopa-de-salmon-para-gatos-50-gr\/","title":{"rendered":"Bubimex Bubi Nature Sobre de Sopa de Salm\u00f3n para Gatos 50 gr"},"content":{"rendered":"<p>BUBIMEX GATO SOPA SALM\u00d3N son deliciosas sopas elaboradas con productos sabrosos y de calidad. Es la manera perfecta de mimar a tu gato, una exiquisita y nutritiva sopa hecha con caldo de filete de pescado. Tambi\u00e9n es una excelente manera de mantener hidratado a tu cago, con una comida deliciosa y saludable.<\/p>\n<p>Composici\u00f3n: Salm\u00f3n 22%, extracto de pescado, almid\u00f3n de tapioca, concentrado de tomate, glucosa<\/p>","protected":false},"excerpt":{"rendered":"<p>BUBIMEX GATO SOPA SALM\u00d3N son deliciosas sopas elaboradas con productos sabrosos y de calidad. Es la manera perfecta de mimar a tu gato, una exiquisita&#8230;<\/p>","protected":false},"featured_media":9141,"template":"","meta":[],"etheme_brands":[{"term_id":105,"name":"BUBIMEX","slug":"bubimex","term_group":0,"term_taxonomy_id":105,"taxonomy":"brand","description":"","parent":0,"count":52,"filter":"raw"}],"product_cat":[96,25,83],"product_tag":[],"class_list":{"0":"post-9140","1":"product","2":"type-product","3":"status-publish","4":"has-post-thumbnail","6":"brand-bubimex","7":"product_cat-todos-los-productos","8":"product_cat-gatos","9":"product_cat-comida-humeda-para-gatos","11":"first","12":"instock","13":"taxable","14":"shipping-taxable","15":"purchasable","16":"product-type-simple"},"jetpack_sharing_enabled":true,"_links":{"self":[{"href":"https:\/\/familycancat.com\/en\/wp-json\/wp\/v2\/product\/9140","targetHints":{"allow":["GET"]}}],"collection":[{"href":"https:\/\/familycancat.com\/en\/wp-json\/wp\/v2\/product"}],"about":[{"href":"https:\/\/familycancat.com\/en\/wp-json\/wp\/v2\/types\/product"}],"version-history":[{"count":1,"href":"https:\/\/familycancat.com\/en\/wp-json\/wp\/v2\/product\/9140\/revisions"}],"predecessor-version":[{"id":9142,"href":"https:\/\/familycancat.com\/en\/wp-json\/wp\/v2\/product\/9140\/revisions\/9142"}],"wp:featuredmedia":[{"embeddable":true,"href":"https:\/\/familycancat.com\/en\/wp-json\/wp\/v2\/media\/9141"}],"wp:attachment":[{"href":"https:\/\/familycancat.com\/en\/wp-json\/wp\/v2\/media?parent=9140"}],"wp:term":[{"taxonomy":"brand","embeddable":true,"href":"https:\/\/familycancat.com\/en\/wp-json\/wp\/v2\/etheme_brands?post=9140"},{"taxonomy":"product_cat","embeddable":true,"href":"https:\/\/familycancat.com\/en\/wp-json\/wp\/v2\/product_cat?post=9140"},{"taxonomy":"product_tag","embeddable":true,"href":"https:\/\/familycancat.com\/en\/wp-json\/wp\/v2\/product_tag?post=9140"}],"curies":[{"name":"wp","href":"https:\/\/api.w.org\/{rel}","templated":true}]}}