{"id":9116,"date":"2025-05-14T18:56:13","date_gmt":"2025-05-14T17:56:13","guid":{"rendered":"https:\/\/familycancat.com\/?post_type=product&#038;p=9116"},"modified":"2025-05-14T18:56:14","modified_gmt":"2025-05-14T17:56:14","slug":"bubimex-pincho-de-carne-13-cm","status":"publish","type":"product","link":"https:\/\/familycancat.com\/en\/product\/bubimex-pincho-de-carne-13-cm\/","title":{"rendered":"Bubimex Pincho de Carne 13 cm"},"content":{"rendered":"<p>En este sentido, Bubimex ofrece estas brochetas de carne. Est\u00e1n compuestas por una alternancia de trozos de pollo y pato ensartados en una vara de piel de b\u00fafalo. Todo est\u00e1 hecho aqu\u00ed para satisfacer la golosina de tu mascota. Puedes darle estas delicias sin remordimientos, ya que contienen un 50 % de prote\u00ednas y solo un 3 % de grasas. Adem\u00e1s, masticar estos snacks promueve una buena higiene bucodental en el perro, retrasando la formaci\u00f3n de sarro y placa dental<\/p>\n<p>Composici\u00f3n: pollo 20%, pato 20% , carne de res 20%, piel de buey 30%, glicerina vegetal 3%, sorbitol 3%, almidon 2%, proteina de guisante 1,7% sustancias minerales 0,2%<\/p>","protected":false},"excerpt":{"rendered":"<p>En este sentido, Bubimex ofrece estas brochetas de carne. Est\u00e1n compuestas por una alternancia de trozos de pollo y pato ensartados en una vara de&#8230;<\/p>","protected":false},"featured_media":9118,"template":"","meta":[],"etheme_brands":[{"term_id":105,"name":"BUBIMEX","slug":"bubimex","term_group":0,"term_taxonomy_id":105,"taxonomy":"brand","description":"","parent":0,"count":52,"filter":"raw"}],"product_cat":[96,20,90],"product_tag":[],"class_list":{"0":"post-9116","1":"product","2":"type-product","3":"status-publish","4":"has-post-thumbnail","6":"brand-bubimex","7":"product_cat-todos-los-productos","8":"product_cat-perros","9":"product_cat-snacks","11":"first","12":"instock","13":"taxable","14":"shipping-taxable","15":"purchasable","16":"product-type-simple"},"jetpack_sharing_enabled":true,"_links":{"self":[{"href":"https:\/\/familycancat.com\/en\/wp-json\/wp\/v2\/product\/9116","targetHints":{"allow":["GET"]}}],"collection":[{"href":"https:\/\/familycancat.com\/en\/wp-json\/wp\/v2\/product"}],"about":[{"href":"https:\/\/familycancat.com\/en\/wp-json\/wp\/v2\/types\/product"}],"version-history":[{"count":1,"href":"https:\/\/familycancat.com\/en\/wp-json\/wp\/v2\/product\/9116\/revisions"}],"predecessor-version":[{"id":9119,"href":"https:\/\/familycancat.com\/en\/wp-json\/wp\/v2\/product\/9116\/revisions\/9119"}],"wp:featuredmedia":[{"embeddable":true,"href":"https:\/\/familycancat.com\/en\/wp-json\/wp\/v2\/media\/9118"}],"wp:attachment":[{"href":"https:\/\/familycancat.com\/en\/wp-json\/wp\/v2\/media?parent=9116"}],"wp:term":[{"taxonomy":"brand","embeddable":true,"href":"https:\/\/familycancat.com\/en\/wp-json\/wp\/v2\/etheme_brands?post=9116"},{"taxonomy":"product_cat","embeddable":true,"href":"https:\/\/familycancat.com\/en\/wp-json\/wp\/v2\/product_cat?post=9116"},{"taxonomy":"product_tag","embeddable":true,"href":"https:\/\/familycancat.com\/en\/wp-json\/wp\/v2\/product_tag?post=9116"}],"curies":[{"name":"wp","href":"https:\/\/api.w.org\/{rel}","templated":true}]}}