{"id":9110,"date":"2025-05-14T18:24:12","date_gmt":"2025-05-14T17:24:12","guid":{"rendered":"https:\/\/familycancat.com\/?post_type=product&#038;p=9110"},"modified":"2026-04-09T11:04:13","modified_gmt":"2026-04-09T10:04:13","slug":"bubimex-palito-carne-de-cordero-12gr","status":"publish","type":"product","link":"https:\/\/familycancat.com\/en\/product\/bubimex-palito-carne-de-cordero-12gr\/","title":{"rendered":"Bubimex Palito de Carne de Cordero 12gr"},"content":{"rendered":"<p><strong>BUBIMEX MEAT STICK CORDERO<\/strong>\u00a0es un snack para perros de\u00a0<strong>alta calidad<\/strong>\u00a0formulado con una combinaci\u00f3n \u00fanica de ingredientes naturales.\u00a0Adem\u00e1s de su composici\u00f3n cuidadosamente seleccionada,\u00a0<strong>cada palito solo pesa 15 gramos<\/strong>, lo que los convierte en una opci\u00f3n pr\u00e1ctica y f\u00e1cil de administrar en cualquier momento del d\u00eda.<\/p>\n<p><strong>Ingredientes:<\/strong>\u00a0Carne de vacuno 42,2% (carne 30%, h\u00edgado 12,2%), filete de cerdo 20%, pechuga de pato 20%, carne de cordero 10%, prote\u00edna de guisante 2%, f\u00e9cula de patata 2%, arroz 1,8%, subproductos vegetales 1,7%, romero extraer 0,3%.<\/p>","protected":false},"excerpt":{"rendered":"<p>BUBIMEX MEAT STICK CORDERO\u00a0es un snack para perros de\u00a0alta calidad\u00a0formulado con una combinaci\u00f3n \u00fanica de ingredientes naturales.\u00a0Adem\u00e1s de su composici\u00f3n cuidadosamente seleccionada,\u00a0cada palito solo pesa&#8230;<\/p>","protected":false},"featured_media":9112,"template":"","meta":[],"etheme_brands":[{"term_id":105,"name":"BUBIMEX","slug":"bubimex","term_group":0,"term_taxonomy_id":105,"taxonomy":"brand","description":"","parent":0,"count":52,"filter":"raw"}],"product_cat":[96,20,90],"product_tag":[],"class_list":{"0":"post-9110","1":"product","2":"type-product","3":"status-publish","4":"has-post-thumbnail","6":"brand-bubimex","7":"product_cat-todos-los-productos","8":"product_cat-perros","9":"product_cat-snacks","11":"first","12":"instock","13":"taxable","14":"shipping-taxable","15":"purchasable","16":"product-type-simple"},"jetpack_sharing_enabled":true,"_links":{"self":[{"href":"https:\/\/familycancat.com\/en\/wp-json\/wp\/v2\/product\/9110","targetHints":{"allow":["GET"]}}],"collection":[{"href":"https:\/\/familycancat.com\/en\/wp-json\/wp\/v2\/product"}],"about":[{"href":"https:\/\/familycancat.com\/en\/wp-json\/wp\/v2\/types\/product"}],"version-history":[{"count":2,"href":"https:\/\/familycancat.com\/en\/wp-json\/wp\/v2\/product\/9110\/revisions"}],"predecessor-version":[{"id":9114,"href":"https:\/\/familycancat.com\/en\/wp-json\/wp\/v2\/product\/9110\/revisions\/9114"}],"wp:featuredmedia":[{"embeddable":true,"href":"https:\/\/familycancat.com\/en\/wp-json\/wp\/v2\/media\/9112"}],"wp:attachment":[{"href":"https:\/\/familycancat.com\/en\/wp-json\/wp\/v2\/media?parent=9110"}],"wp:term":[{"taxonomy":"brand","embeddable":true,"href":"https:\/\/familycancat.com\/en\/wp-json\/wp\/v2\/etheme_brands?post=9110"},{"taxonomy":"product_cat","embeddable":true,"href":"https:\/\/familycancat.com\/en\/wp-json\/wp\/v2\/product_cat?post=9110"},{"taxonomy":"product_tag","embeddable":true,"href":"https:\/\/familycancat.com\/en\/wp-json\/wp\/v2\/product_tag?post=9110"}],"curies":[{"name":"wp","href":"https:\/\/api.w.org\/{rel}","templated":true}]}}