{"id":9052,"date":"2025-05-08T17:32:24","date_gmt":"2025-05-08T16:32:24","guid":{"rendered":"https:\/\/familycancat.com\/?post_type=product&#038;p=9052"},"modified":"2026-03-06T20:06:09","modified_gmt":"2026-03-06T19:06:09","slug":"menforsan-repelente-de-insectos-con-citronela-para-perros-500-ml","status":"publish","type":"product","link":"https:\/\/familycancat.com\/en\/product\/menforsan-repelente-de-insectos-con-citronela-para-perros-500-ml\/","title":{"rendered":"MenForSan Repelente de insectos con citronela para perros 500 ml"},"content":{"rendered":"<h2>Descripci\u00f3n<\/h2>\n<p>Spray repelente de insectos para perros con CITRONELA, repelente natural muy efectivo contra todo tipo de insectos voladores (moscas, mosquitos, avispas). Adem\u00e1s protege de pulgas, garrapatas, chinches y \u00e1caros. Por su composici\u00f3n natural no tiene efectos secundarios ni contraindicaciones y es muy seguro de utilizar en hembras gestantes y cachorros.<\/p>\n<h4>VENTAJAS<\/h4>\n<ul>\n<li>Composici\u00f3n natural<\/li>\n<li>Efectivo para prevenir ataques de garrapatas, pulgas y todo tipo de insectos<\/li>\n<li>No tiene efectos secundarios ni contraindicaciones<\/li>\n<\/ul>\n<h4>MODO DE EMPLEO<\/h4>\n<p>Pulverizar a contrapelo en las patas, lomo y vientre a una distancia aproximada de 20 cent\u00edmetros evitando los ojos y las mucosas. Aplicar 1 vez al d\u00eda en perros urbanos (antes del paseo principal) y 2 veces al d\u00eda (ma\u00f1ana y tarde) en perros que transitan o habitan en zonas de riesgo (chalets, zonas rurales, etc.).<\/p>","protected":false},"excerpt":{"rendered":"<p>Descripci\u00f3n Spray repelente de insectos para perros con CITRONELA, repelente natural muy efectivo contra todo tipo de insectos voladores (moscas, mosquitos, avispas). Adem\u00e1s protege de&#8230;<\/p>","protected":false},"featured_media":9053,"template":"","meta":[],"etheme_brands":[{"term_id":143,"name":"MEN FOR SAN","slug":"men-for-san","term_group":0,"term_taxonomy_id":143,"taxonomy":"brand","description":"","parent":0,"count":6,"filter":"raw"}],"product_cat":[96,20,91],"product_tag":[],"class_list":{"0":"post-9052","1":"product","2":"type-product","3":"status-publish","4":"has-post-thumbnail","6":"brand-men-for-san","7":"product_cat-todos-los-productos","8":"product_cat-perros","9":"product_cat-antiparasitos-y-repelentes","11":"first","12":"instock","13":"taxable","14":"shipping-taxable","15":"purchasable","16":"product-type-simple"},"jetpack_sharing_enabled":true,"_links":{"self":[{"href":"https:\/\/familycancat.com\/en\/wp-json\/wp\/v2\/product\/9052","targetHints":{"allow":["GET"]}}],"collection":[{"href":"https:\/\/familycancat.com\/en\/wp-json\/wp\/v2\/product"}],"about":[{"href":"https:\/\/familycancat.com\/en\/wp-json\/wp\/v2\/types\/product"}],"version-history":[{"count":1,"href":"https:\/\/familycancat.com\/en\/wp-json\/wp\/v2\/product\/9052\/revisions"}],"predecessor-version":[{"id":9054,"href":"https:\/\/familycancat.com\/en\/wp-json\/wp\/v2\/product\/9052\/revisions\/9054"}],"wp:featuredmedia":[{"embeddable":true,"href":"https:\/\/familycancat.com\/en\/wp-json\/wp\/v2\/media\/9053"}],"wp:attachment":[{"href":"https:\/\/familycancat.com\/en\/wp-json\/wp\/v2\/media?parent=9052"}],"wp:term":[{"taxonomy":"brand","embeddable":true,"href":"https:\/\/familycancat.com\/en\/wp-json\/wp\/v2\/etheme_brands?post=9052"},{"taxonomy":"product_cat","embeddable":true,"href":"https:\/\/familycancat.com\/en\/wp-json\/wp\/v2\/product_cat?post=9052"},{"taxonomy":"product_tag","embeddable":true,"href":"https:\/\/familycancat.com\/en\/wp-json\/wp\/v2\/product_tag?post=9052"}],"curies":[{"name":"wp","href":"https:\/\/api.w.org\/{rel}","templated":true}]}}