{"id":9038,"date":"2025-05-08T11:59:15","date_gmt":"2025-05-08T10:59:15","guid":{"rendered":"https:\/\/familycancat.com\/?post_type=product&#038;p=9038"},"modified":"2026-04-09T18:48:42","modified_gmt":"2026-04-09T17:48:42","slug":"farmina-vet-life-cat-ultrahypo-2-kg","status":"publish","type":"product","link":"https:\/\/familycancat.com\/en\/product\/farmina-vet-life-cat-ultrahypo-2-kg\/","title":{"rendered":"Farmina Vet Life Cat UltraHypo 2 Kg"},"content":{"rendered":"<p><span class=\"titoletto\">COMPOSICI\u00d3N<\/span><\/p>\n<p class=\"comp\">Hidrolizado de prote\u00edna de pescado, almid\u00f3n de arroz, aceite de pescado, carbonato de calcio, fructooligosac\u00e1ridos (0.6%), cloruro de potasio, sulfato de calcio dihidratado, fosfato mono-bicalcico, cloruro de sodio, extracto de flor de cal\u00e9ndula (fuente de lute\u00edna). Fuentes de prote\u00ednas: hidrolizado de prote\u00edna de pescado. Fuentes de carbohidratos: almid\u00f3n de arroz.<\/p>","protected":false},"excerpt":{"rendered":"<div id=\"product-description-short-6235\" class=\"product-description\">\n<p>Reacciones adversas a los alimentos (RAC). Farmina Vet Life UltraHypo es un alimento diet\u00e9tico completo para gatos con reacciones adversas a los alimentos (alergias e intolerancias). Puede ser utilizado como una herramienta de diagn\u00f3stico (dieta de eliminaci\u00f3n), tambi\u00e9n est\u00e1 recomendado durante el trastorno inflamatorio intestinal (IBD) y en caso de v\u00f3mitos recurrentes.<\/p>\n<\/div>\n<div id=\"product-additional-info\">\n<div class=\"product-additional-info\">\n<div class=\"social-sharing\"><\/div>\n<\/div>\n<\/div>","protected":false},"featured_media":9039,"template":"","meta":[],"etheme_brands":[{"term_id":99,"name":"FARMINA","slug":"farmina","term_group":0,"term_taxonomy_id":99,"taxonomy":"brand","description":"","parent":0,"count":127,"filter":"raw"}],"product_cat":[96,25,21],"product_tag":[],"class_list":{"0":"post-9038","1":"product","2":"type-product","3":"status-publish","4":"has-post-thumbnail","6":"brand-farmina","7":"product_cat-todos-los-productos","8":"product_cat-gatos","9":"product_cat-pienso-gatos","11":"first","12":"instock","13":"taxable","14":"shipping-taxable","15":"purchasable","16":"product-type-simple"},"jetpack_sharing_enabled":true,"_links":{"self":[{"href":"https:\/\/familycancat.com\/en\/wp-json\/wp\/v2\/product\/9038","targetHints":{"allow":["GET"]}}],"collection":[{"href":"https:\/\/familycancat.com\/en\/wp-json\/wp\/v2\/product"}],"about":[{"href":"https:\/\/familycancat.com\/en\/wp-json\/wp\/v2\/types\/product"}],"version-history":[{"count":1,"href":"https:\/\/familycancat.com\/en\/wp-json\/wp\/v2\/product\/9038\/revisions"}],"predecessor-version":[{"id":9040,"href":"https:\/\/familycancat.com\/en\/wp-json\/wp\/v2\/product\/9038\/revisions\/9040"}],"wp:featuredmedia":[{"embeddable":true,"href":"https:\/\/familycancat.com\/en\/wp-json\/wp\/v2\/media\/9039"}],"wp:attachment":[{"href":"https:\/\/familycancat.com\/en\/wp-json\/wp\/v2\/media?parent=9038"}],"wp:term":[{"taxonomy":"brand","embeddable":true,"href":"https:\/\/familycancat.com\/en\/wp-json\/wp\/v2\/etheme_brands?post=9038"},{"taxonomy":"product_cat","embeddable":true,"href":"https:\/\/familycancat.com\/en\/wp-json\/wp\/v2\/product_cat?post=9038"},{"taxonomy":"product_tag","embeddable":true,"href":"https:\/\/familycancat.com\/en\/wp-json\/wp\/v2\/product_tag?post=9038"}],"curies":[{"name":"wp","href":"https:\/\/api.w.org\/{rel}","templated":true}]}}