{"id":9034,"date":"2025-05-04T19:34:55","date_gmt":"2025-05-04T18:34:55","guid":{"rendered":"https:\/\/familycancat.com\/?post_type=product&#038;p=9034"},"modified":"2026-04-10T12:27:58","modified_gmt":"2026-04-10T11:27:58","slug":"donut-de-pescado-bubimex-de-10cm","status":"publish","type":"product","link":"https:\/\/familycancat.com\/en\/product\/donut-de-pescado-bubimex-de-10cm\/","title":{"rendered":"Donut de Pescado Bubimex de 10cm"},"content":{"rendered":"<p>Se trata de un snack con forma de donut hecho con piel 100% de vacuno envuelto en una fina capa de pescado deshidratado lentamente.<\/p>\n<p>Como cualquier otro premio, act\u00faa como un cepillo de dientes natural para mantener los dientes y las enc\u00edas limpios adem\u00e1s de favorecer la eliminaci\u00f3n del sarro acumulado dejando un agradable aroma en el aliento de nuestro perro mientras que a trav\u00e9s de su masticaci\u00f3n fortalece los m\u00fasculos de su mand\u00edbula.<\/p>\n<p>Adem\u00e1s, su\u00a0 olor y sabor hace que una vez que le hinquen el diente no quieran soltarlo, podr\u00edamos considerarlo como un snack para los paladares m\u00e1s exquisitos.<\/p>\n<p>Su tama\u00f1o lo hace apto tanto para perros peque\u00f1os, medianos o grandes de todas las edades.<\/p>","protected":false},"excerpt":{"rendered":"<p>Se trata de un snack con forma de donut hecho con piel 100% de vacuno envuelto en una fina capa de pescado deshidratado lentamente. Como&#8230;<\/p>","protected":false},"featured_media":9035,"template":"","meta":[],"etheme_brands":[{"term_id":105,"name":"BUBIMEX","slug":"bubimex","term_group":0,"term_taxonomy_id":105,"taxonomy":"brand","description":"","parent":0,"count":52,"filter":"raw"}],"product_cat":[96,20,128],"product_tag":[],"class_list":{"0":"post-9034","1":"product","2":"type-product","3":"status-publish","4":"has-post-thumbnail","6":"brand-bubimex","7":"product_cat-todos-los-productos","8":"product_cat-perros","9":"product_cat-mordedores","11":"first","12":"instock","13":"taxable","14":"shipping-taxable","15":"purchasable","16":"product-type-simple"},"jetpack_sharing_enabled":true,"_links":{"self":[{"href":"https:\/\/familycancat.com\/en\/wp-json\/wp\/v2\/product\/9034","targetHints":{"allow":["GET"]}}],"collection":[{"href":"https:\/\/familycancat.com\/en\/wp-json\/wp\/v2\/product"}],"about":[{"href":"https:\/\/familycancat.com\/en\/wp-json\/wp\/v2\/types\/product"}],"version-history":[{"count":2,"href":"https:\/\/familycancat.com\/en\/wp-json\/wp\/v2\/product\/9034\/revisions"}],"predecessor-version":[{"id":9037,"href":"https:\/\/familycancat.com\/en\/wp-json\/wp\/v2\/product\/9034\/revisions\/9037"}],"wp:featuredmedia":[{"embeddable":true,"href":"https:\/\/familycancat.com\/en\/wp-json\/wp\/v2\/media\/9035"}],"wp:attachment":[{"href":"https:\/\/familycancat.com\/en\/wp-json\/wp\/v2\/media?parent=9034"}],"wp:term":[{"taxonomy":"brand","embeddable":true,"href":"https:\/\/familycancat.com\/en\/wp-json\/wp\/v2\/etheme_brands?post=9034"},{"taxonomy":"product_cat","embeddable":true,"href":"https:\/\/familycancat.com\/en\/wp-json\/wp\/v2\/product_cat?post=9034"},{"taxonomy":"product_tag","embeddable":true,"href":"https:\/\/familycancat.com\/en\/wp-json\/wp\/v2\/product_tag?post=9034"}],"curies":[{"name":"wp","href":"https:\/\/api.w.org\/{rel}","templated":true}]}}