{"id":9028,"date":"2025-05-04T19:25:56","date_gmt":"2025-05-04T18:25:56","guid":{"rendered":"https:\/\/familycancat.com\/?post_type=product&#038;p=9028"},"modified":"2026-04-10T11:37:38","modified_gmt":"2026-04-10T10:37:38","slug":"farmina-nd-cat-quinoa-urinary-80-gr","status":"publish","type":"product","link":"https:\/\/familycancat.com\/en\/product\/farmina-nd-cat-quinoa-urinary-80-gr\/","title":{"rendered":"Farmina ND Cat Quinoa Urinary 80 Gr"},"content":{"rendered":"<p><span class=\"titoletto\">COMPOSICI\u00d3N<\/span><\/p>\n<p class=\"comp\">Filete de pato (60%), arenques, huevos de gallina cocidos, semillas de quinoa (5%), aceite de pescado, ar\u00e1ndanos, manzanilla, fructooligosac\u00e1ridos, cloruro de colina, sulfato de condroitina, glucosamina, vitaminas, minerales.<\/p>","protected":false},"excerpt":{"rendered":"<p>Alimento completo para gatos adultos. N&amp;D Quinoa Urinary es un alimento h\u00famedo diet\u00e9tico completo para gatos, sugerido para la reducci\u00f3n de la recurrencia de c\u00e1lculos de estruvita y la enfermedad del tracto urinario inferior felino.<\/p>","protected":false},"featured_media":9029,"template":"","meta":[],"etheme_brands":[{"term_id":99,"name":"FARMINA","slug":"farmina","term_group":0,"term_taxonomy_id":99,"taxonomy":"brand","description":"","parent":0,"count":127,"filter":"raw"}],"product_cat":[96,25,83],"product_tag":[],"class_list":{"0":"post-9028","1":"product","2":"type-product","3":"status-publish","4":"has-post-thumbnail","6":"brand-farmina","7":"product_cat-todos-los-productos","8":"product_cat-gatos","9":"product_cat-comida-humeda-para-gatos","11":"first","12":"outofstock","13":"taxable","14":"shipping-taxable","15":"purchasable","16":"product-type-simple"},"jetpack_sharing_enabled":true,"_links":{"self":[{"href":"https:\/\/familycancat.com\/en\/wp-json\/wp\/v2\/product\/9028","targetHints":{"allow":["GET"]}}],"collection":[{"href":"https:\/\/familycancat.com\/en\/wp-json\/wp\/v2\/product"}],"about":[{"href":"https:\/\/familycancat.com\/en\/wp-json\/wp\/v2\/types\/product"}],"version-history":[{"count":1,"href":"https:\/\/familycancat.com\/en\/wp-json\/wp\/v2\/product\/9028\/revisions"}],"predecessor-version":[{"id":9030,"href":"https:\/\/familycancat.com\/en\/wp-json\/wp\/v2\/product\/9028\/revisions\/9030"}],"wp:featuredmedia":[{"embeddable":true,"href":"https:\/\/familycancat.com\/en\/wp-json\/wp\/v2\/media\/9029"}],"wp:attachment":[{"href":"https:\/\/familycancat.com\/en\/wp-json\/wp\/v2\/media?parent=9028"}],"wp:term":[{"taxonomy":"brand","embeddable":true,"href":"https:\/\/familycancat.com\/en\/wp-json\/wp\/v2\/etheme_brands?post=9028"},{"taxonomy":"product_cat","embeddable":true,"href":"https:\/\/familycancat.com\/en\/wp-json\/wp\/v2\/product_cat?post=9028"},{"taxonomy":"product_tag","embeddable":true,"href":"https:\/\/familycancat.com\/en\/wp-json\/wp\/v2\/product_tag?post=9028"}],"curies":[{"name":"wp","href":"https:\/\/api.w.org\/{rel}","templated":true}]}}