{"id":9025,"date":"2025-05-04T19:18:15","date_gmt":"2025-05-04T18:18:15","guid":{"rendered":"https:\/\/familycancat.com\/?post_type=product&#038;p=9025"},"modified":"2025-06-26T13:11:45","modified_gmt":"2025-06-26T12:11:45","slug":"churu-cat-atun-con-vieira-14-gr-x-4-tubos","status":"publish","type":"product","link":"https:\/\/familycancat.com\/en\/product\/churu-cat-atun-con-vieira-14-gr-x-4-tubos\/","title":{"rendered":"Churu Cat At\u00fan con Vieira 14 gr x 4 Tubos"},"content":{"rendered":"","protected":false},"excerpt":{"rendered":"<p>Divertidos snacks dise\u00f1ados para darles de comer directamente desde el empaque a los gatos y fortalecer los lazos entre ellos y sus due\u00f1os. Snacks l\u00edquidos elaborados con at\u00fan salvaje o pollo criado en granja 100 % natural<\/p>","protected":false},"featured_media":9026,"template":"","meta":[],"etheme_brands":[{"term_id":110,"name":"CHURU","slug":"churu","term_group":0,"term_taxonomy_id":110,"taxonomy":"brand","description":"","parent":0,"count":14,"filter":"raw"}],"product_cat":[96,25,83,34],"product_tag":[],"class_list":{"0":"post-9025","1":"product","2":"type-product","3":"status-publish","4":"has-post-thumbnail","6":"brand-churu","7":"product_cat-todos-los-productos","8":"product_cat-gatos","9":"product_cat-comida-humeda-para-gatos","10":"product_cat-snacks-gatos","12":"first","13":"instock","14":"taxable","15":"shipping-taxable","16":"purchasable","17":"product-type-simple"},"jetpack_sharing_enabled":true,"_links":{"self":[{"href":"https:\/\/familycancat.com\/en\/wp-json\/wp\/v2\/product\/9025","targetHints":{"allow":["GET"]}}],"collection":[{"href":"https:\/\/familycancat.com\/en\/wp-json\/wp\/v2\/product"}],"about":[{"href":"https:\/\/familycancat.com\/en\/wp-json\/wp\/v2\/types\/product"}],"version-history":[{"count":1,"href":"https:\/\/familycancat.com\/en\/wp-json\/wp\/v2\/product\/9025\/revisions"}],"predecessor-version":[{"id":9027,"href":"https:\/\/familycancat.com\/en\/wp-json\/wp\/v2\/product\/9025\/revisions\/9027"}],"wp:featuredmedia":[{"embeddable":true,"href":"https:\/\/familycancat.com\/en\/wp-json\/wp\/v2\/media\/9026"}],"wp:attachment":[{"href":"https:\/\/familycancat.com\/en\/wp-json\/wp\/v2\/media?parent=9025"}],"wp:term":[{"taxonomy":"brand","embeddable":true,"href":"https:\/\/familycancat.com\/en\/wp-json\/wp\/v2\/etheme_brands?post=9025"},{"taxonomy":"product_cat","embeddable":true,"href":"https:\/\/familycancat.com\/en\/wp-json\/wp\/v2\/product_cat?post=9025"},{"taxonomy":"product_tag","embeddable":true,"href":"https:\/\/familycancat.com\/en\/wp-json\/wp\/v2\/product_tag?post=9025"}],"curies":[{"name":"wp","href":"https:\/\/api.w.org\/{rel}","templated":true}]}}