{"id":9022,"date":"2025-05-04T19:09:14","date_gmt":"2025-05-04T18:09:14","guid":{"rendered":"https:\/\/familycancat.com\/?post_type=product&#038;p=9022"},"modified":"2025-12-23T20:14:02","modified_gmt":"2025-12-23T19:14:02","slug":"farmina-nd-cat-pumpkin-neutered-cordero-15-kg","status":"publish","type":"product","link":"https:\/\/familycancat.com\/en\/product\/farmina-nd-cat-pumpkin-neutered-cordero-15-kg\/","title":{"rendered":"Farmina ND CAT Pumpkin Neutered Cordero 1,5 KG"},"content":{"rendered":"<p>Farmina ND Cat Pumpkin Neutered, una opci\u00f3n de alimentaci\u00f3n premium dise\u00f1ada pensando en el bienestar de nuestros amigos felinos. Especialmente formulado para gatos esterilizados, este producto ofrece una combinaci\u00f3n equilibrada que promueve su salud y vitalidad.<\/p>\n<p>Farmina ND Cat Pumpkin Neutered destaca en el mercado por su exquisito sabor a cordero y ar\u00e1ndano, adem\u00e1s de su innovadora inclusi\u00f3n de calabaza, conocida por sus propiedades nutritivas y capacidad para hacer m\u00e1s apetecible la comida de nuestras queridas mascotas. \u00a1Descubre esta opci\u00f3n de nutrici\u00f3n superior para tu gato esterilizado!<\/p>\n<h2>Ingredientes de\u00a0Farmina ND Pumpkin Neutered pienso para gatos de Cordero y Arandano<\/h2>\n<div class=\"box-middle\">\n<div class=\"column\">\n<p><strong>COMPOSICI\u00d3N<\/strong><\/p>\n<p>Cordero (32%), prote\u00edna de cordero deshidratada (30%), batata, prote\u00edna de arenque deshidratada, calabaza deshidratada (5%), huevos deshidratados, grasa de pollo, aceite de pescado (de arenque), pulpa de remolacha deshidratada, zanahorias deshidratadas, harina de alfalfa, inulina, fructooligosac\u00e1ridos, extracto de levadura (fuente de manano-oligosac\u00e1ridos), ar\u00e1ndanos deshidratados (0. 5%), granada deshidratada, espinacas deshidratadas, c\u00e1scaras y semillas de psilio, naranja dulce deshidratada, manzana deshidratada, cloruro de sodio, levadura de cerveza deshidratada, c\u00farcuma (0,2%), extracto de Aloe vera.<\/p>\n<p>&nbsp;<\/p>\n<p><strong>ADITIVOS POR KG<\/strong><\/p>\n<p>Aditivos nutricionales: Vitamina A 18000IU; Vitamina D3 1200IU; Vitamina E 600mg; Vitamina C 300mg; Niacina 150mg; D-pantotenato de calcio 50mg; Vitamina B2 20mg; Vitamina B6 8. 1mg; Vitamina B1 10mg; Biotina 1,5mg; \u00c1cido f\u00f3lico 1,5mg; Vitamina B12 0,1mg; Cloruro de colina 2800mg; Betacaroteno 1,5mg; Zinc (quelato de zinc del an\u00e1logo hidroxilado de la metionina): 163. 8mg; Manganeso (quelato de manganeso del an\u00e1logo hidroxilado de la metionina): 64,6mg; Hierro (quelato de hierro (II) del hidrato de glicina): 58,3mg; Cobre (quelato de cobre del an\u00e1logo hidroxilado de la metionina): 15,8mg; DL-metionina, t\u00e9cnicamente pura 5000mg; Taurina 5000mg; L-carnitina 400mg. Aditivos sensoriales: extracto de t\u00e9 verde 100mg; extracto de romero. Antioxidantes: extractos de tocoferol de aceites vegetales.<\/p>\n<p>&nbsp;<\/p>\n<p><strong>COMPONENTES ANAL\u00cdTICOS<\/strong><\/p>\n<p>Prote\u00edna bruta 46,00%; grasa bruta 11,00%; fibra bruta 5,10%; humedad 8,00%; ceniza bruta 8,90%; calcio 1,20%; f\u00f3sforo 1,00%; magnesio 0,09%; Omega-6 2,00%; Omega-3 0,45%; DHA 0,30%; EPA 0,10%.<\/p>\n<p>&nbsp;<\/p>\n<p><strong>VALOR ENERG\u00c9TICO<\/strong><\/p>\n<p>EM Kcal\/Kg 3646 &#8211; Mj\/Kg 15,25<\/p>\n<\/div>\n<\/div>","protected":false},"excerpt":{"rendered":"<p>Farmina ND Cat Pumpkin Neutered, una opci\u00f3n de alimentaci\u00f3n premium dise\u00f1ada pensando en el bienestar de nuestros amigos felinos. Especialmente formulado para gatos esterilizados, este&#8230;<\/p>","protected":false},"featured_media":9023,"template":"","meta":[],"etheme_brands":[{"term_id":99,"name":"FARMINA","slug":"farmina","term_group":0,"term_taxonomy_id":99,"taxonomy":"brand","description":"","parent":0,"count":127,"filter":"raw"}],"product_cat":[96,25,21],"product_tag":[],"class_list":{"0":"post-9022","1":"product","2":"type-product","3":"status-publish","4":"has-post-thumbnail","6":"brand-farmina","7":"product_cat-todos-los-productos","8":"product_cat-gatos","9":"product_cat-pienso-gatos","11":"first","12":"instock","13":"taxable","14":"shipping-taxable","15":"purchasable","16":"product-type-simple"},"jetpack_sharing_enabled":true,"_links":{"self":[{"href":"https:\/\/familycancat.com\/en\/wp-json\/wp\/v2\/product\/9022","targetHints":{"allow":["GET"]}}],"collection":[{"href":"https:\/\/familycancat.com\/en\/wp-json\/wp\/v2\/product"}],"about":[{"href":"https:\/\/familycancat.com\/en\/wp-json\/wp\/v2\/types\/product"}],"version-history":[{"count":1,"href":"https:\/\/familycancat.com\/en\/wp-json\/wp\/v2\/product\/9022\/revisions"}],"predecessor-version":[{"id":9024,"href":"https:\/\/familycancat.com\/en\/wp-json\/wp\/v2\/product\/9022\/revisions\/9024"}],"wp:featuredmedia":[{"embeddable":true,"href":"https:\/\/familycancat.com\/en\/wp-json\/wp\/v2\/media\/9023"}],"wp:attachment":[{"href":"https:\/\/familycancat.com\/en\/wp-json\/wp\/v2\/media?parent=9022"}],"wp:term":[{"taxonomy":"brand","embeddable":true,"href":"https:\/\/familycancat.com\/en\/wp-json\/wp\/v2\/etheme_brands?post=9022"},{"taxonomy":"product_cat","embeddable":true,"href":"https:\/\/familycancat.com\/en\/wp-json\/wp\/v2\/product_cat?post=9022"},{"taxonomy":"product_tag","embeddable":true,"href":"https:\/\/familycancat.com\/en\/wp-json\/wp\/v2\/product_tag?post=9022"}],"curies":[{"name":"wp","href":"https:\/\/api.w.org\/{rel}","templated":true}]}}