{"id":9019,"date":"2025-05-04T19:01:55","date_gmt":"2025-05-04T18:01:55","guid":{"rendered":"https:\/\/familycancat.com\/?post_type=product&#038;p=9019"},"modified":"2025-12-05T19:32:19","modified_gmt":"2025-12-05T18:32:19","slug":"farmina-nd-dog-puppy-pumpkin-medium-maxi-pollo-25-kg","status":"publish","type":"product","link":"https:\/\/familycancat.com\/en\/product\/farmina-nd-dog-puppy-pumpkin-medium-maxi-pollo-25-kg\/","title":{"rendered":"Farmina ND Dog Puppy Pumpkin Medium Maxi Pollo 2,5 kg"},"content":{"rendered":"<p><strong>Farmina N&amp;D Grain Free Puppy Calabaza Medium Maxi Pollo<\/strong><\/p>\n<p>96% Prote\u00edna de origen animal.<\/p>\n<p>0% Conservantes artificiales.<\/p>\n<p>0% Cereales.<\/p>\n<p>COMPOSICI\u00d3N<br \/>\nPollo deshuesado (24%), prote\u00edna de pollo deshidratada (24%), almid\u00f3n de guisante, grasa de pollo, prote\u00edna de arenque deshidratada, calabaza deshidratada (5%), arenque, huevos deshidratados, aceite de pescado (de arenque), fibra de guisante, zanahoria deshidratada, harina de alfalfa, cart\u00edlago de pollo (fuente de glucosamina y condroit\u00edn sulfato), inulina, fructo-oligosac\u00e1ridos, extracto de levadura (fuente de manano-oligosac\u00e1ridos), granada deshidratada (0. 5%), espinacas deshidratadas, c\u00e1scaras y semillas de psyllium (0,3%), manzana deshidratada, naranja dulce deshidratada, ar\u00e1ndanos deshidratados, cloruro de sodio, levadura de cerveza deshidratada, c\u00farcuma (0,2%), extracto de aloe vera.<\/p>\n<p>ADITIVOS POR KG<br \/>\nAditivos nutricionales: Vitamina A 16000IU; Vitamina D3 1600IU; Vitamina E 600mg; Vitamina C 160mg; Niacina 40mg; D-pantotenato de calcio 16mg; Vitamina B2 8mg; Vitamina B6 6,4mg; Vitamina B1 4,8mg; Biotina 0,40mg; \u00c1cido f\u00f3lico 0,48mg; Vitamina B12 0,1mg; Cloruro de colina 2800mg; Betacaroteno 1,5mg; Zinc (quelato de zinc del an\u00e1logo hidroxilo de la metionina): 163. 8mg; Manganeso (quelato de manganeso del an\u00e1logo hidroxilado de la metionina): 64,6mg; Hierro [quelato de hierro (II) del hidrato de glicina]: 58,3mg; Cobre (quelato de cobre del an\u00e1logo hidroxilado de la metionina): 15,8mg; Selenio (levadura selenizada inactivada): 0,00088mg; DL-metionina t\u00e9cnicamente pura 6000mg; Taurina 1000mg; L-carnitina 300mg. Aditivos organol\u00e9pticos: extracto de t\u00e9 verde 100mg; extracto de romero. Antioxidantes: extractos de tocoferol de aceites vegetales.<\/p>\n<p>COMPONENTES ANAL\u00cdTICOS<br \/>\nProte\u00edna bruta 35,00%; grasa bruta 20,00%; fibra bruta 1,90%; humedad 9,00%; ceniza bruta 7,80%; calcio 1,10%; f\u00f3sforo 0,91%; Omega-6 3,40%; Omega-3 0,90%; DHA 0,50%; EPA 0,30%; glucosamina 1400mg\/kg; condroit\u00edn sulfato 1100mg\/kg.<\/p>\n<p>VALOR ENERG\u00c9TICO<br \/>\nEM Kcal\/Kg 4150 &#8211; Mj\/Kg 17,36<\/p>","protected":false},"excerpt":{"rendered":"<p>Farmina N&amp;D Grain Free Puppy Calabaza Medium Maxi Pollo 96% Prote\u00edna de origen animal. 0% Conservantes artificiales. 0% Cereales. COMPOSICI\u00d3N Pollo deshuesado (24%), prote\u00edna de&#8230;<\/p>","protected":false},"featured_media":9020,"template":"","meta":[],"etheme_brands":[{"term_id":99,"name":"FARMINA","slug":"farmina","term_group":0,"term_taxonomy_id":99,"taxonomy":"brand","description":"","parent":0,"count":127,"filter":"raw"}],"product_cat":[96,20,88,130],"product_tag":[],"class_list":{"0":"post-9019","1":"product","2":"type-product","3":"status-publish","4":"has-post-thumbnail","6":"brand-farmina","7":"product_cat-todos-los-productos","8":"product_cat-perros","9":"product_cat-pienso-para-perros","10":"product_cat-pienso-cachorros","12":"first","13":"instock","14":"taxable","15":"shipping-taxable","16":"purchasable","17":"product-type-simple"},"jetpack_sharing_enabled":true,"_links":{"self":[{"href":"https:\/\/familycancat.com\/en\/wp-json\/wp\/v2\/product\/9019","targetHints":{"allow":["GET"]}}],"collection":[{"href":"https:\/\/familycancat.com\/en\/wp-json\/wp\/v2\/product"}],"about":[{"href":"https:\/\/familycancat.com\/en\/wp-json\/wp\/v2\/types\/product"}],"version-history":[{"count":1,"href":"https:\/\/familycancat.com\/en\/wp-json\/wp\/v2\/product\/9019\/revisions"}],"predecessor-version":[{"id":9021,"href":"https:\/\/familycancat.com\/en\/wp-json\/wp\/v2\/product\/9019\/revisions\/9021"}],"wp:featuredmedia":[{"embeddable":true,"href":"https:\/\/familycancat.com\/en\/wp-json\/wp\/v2\/media\/9020"}],"wp:attachment":[{"href":"https:\/\/familycancat.com\/en\/wp-json\/wp\/v2\/media?parent=9019"}],"wp:term":[{"taxonomy":"brand","embeddable":true,"href":"https:\/\/familycancat.com\/en\/wp-json\/wp\/v2\/etheme_brands?post=9019"},{"taxonomy":"product_cat","embeddable":true,"href":"https:\/\/familycancat.com\/en\/wp-json\/wp\/v2\/product_cat?post=9019"},{"taxonomy":"product_tag","embeddable":true,"href":"https:\/\/familycancat.com\/en\/wp-json\/wp\/v2\/product_tag?post=9019"}],"curies":[{"name":"wp","href":"https:\/\/api.w.org\/{rel}","templated":true}]}}