{"id":9008,"date":"2025-04-25T12:33:45","date_gmt":"2025-04-25T11:33:45","guid":{"rendered":"https:\/\/familycancat.com\/?post_type=product&#038;p=9008"},"modified":"2025-04-25T12:33:46","modified_gmt":"2025-04-25T11:33:46","slug":"farmina-nd-dog-ancestral-medium-maxi-cordero-12-kg","status":"publish","type":"product","link":"https:\/\/familycancat.com\/en\/product\/farmina-nd-dog-ancestral-medium-maxi-cordero-12-kg\/","title":{"rendered":"Farmina Nd Dog Ancestral Medium Maxi Cordero 12 kg"},"content":{"rendered":"<h2>Ingredientes de\u00a0Farmina ND Dog Ancestral Grain Medium Maxi Cordero pienso para perros<\/h2>\n<div class=\"box-middle\">\n<div class=\"column\">\n<p class=\"comp\">Cordero deshuesado (20%), prote\u00edna de cordero deshidratada (18%), espelta (10%), avena (10%), huevo entero deshidratado, arenque, prote\u00edna de arenque deshidratado, grasa animal, aceite de pescado (de arenque), pulpa de remolacha deshidratada, fibra de guisante, zanahoria deshidratada, alfalfa deshidratada, inulina, fructo-oligosac\u00e1ridos, extracto de levadura (fuente de manano-oligosac\u00e1ridos), ar\u00e1ndano deshidratado (0.5%), manzana deshidratada, granada deshidratada, naranja dulce deshidratada, espinaca deshidratada, psyllium (0.3%), cloruro de sodio, levadura de cerveza deshidratada, c\u00farcuma (0.2%), glucosamina, condroit\u00edn sulfato.<\/p>\n<p class=\"comp\">\n<div class=\"text1\"><span class=\"titoletto\">ADITIVOS POR KG<\/span><\/p>\n<p class=\"comp\">Aditivos nutricionales: Vitamina A 15000UI; Vitamina D3 1500UI; Vitamina E 600mg; Vitamina C 150mg; Niacina 37.5mg; \u00e1cido pantot\u00e9nico 15mg; Vitamina B2 7.5mg; Vitamina B6 6mg; Vitamina B1 4.5mg; Vitamina H 0.38mg; \u00e1cido f\u00f3lico 0.45mg; Vitamina B12 0.1mg; cloruro de colina 2500mg; Beta-carotenos 1.5mg; quelato de zinc del an\u00e1logo hidroxilado de la metionina 910mg; quelato de manganeso del an\u00e1logo hidroxilado de la metionina 380mg; quelato de hierro del hidrato de glicina 250mg; quelato de cobre del an\u00e1logo hidroxilado de la metionina 88mg; levadura selenizada inactivada 0.40mg; DL-metionina 4000mg; Taurina 1000mg; L-Carnitina 300mg.<br \/>\nAditivos organol\u00e9pticos: extracto de aloe vera 1000mg; extracto de t\u00e9 verde 100mg; extracto de romero.<br \/>\nAntioxidantes: extracto de origen natural rico en tocoferoles.<\/p>\n<\/div>\n<div class=\"text2\"><span class=\"titoletto\">COMPONENTES ANAL\u00cdTICOS<\/span><\/p>\n<p class=\"comp\">Prote\u00edna bruta 28.00%; grasa bruta 18.00%; fibra bruta 2.90%; humedad 9.00%; ceniza bruta 8.20%; Calcio 1.40%; F\u00f3sforo 1.10%; Omega-6 3.30%; Omega-3 0.90%; DHA 0.50%; EPA 0.30%; Glucosamina 1200mg\/kg; Condroit\u00edn sulfato 900mg\/kg.<\/p>\n<p><span class=\"titoletto\">VALOR ENERG\u00c9TICO<\/span><\/p>\n<p class=\"comp\">EM Kcal\/Kg 3941 &#8211; Mj\/Kg 16,49<\/p>\n<\/div>\n<\/div>\n<\/div>","protected":false},"excerpt":{"rendered":"<p>Alimento completo para perros adultos de razas de tama\u00f1o mediano y grande.<br \/>\nElaborado a base de cordero, espelta, avena y ar\u00e1ndanos.<\/p>","protected":false},"featured_media":9009,"template":"","meta":[],"etheme_brands":[{"term_id":99,"name":"FARMINA","slug":"farmina","term_group":0,"term_taxonomy_id":99,"taxonomy":"brand","description":"","parent":0,"count":127,"filter":"raw"}],"product_cat":[96,20,88,132],"product_tag":[],"class_list":{"0":"post-9008","1":"product","2":"type-product","3":"status-publish","4":"has-post-thumbnail","6":"brand-farmina","7":"product_cat-todos-los-productos","8":"product_cat-perros","9":"product_cat-pienso-para-perros","10":"product_cat-pienso-perro-adulto-raza-mediana-grande","12":"first","13":"instock","14":"taxable","15":"shipping-taxable","16":"purchasable","17":"product-type-simple"},"jetpack_sharing_enabled":true,"_links":{"self":[{"href":"https:\/\/familycancat.com\/en\/wp-json\/wp\/v2\/product\/9008","targetHints":{"allow":["GET"]}}],"collection":[{"href":"https:\/\/familycancat.com\/en\/wp-json\/wp\/v2\/product"}],"about":[{"href":"https:\/\/familycancat.com\/en\/wp-json\/wp\/v2\/types\/product"}],"version-history":[{"count":1,"href":"https:\/\/familycancat.com\/en\/wp-json\/wp\/v2\/product\/9008\/revisions"}],"predecessor-version":[{"id":9010,"href":"https:\/\/familycancat.com\/en\/wp-json\/wp\/v2\/product\/9008\/revisions\/9010"}],"wp:featuredmedia":[{"embeddable":true,"href":"https:\/\/familycancat.com\/en\/wp-json\/wp\/v2\/media\/9009"}],"wp:attachment":[{"href":"https:\/\/familycancat.com\/en\/wp-json\/wp\/v2\/media?parent=9008"}],"wp:term":[{"taxonomy":"brand","embeddable":true,"href":"https:\/\/familycancat.com\/en\/wp-json\/wp\/v2\/etheme_brands?post=9008"},{"taxonomy":"product_cat","embeddable":true,"href":"https:\/\/familycancat.com\/en\/wp-json\/wp\/v2\/product_cat?post=9008"},{"taxonomy":"product_tag","embeddable":true,"href":"https:\/\/familycancat.com\/en\/wp-json\/wp\/v2\/product_tag?post=9008"}],"curies":[{"name":"wp","href":"https:\/\/api.w.org\/{rel}","templated":true}]}}