{"id":8892,"date":"2025-04-08T18:31:49","date_gmt":"2025-04-08T17:31:49","guid":{"rendered":"https:\/\/familycancat.com\/?post_type=product&#038;p=8892"},"modified":"2026-01-17T12:48:11","modified_gmt":"2026-01-17T11:48:11","slug":"cats-love-lata-junior-pollo-comida-humeda-400g","status":"publish","type":"product","link":"https:\/\/familycancat.com\/en\/product\/cats-love-lata-junior-pollo-comida-humeda-400g\/","title":{"rendered":"Cats Love Lata Junior Pollo Comida H\u00fameda 400g"},"content":{"rendered":"<h2>Men\u00fa completo Cats Love para gatitos Junior de 2 a 12 Meses de Riqu\u00edsimo Pollo<\/h2>\n<p>Comida h\u00fameda natural para gatitos de 2 a 12 meses, con alto contenido en carne de pollo, desarrollada por veterinarios para una salud \u00f3ptima.<\/p>\n<div class=\"product-subtitle\">Caracter\u00edsticas del producto:<\/div>\n<ul>\n<li>Alto contenido en carne o pescado<\/li>\n<li>Desarrollado por veterinarios<\/li>\n<li>Proporciona nutrientes para una salud \u00f3ptima<\/li>\n<li>Productos regionales y agricultores locales<\/li>\n<li>F\u00f3rmulas supeditadas a leyes austriacas en alimentaci\u00f3n<\/li>\n<\/ul>\n<div class=\"product-subtitle\">Beneficios para tu mascota:<\/div>\n<ul>\n<li>Alimentaci\u00f3n completa y equilibrada<\/li>\n<li>Alta palatabilidad y gran aceptaci\u00f3n<\/li>\n<li>Prote\u00ednas esenciales en su forma m\u00e1s natural<\/li>\n<li>Pelo sano y brillante gracias a los \u00e1cidos grasos esenciales<\/li>\n<li>Apto para gatos sensibles<\/li>\n<li>Contiene taurina y vitaminas necesarias<\/li>\n<li>100% natural, sin aromas artificiales ni aditivos qu\u00edmicos<\/li>\n<\/ul>\n<div class=\"product-subtitle\">Ingredientes:<\/div>\n<table>\n<tbody>\n<tr>\n<th>Ingrediente<\/th>\n<th>% de total<\/th>\n<\/tr>\n<tr>\n<td>Pollo<\/td>\n<td>92%<\/td>\n<\/tr>\n<tr>\n<td>Minerales<\/td>\n<td>nd<\/td>\n<\/tr>\n<tr>\n<td>Aceite de c\u00e1rtamo<\/td>\n<td>0.25%<\/td>\n<\/tr>\n<tr>\n<td>Harina de cal de algas molida<\/td>\n<td>0.1%<\/td>\n<\/tr>\n<\/tbody>\n<\/table>\n<p>Listado completo: Pollo 92% (carne de pollo 43%, corazones de pollo 40%, h\u00edgado de pollo 9%), minerales, aceite de c\u00e1rtamo 0,25%, caliza de algas 0,1%.<\/p>\n<div class=\"product-subtitle\">Componentes:<\/div>\n<table>\n<tbody>\n<tr>\n<th>Componente<\/th>\n<th>Porcentaje<\/th>\n<\/tr>\n<tr>\n<td>Prote\u00edna cruda<\/td>\n<td>12%<\/td>\n<\/tr>\n<tr>\n<td>Grasa cruda<\/td>\n<td>9.5%<\/td>\n<\/tr>\n<tr>\n<td>Ceniza cruda<\/td>\n<td>2%<\/td>\n<\/tr>\n<tr>\n<td>Fibra cruda<\/td>\n<td>1%<\/td>\n<\/tr>\n<tr>\n<td>Omega-3<\/td>\n<td>0.1%<\/td>\n<\/tr>\n<tr>\n<td>Omega-6<\/td>\n<td>1.3%<\/td>\n<\/tr>\n<tr>\n<td>Contenido de humedad<\/td>\n<td>73%<\/td>\n<\/tr>\n<\/tbody>\n<\/table>\n<div class=\"product-subtitle\">Resumen:<\/div>\n<p>Alimentaci\u00f3n completa y equilibrada para gatitos con sabor a pollo, con alta palatabilidad y gran aceptaci\u00f3n.<\/p>","protected":false},"excerpt":{"rendered":"<p>Comida h\u00fameda natural para gatitos o gatos junior.<\/p>","protected":false},"featured_media":8893,"template":"","meta":[],"etheme_brands":[{"term_id":138,"name":"CAT LOVE","slug":"cat-love","term_group":0,"term_taxonomy_id":138,"taxonomy":"brand","description":"","parent":0,"count":31,"filter":"raw"}],"product_cat":[96,25,83],"product_tag":[],"class_list":{"0":"post-8892","1":"product","2":"type-product","3":"status-publish","4":"has-post-thumbnail","6":"brand-cat-love","7":"product_cat-todos-los-productos","8":"product_cat-gatos","9":"product_cat-comida-humeda-para-gatos","11":"first","12":"instock","13":"taxable","14":"shipping-taxable","15":"purchasable","16":"product-type-simple"},"jetpack_sharing_enabled":true,"_links":{"self":[{"href":"https:\/\/familycancat.com\/en\/wp-json\/wp\/v2\/product\/8892","targetHints":{"allow":["GET"]}}],"collection":[{"href":"https:\/\/familycancat.com\/en\/wp-json\/wp\/v2\/product"}],"about":[{"href":"https:\/\/familycancat.com\/en\/wp-json\/wp\/v2\/types\/product"}],"version-history":[{"count":1,"href":"https:\/\/familycancat.com\/en\/wp-json\/wp\/v2\/product\/8892\/revisions"}],"predecessor-version":[{"id":8894,"href":"https:\/\/familycancat.com\/en\/wp-json\/wp\/v2\/product\/8892\/revisions\/8894"}],"wp:featuredmedia":[{"embeddable":true,"href":"https:\/\/familycancat.com\/en\/wp-json\/wp\/v2\/media\/8893"}],"wp:attachment":[{"href":"https:\/\/familycancat.com\/en\/wp-json\/wp\/v2\/media?parent=8892"}],"wp:term":[{"taxonomy":"brand","embeddable":true,"href":"https:\/\/familycancat.com\/en\/wp-json\/wp\/v2\/etheme_brands?post=8892"},{"taxonomy":"product_cat","embeddable":true,"href":"https:\/\/familycancat.com\/en\/wp-json\/wp\/v2\/product_cat?post=8892"},{"taxonomy":"product_tag","embeddable":true,"href":"https:\/\/familycancat.com\/en\/wp-json\/wp\/v2\/product_tag?post=8892"}],"curies":[{"name":"wp","href":"https:\/\/api.w.org\/{rel}","templated":true}]}}