{"id":8880,"date":"2025-04-08T16:42:46","date_gmt":"2025-04-08T15:42:46","guid":{"rendered":"https:\/\/familycancat.com\/?post_type=product&#038;p=8880"},"modified":"2026-01-28T11:39:55","modified_gmt":"2026-01-28T10:39:55","slug":"natural-greatness-vet-cat-gastrointestinal-15-kg","status":"publish","type":"product","link":"https:\/\/familycancat.com\/en\/product\/natural-greatness-vet-cat-gastrointestinal-15-kg\/","title":{"rendered":"Natural Greatness Vet Cat Gastrointestinal 1,5 kg"},"content":{"rendered":"<p>Composici\u00f3n:<\/p>\n<p>Carne fresca de Pavo 40%, Carne de Pavo deshidratada 13%, Guisantes, Patata, Aceite de Pollo 7,6%, Prote\u00edna de patata, Hidrolizado de carne de pavo 2,5%, Pulpa de remolacha, Hidrolizado de h\u00edgado de Pavo 1,7%, Prote\u00edna de guisantes, Calabaza deshidratada 1,1% (equivalente a 11% de calabaza fresca), Algarroba, Aceite de Salm\u00f3n 0,5%, Cloruro pot\u00e1sico, Levadura de cerveza, Achicoria, Mix de frutas 0,3% (manzana y ciruela), Mix vegetales 0,3% (tomate, or\u00e9gano, salvia, romero, manzanilla), Extracto de malta, Inulina (FOS), Pared celular hidrolizada de levaduras (fuente de MOS), Cloruro s\u00f3dico, Bentonita 0,1%, Glucosamina, Sulfato de condroitina. E.M: 4.087 Kcal\/kg.<\/p>","protected":false},"excerpt":{"rendered":"<p>Natural Greatness Cat Gastrointestinal es un alimento seco formulado para gatos adultos con trastornos de la absorci\u00f3n intestinal. Este alimento se caracteriza por la presencia de prebi\u00f3ticos MOS para la mejora en la absorci\u00f3n de nutrientes, as\u00ed como de una alta digestibilidad gracias a su mayor contenido de sodio y potasio, adem\u00e1s de prote\u00ednas de alto valor biol\u00f3gico de origen animal.<\/p>","protected":false},"featured_media":8882,"template":"","meta":[],"etheme_brands":[{"term_id":101,"name":"NATURAL GREATNESS","slug":"natural-greatness","term_group":0,"term_taxonomy_id":101,"taxonomy":"brand","description":"","parent":0,"count":73,"filter":"raw"}],"product_cat":[96,25,21],"product_tag":[],"class_list":{"0":"post-8880","1":"product","2":"type-product","3":"status-publish","4":"has-post-thumbnail","6":"brand-natural-greatness","7":"product_cat-todos-los-productos","8":"product_cat-gatos","9":"product_cat-pienso-gatos","11":"first","12":"instock","13":"taxable","14":"shipping-taxable","15":"purchasable","16":"product-type-simple"},"jetpack_sharing_enabled":true,"_links":{"self":[{"href":"https:\/\/familycancat.com\/en\/wp-json\/wp\/v2\/product\/8880","targetHints":{"allow":["GET"]}}],"collection":[{"href":"https:\/\/familycancat.com\/en\/wp-json\/wp\/v2\/product"}],"about":[{"href":"https:\/\/familycancat.com\/en\/wp-json\/wp\/v2\/types\/product"}],"version-history":[{"count":1,"href":"https:\/\/familycancat.com\/en\/wp-json\/wp\/v2\/product\/8880\/revisions"}],"predecessor-version":[{"id":8881,"href":"https:\/\/familycancat.com\/en\/wp-json\/wp\/v2\/product\/8880\/revisions\/8881"}],"wp:featuredmedia":[{"embeddable":true,"href":"https:\/\/familycancat.com\/en\/wp-json\/wp\/v2\/media\/8882"}],"wp:attachment":[{"href":"https:\/\/familycancat.com\/en\/wp-json\/wp\/v2\/media?parent=8880"}],"wp:term":[{"taxonomy":"brand","embeddable":true,"href":"https:\/\/familycancat.com\/en\/wp-json\/wp\/v2\/etheme_brands?post=8880"},{"taxonomy":"product_cat","embeddable":true,"href":"https:\/\/familycancat.com\/en\/wp-json\/wp\/v2\/product_cat?post=8880"},{"taxonomy":"product_tag","embeddable":true,"href":"https:\/\/familycancat.com\/en\/wp-json\/wp\/v2\/product_tag?post=8880"}],"curies":[{"name":"wp","href":"https:\/\/api.w.org\/{rel}","templated":true}]}}