{"id":8857,"date":"2025-04-07T10:37:47","date_gmt":"2025-04-07T09:37:47","guid":{"rendered":"https:\/\/familycancat.com\/?post_type=product&#038;p=8857"},"modified":"2025-06-27T16:46:52","modified_gmt":"2025-06-27T15:46:52","slug":"frontpro-comprimidos-masticables-antiparasitario-para-perros-10-25kg","status":"publish","type":"product","link":"https:\/\/familycancat.com\/en\/product\/frontpro-comprimidos-masticables-antiparasitario-para-perros-10-25kg\/","title":{"rendered":"Frontpro Comprimidos Masticables Antiparasitario para perros 10-25Kg"},"content":{"rendered":"<div class=\"product-page-details__content is-short\">\n<p>Pastillas antiparasitarias externas para perros de todas las razas, son f\u00e1ciles de administrar, eliminan los par\u00e1sitos externos como pulgas y garrapatas, de efecto r\u00e1pido y eficaz.<\/p>\n<\/div>\n<div class=\"product-page-details__content is-long\">\n<h2>Comprimidos masticables antiparasitarios para perros<\/h2>\n<p>Las\u00a0<strong>pulgas\u00a0<\/strong>y\u00a0<strong>garrapatas\u00a0<\/strong>son par\u00e1sitos que\u00a0se alimentan de la sangre de tu\u00a0<strong>perro<\/strong>, atacan su sistema inmunitario y le transmiten<strong>\u00a0enfermedades peligrosas<\/strong>, e incluso contagiosas para las personas.\u00a0Estos tambi\u00e9n\u00a0pueden\u00a0esconderse\u00a0en\u00a0los muebles, paredes o suelos, provocando un mayor riesgo de contaminaci\u00f3n.<\/p>\n<p>Frontpro presenta estos<strong>\u00a0comprimidos masticables antiparasitarios para perros<\/strong>, los cuales<strong>\u00a0erradican a los par\u00e1sitos externos con solo un<\/strong><strong>\u00a0comprimido al mes<\/strong>.<strong>\u00a0<\/strong>Su principio activo es\u00a0<strong>Afoxolaner<\/strong>,\u00a0el cual es un\u00a0<strong>insecticida y acaricida<\/strong>\u00a0que provoca una\u00a0reacci\u00f3n en el sistema nervioso central del perro, para\u00a0<strong>matar a\u00a0las pulgas, garrapatas y \u00e1caros<\/strong>, incluso desde antes de que pongan huevos.<\/p>\n<p>Estos\u00a0<strong>comprimidos\u00a0antipulgas\u00a0<\/strong>y\u00a0<strong>garrapatas\u00a0<\/strong>Frontpro\u00a0sirven para\u00a0<strong>tratar las infestaciones por pulgas, garrapatas y \u00e1caros<\/strong>\u00a0adem\u00e1s de enfermedades\u00a0como la\u00a0<strong>demodicosis y la sarna sarc\u00f3ptica<\/strong>. Su\u00a0<strong>acci\u00f3n r\u00e1pida<\/strong>\u00a0hace que las\u00a0<strong>pulgas\u00a0<\/strong>mueran en las primeras 8 horas y las garrapatas en un plazo de 48 horas.<\/p>\n<p>Est\u00e1\u00a0<strong>disponible en diferentes formatos<\/strong>, indicados seg\u00fan el peso de la mascota. La presentaci\u00f3n de 11 mg es adecuada para perros peque\u00f1os de 2 a 4 kilos de peso corporal. El formato de 28 mg es para perros entre los 4 y 10 kilos. Para las mascotas medianas o grandes de entre 10 a 25 kilos, hay un formato de Frontpro de 68 mg. Finalmente, para las razas m\u00e1s grandes, de 25 a 50 kilos, se debe administrar el Frontpro de 136 mg.<\/p>\n<p>Es de<strong>\u00a0sabor es agradable<\/strong>\u00a0para el perro, as\u00ed que se lo puede ofrecer de forma directa o, integrado con su comida.\u00a0Recuerda quedebes consultar con el veterinario antes de dar Frontpro durantete la gestaci\u00f3n y lactancia o a cachorros de menos de 8 semanas y\/o perros que pesen menos de 2 kg.<\/p>\n<\/div>","protected":false},"excerpt":{"rendered":"<p>Pastillas antiparasitarias externas para perros de todas las razas, son f\u00e1ciles de administrar, eliminan los par\u00e1sitos externos como pulgas y garrapatas, de efecto r\u00e1pido y&#8230;<\/p>","protected":false},"featured_media":8858,"template":"","meta":[],"etheme_brands":[{"term_id":141,"name":"FRONTPRO","slug":"frontpro","term_group":0,"term_taxonomy_id":141,"taxonomy":"brand","description":"","parent":0,"count":4,"filter":"raw"}],"product_cat":[96,20,91],"product_tag":[],"class_list":{"0":"post-8857","1":"product","2":"type-product","3":"status-publish","4":"has-post-thumbnail","6":"brand-frontpro","7":"product_cat-todos-los-productos","8":"product_cat-perros","9":"product_cat-antiparasitos-y-repelentes","11":"first","12":"instock","13":"taxable","14":"shipping-taxable","15":"purchasable","16":"product-type-simple"},"jetpack_sharing_enabled":true,"_links":{"self":[{"href":"https:\/\/familycancat.com\/en\/wp-json\/wp\/v2\/product\/8857","targetHints":{"allow":["GET"]}}],"collection":[{"href":"https:\/\/familycancat.com\/en\/wp-json\/wp\/v2\/product"}],"about":[{"href":"https:\/\/familycancat.com\/en\/wp-json\/wp\/v2\/types\/product"}],"version-history":[{"count":1,"href":"https:\/\/familycancat.com\/en\/wp-json\/wp\/v2\/product\/8857\/revisions"}],"predecessor-version":[{"id":8859,"href":"https:\/\/familycancat.com\/en\/wp-json\/wp\/v2\/product\/8857\/revisions\/8859"}],"wp:featuredmedia":[{"embeddable":true,"href":"https:\/\/familycancat.com\/en\/wp-json\/wp\/v2\/media\/8858"}],"wp:attachment":[{"href":"https:\/\/familycancat.com\/en\/wp-json\/wp\/v2\/media?parent=8857"}],"wp:term":[{"taxonomy":"brand","embeddable":true,"href":"https:\/\/familycancat.com\/en\/wp-json\/wp\/v2\/etheme_brands?post=8857"},{"taxonomy":"product_cat","embeddable":true,"href":"https:\/\/familycancat.com\/en\/wp-json\/wp\/v2\/product_cat?post=8857"},{"taxonomy":"product_tag","embeddable":true,"href":"https:\/\/familycancat.com\/en\/wp-json\/wp\/v2\/product_tag?post=8857"}],"curies":[{"name":"wp","href":"https:\/\/api.w.org\/{rel}","templated":true}]}}