{"id":8839,"date":"2025-04-02T17:40:24","date_gmt":"2025-04-02T16:40:24","guid":{"rendered":"https:\/\/familycancat.com\/?post_type=product&#038;p=8839"},"modified":"2026-04-09T18:48:19","modified_gmt":"2026-04-09T17:48:19","slug":"applaws-cat-lata-atun-y-gambas-156-gr","status":"publish","type":"product","link":"https:\/\/familycancat.com\/en\/product\/applaws-cat-lata-atun-y-gambas-156-gr\/","title":{"rendered":"Applaws Cat Lata At\u00fan y Gambas 156 Gr"},"content":{"rendered":"","protected":false},"excerpt":{"rendered":"<p>Las latas de alimento h\u00famedo para gatos de\u00a0<strong>Applaws At\u00fan y Gambas<\/strong>\u00a0tienen como ingredientes principales pescado de mar y gambas cocinadas en caldo de pescado y una porci\u00f3n de arroz. Es la comida ideal para que tu mascota tenga una alimentaci\u00f3n completa y equilibrada y puedas complementarla tambi\u00e9n con un alimento seco.<\/p>","protected":false},"featured_media":8840,"template":"","meta":[],"etheme_brands":[{"term_id":104,"name":"APPLAWS","slug":"applaws","term_group":0,"term_taxonomy_id":104,"taxonomy":"brand","description":"","parent":0,"count":67,"filter":"raw"}],"product_cat":[96,25,83],"product_tag":[],"class_list":{"0":"post-8839","1":"product","2":"type-product","3":"status-publish","4":"has-post-thumbnail","6":"brand-applaws","7":"product_cat-todos-los-productos","8":"product_cat-gatos","9":"product_cat-comida-humeda-para-gatos","11":"first","12":"instock","13":"taxable","14":"shipping-taxable","15":"purchasable","16":"product-type-simple"},"jetpack_sharing_enabled":true,"_links":{"self":[{"href":"https:\/\/familycancat.com\/en\/wp-json\/wp\/v2\/product\/8839","targetHints":{"allow":["GET"]}}],"collection":[{"href":"https:\/\/familycancat.com\/en\/wp-json\/wp\/v2\/product"}],"about":[{"href":"https:\/\/familycancat.com\/en\/wp-json\/wp\/v2\/types\/product"}],"version-history":[{"count":1,"href":"https:\/\/familycancat.com\/en\/wp-json\/wp\/v2\/product\/8839\/revisions"}],"predecessor-version":[{"id":8841,"href":"https:\/\/familycancat.com\/en\/wp-json\/wp\/v2\/product\/8839\/revisions\/8841"}],"wp:featuredmedia":[{"embeddable":true,"href":"https:\/\/familycancat.com\/en\/wp-json\/wp\/v2\/media\/8840"}],"wp:attachment":[{"href":"https:\/\/familycancat.com\/en\/wp-json\/wp\/v2\/media?parent=8839"}],"wp:term":[{"taxonomy":"brand","embeddable":true,"href":"https:\/\/familycancat.com\/en\/wp-json\/wp\/v2\/etheme_brands?post=8839"},{"taxonomy":"product_cat","embeddable":true,"href":"https:\/\/familycancat.com\/en\/wp-json\/wp\/v2\/product_cat?post=8839"},{"taxonomy":"product_tag","embeddable":true,"href":"https:\/\/familycancat.com\/en\/wp-json\/wp\/v2\/product_tag?post=8839"}],"curies":[{"name":"wp","href":"https:\/\/api.w.org\/{rel}","templated":true}]}}